{"id":725717,"date":"2025-08-27T19:55:01","date_gmt":"2025-08-27T16:55:01","guid":{"rendered":"https:\/\/roveyayinevi.com.tr\/index.php\/urun\/dort-mevsim-boyama-kitabi\/"},"modified":"2026-04-16T02:33:35","modified_gmt":"2026-04-15T23:33:35","slug":"dort-mevsim-boyama-kitabi","status":"publish","type":"product","link":"https:\/\/roveyayinevi.com.tr\/index.php\/urun\/dort-mevsim-boyama-kitabi\/","title":{"rendered":"D\u00f6rt Mevsim Boyama Kitab\u0131"},"content":{"rendered":"<p>Ardersen \u00f6d\u00fcll\u00fc \u00e7izerRotraut Susanne Berner\u2019denBoyama kitaplar\u0131n\u0131n en farkl\u0131s\u0131,en e\u011flencelisiyle tan\u0131\u015f\u0131n!K\u0131\u015f, Bahar, Yaz ve G\u00fcz kitaplar\u0131n\u0131n yarat\u0131c\u0131s\u0131ndanmuhte\u015fem bir boyama kitab\u0131!\u00c7ocuklar, bu geni\u015f sayfal\u0131 kitaptaki k\u0131sa \u00f6yk\u00fcler sayesindehem renklerin hem kendi ba\u015flar\u0131na hik\u00e2ye kurman\u0131n keyfine varacaklar!Ka\u011f\u0131ttan modeller, kesilebilir ve boyanabilir d\u00f6rt mevsim k\u0131yafetleri vebirtak\u0131m \u201cgizli\u201d s\u00fcrprizler onlar\u0131 bekliyor!<\/p>\n","protected":false},"excerpt":{"rendered":"<p>Ardersen \u00f6d\u00fcll\u00fc \u00e7izerRotraut Susanne Berner\u2019denBoyama kitaplar\u0131n\u0131n en farkl\u0131s\u0131,en e\u011flencelisiyle tan\u0131\u015f\u0131n!K\u0131\u015f, Bahar, Yaz ve G\u00fcz kitaplar\u0131n\u0131n yarat\u0131c\u0131s\u0131ndanmuhte\u015fem bir boyama kitab\u0131!\u00c7ocuklar, bu geni\u015f sayfal\u0131 kitaptaki k\u0131sa \u00f6yk\u00fcler sayesindehem<span class=\"excerpt-hellip\"> [\u2026]<\/span><\/p>\n","protected":false},"featured_media":0,"template":"","meta":{"_monsterinsights_skip_tracking":false,"_monsterinsights_sitenote_active":false,"_monsterinsights_sitenote_note":"","_monsterinsights_sitenote_category":0},"product_brand":[],"product_cat":[12644,12274],"product_tag":[],"class_list":{"0":"post-725717","1":"product","2":"type-product","3":"status-publish","5":"product_cat-boyama-kitaplari","6":"product_cat-cocuk-ve-genclik-kitaplari","7":"pa_cilt-ciltsiz","8":"pa_tur-kitap","9":"pa_yayinevi-kuraldisi-yayinevi","10":"pa_yazar-rotraut-susanne-berner","12":"first","13":"instock","14":"sale","15":"shipping-taxable","16":"purchasable","17":"product-type-simple"},"_links":{"self":[{"href":"https:\/\/roveyayinevi.com.tr\/index.php\/wp-json\/wp\/v2\/product\/725717","targetHints":{"allow":["GET"]}}],"collection":[{"href":"https:\/\/roveyayinevi.com.tr\/index.php\/wp-json\/wp\/v2\/product"}],"about":[{"href":"https:\/\/roveyayinevi.com.tr\/index.php\/wp-json\/wp\/v2\/types\/product"}],"wp:attachment":[{"href":"https:\/\/roveyayinevi.com.tr\/index.php\/wp-json\/wp\/v2\/media?parent=725717"}],"wp:term":[{"taxonomy":"product_brand","embeddable":true,"href":"https:\/\/roveyayinevi.com.tr\/index.php\/wp-json\/wp\/v2\/product_brand?post=725717"},{"taxonomy":"product_cat","embeddable":true,"href":"https:\/\/roveyayinevi.com.tr\/index.php\/wp-json\/wp\/v2\/product_cat?post=725717"},{"taxonomy":"product_tag","embeddable":true,"href":"https:\/\/roveyayinevi.com.tr\/index.php\/wp-json\/wp\/v2\/product_tag?post=725717"}],"curies":[{"name":"wp","href":"https:\/\/api.w.org\/{rel}","templated":true}]}}