{"id":725715,"date":"2025-08-27T19:54:59","date_gmt":"2025-08-27T16:54:59","guid":{"rendered":"https:\/\/roveyayinevi.com.tr\/index.php\/urun\/cimri-6\/"},"modified":"2026-04-16T02:33:35","modified_gmt":"2026-04-15T23:33:35","slug":"cimri-6","status":"publish","type":"product","link":"https:\/\/roveyayinevi.com.tr\/index.php\/urun\/cimri-6\/","title":{"rendered":"Cimri"},"content":{"rendered":"<p>\u201cAh, insan sevdi\u011fine ne kadar da kolay inan\u0131yor!\u201dFrans\u0131z komedi yazar Moli\u00e8re taraf\u0131ndan yaz\u0131lan ve g\u00fcn\u00fcm\u00fcze kadar be\u011fenilerek gelen Cimri, varyemezli\u011fin sonu\u00e7lar\u0131n\u0131 en g\u00fcl\u00fcn\u00e7 ve en dramatik yollarla anlat\u0131yor. Mal\u0131na m\u00fclk\u00fcne fazlas\u0131yla d\u00fc\u015fk\u00fcn bir adam, \u00f6nce \u00e7ocuklar\u0131na sonra \u00e7evresindekilere hayat\u0131 zindan eder. B\u00f6ylelikle yalanlara ve oyunlara sebebiyet vererek kand\u0131r\u0131lmaya maruz kal\u0131r. \u0130lk kez 1668 y\u0131l\u0131nda Palais Royal\u2019da oynanan oyun, d\u00f6nemin Frans\u0131z burjuvalar\u0131n\u0131 ele\u015ftirir. Harpagon rol\u00fcn\u00fc sa\u011fl\u0131k sorunlar\u0131 ya\u015famas\u0131na ra\u011fmen Moli\u00e8re \u00fcstlenir. Metnin \u00e7\u0131k\u0131\u015f noktas\u0131, Antik Romal\u0131 komedya yazar\u0131 Plautus\u2019un Alt\u0131n \u00c7\u00f6mlek adl\u0131 komedyas\u0131d\u0131r. Osmanl\u0131\u2019da \u00e7eviri ve adaptasyonlar\u0131yla \u00fcnl\u00fc Teodor Kasap taraf\u0131ndan Pinti Hamit ad\u0131yla dilimize uyarlanm\u0131\u015ft\u0131r. <\/p>\n","protected":false},"excerpt":{"rendered":"<p>\u201cAh, insan sevdi\u011fine ne kadar da kolay inan\u0131yor!\u201dFrans\u0131z komedi yazar Moli\u00e8re taraf\u0131ndan yaz\u0131lan ve g\u00fcn\u00fcm\u00fcze kadar be\u011fenilerek gelen Cimri, varyemezli\u011fin sonu\u00e7lar\u0131n\u0131 en g\u00fcl\u00fcn\u00e7 ve en dramatik<span class=\"excerpt-hellip\"> [\u2026]<\/span><\/p>\n","protected":false},"featured_media":0,"template":"","meta":{"_monsterinsights_skip_tracking":false,"_monsterinsights_sitenote_active":false,"_monsterinsights_sitenote_note":"","_monsterinsights_sitenote_category":0},"product_brand":[],"product_cat":[12291,14272],"product_tag":[],"class_list":{"0":"post-725715","1":"product","2":"type-product","3":"status-publish","5":"product_cat-edebiyat","6":"product_cat-tiyatro","7":"pa_cilt-ciltsiz","8":"pa_tur-kitap","9":"pa_yayinevi-ren-kitap","10":"pa_yazar-jean-baptiste-poquelin-moliere","12":"first","13":"instock","14":"sale","15":"shipping-taxable","16":"purchasable","17":"product-type-simple"},"_links":{"self":[{"href":"https:\/\/roveyayinevi.com.tr\/index.php\/wp-json\/wp\/v2\/product\/725715","targetHints":{"allow":["GET"]}}],"collection":[{"href":"https:\/\/roveyayinevi.com.tr\/index.php\/wp-json\/wp\/v2\/product"}],"about":[{"href":"https:\/\/roveyayinevi.com.tr\/index.php\/wp-json\/wp\/v2\/types\/product"}],"wp:attachment":[{"href":"https:\/\/roveyayinevi.com.tr\/index.php\/wp-json\/wp\/v2\/media?parent=725715"}],"wp:term":[{"taxonomy":"product_brand","embeddable":true,"href":"https:\/\/roveyayinevi.com.tr\/index.php\/wp-json\/wp\/v2\/product_brand?post=725715"},{"taxonomy":"product_cat","embeddable":true,"href":"https:\/\/roveyayinevi.com.tr\/index.php\/wp-json\/wp\/v2\/product_cat?post=725715"},{"taxonomy":"product_tag","embeddable":true,"href":"https:\/\/roveyayinevi.com.tr\/index.php\/wp-json\/wp\/v2\/product_tag?post=725715"}],"curies":[{"name":"wp","href":"https:\/\/api.w.org\/{rel}","templated":true}]}}