{"id":725712,"date":"2025-08-27T19:54:57","date_gmt":"2025-08-27T16:54:57","guid":{"rendered":"https:\/\/roveyayinevi.com.tr\/index.php\/urun\/kakazoo\/"},"modified":"2026-04-16T02:33:35","modified_gmt":"2026-04-15T23:33:35","slug":"kakazoo","status":"publish","type":"product","link":"https:\/\/roveyayinevi.com.tr\/index.php\/urun\/kakazoo\/","title":{"rendered":"Kakazoo"},"content":{"rendered":"<p>Tuvaleti sevdirecek kitaplar: Kakaloji, Kakademi ve KakazooKakaloji, Kakademi ve Kakazoo, minik ellerle kavu\u015fmak \u00fczere yola \u00e7\u0131k\u0131yor. De\u011ferli akademisyenler taraf\u0131ndan \u00f6zenle haz\u0131rlanan bu \u00fc\u00e7 kitap, tuvalet al\u0131\u015fkanl\u0131\u011f\u0131 konusuna e\u011filirken bilimin \u00f6nemine g\u00f6z k\u0131rpacak, beslenme ve sa\u011fl\u0131k konular\u0131ndan ekolojik dengeye kadar pek \u00e7ok durakta soluklanacak.Bir de hepimizi epey g\u00fcld\u00fcrecek. Biz \u00e7ok e\u011flendik, \u015fimdi s\u0131ra sizde\u2026KAKAZOOBir Kakadan \u00c7ok Daha Fazlas\u0131: Ekolojik DengeKakaloglar g\u00f6rd\u00fc ki t\u00fcm hayvanlar birbirinden farkl\u0131. Elbette kakalar\u0131 da\u2026 Peki, onca kakaya ne oluyor, bunu hi\u00e7 d\u00fc\u015f\u00fcnd\u00fcn m\u00fc? Bir hayvan\u0131n kakas\u0131, di\u011fer canl\u0131lar i\u00e7in besin kayna\u011f\u0131 olabilir mi? Haz\u0131rsan kakaloglarla d\u00fcnyay\u0131 dola\u015faca\u011f\u0131z. \u0130\u00e7erisi \u00e7ok e\u011flenceli, biraz da kokulu. \u00d6yle uzaktan bakma, haydi, gel sen de. Bir kakadan \u00e7ok daha fazlas\u0131 buradTema: Gezegeni payla\u015fmakKavramlar ve Anahtar S\u00f6zc\u00fckler: Bitkiler\/Hayvanlar, DO\u011eA VE EVREN, ara\u015ft\u0131rma, g\u00f6zlem, d\u00f6ng\u00fcler, bilim, g\u00fcbre, do\u011faTutum ve De\u011ferler: Merak, istekli olma, de\u011fer bilmeProfil \u00d6\u011feleri: Sorgulayan, d\u00fc\u015f\u00fcnen, bilgili <\/p>\n","protected":false},"excerpt":{"rendered":"<p>Tuvaleti sevdirecek kitaplar: Kakaloji, Kakademi ve KakazooKakaloji, Kakademi ve Kakazoo, minik ellerle kavu\u015fmak \u00fczere yola \u00e7\u0131k\u0131yor. De\u011ferli akademisyenler taraf\u0131ndan \u00f6zenle haz\u0131rlanan bu \u00fc\u00e7 kitap, tuvalet al\u0131\u015fkanl\u0131\u011f\u0131<span class=\"excerpt-hellip\"> [\u2026]<\/span><\/p>\n","protected":false},"featured_media":0,"template":"","meta":{"_monsterinsights_skip_tracking":false,"_monsterinsights_sitenote_active":false,"_monsterinsights_sitenote_note":"","_monsterinsights_sitenote_category":0},"product_brand":[],"product_cat":[12274,12518],"product_tag":[],"class_list":{"0":"post-725712","1":"product","2":"type-product","3":"status-publish","5":"product_cat-cocuk-ve-genclik-kitaplari","6":"product_cat-okul-oncesi-kitaplar","7":"pa_cilt-ciltsiz","8":"pa_tur-kitap","9":"pa_yayinevi-turta-kitap","10":"pa_yazar-turta-kolektif","12":"first","13":"instock","14":"sale","15":"shipping-taxable","16":"purchasable","17":"product-type-simple"},"_links":{"self":[{"href":"https:\/\/roveyayinevi.com.tr\/index.php\/wp-json\/wp\/v2\/product\/725712","targetHints":{"allow":["GET"]}}],"collection":[{"href":"https:\/\/roveyayinevi.com.tr\/index.php\/wp-json\/wp\/v2\/product"}],"about":[{"href":"https:\/\/roveyayinevi.com.tr\/index.php\/wp-json\/wp\/v2\/types\/product"}],"wp:attachment":[{"href":"https:\/\/roveyayinevi.com.tr\/index.php\/wp-json\/wp\/v2\/media?parent=725712"}],"wp:term":[{"taxonomy":"product_brand","embeddable":true,"href":"https:\/\/roveyayinevi.com.tr\/index.php\/wp-json\/wp\/v2\/product_brand?post=725712"},{"taxonomy":"product_cat","embeddable":true,"href":"https:\/\/roveyayinevi.com.tr\/index.php\/wp-json\/wp\/v2\/product_cat?post=725712"},{"taxonomy":"product_tag","embeddable":true,"href":"https:\/\/roveyayinevi.com.tr\/index.php\/wp-json\/wp\/v2\/product_tag?post=725712"}],"curies":[{"name":"wp","href":"https:\/\/api.w.org\/{rel}","templated":true}]}}