{"id":725710,"date":"2025-08-27T19:54:55","date_gmt":"2025-08-27T16:54:55","guid":{"rendered":"https:\/\/roveyayinevi.com.tr\/index.php\/urun\/kakademi\/"},"modified":"2026-04-16T02:33:35","modified_gmt":"2026-04-15T23:33:35","slug":"kakademi","status":"publish","type":"product","link":"https:\/\/roveyayinevi.com.tr\/index.php\/urun\/kakademi\/","title":{"rendered":"Kakademi"},"content":{"rendered":"<p>Tuvaleti sevdirecek kitaplar: Kakaloji, Kakademi ve KakazooKakaloji, Kakademi ve Kakazoo, minik ellerle kavu\u015fmak \u00fczere yola \u00e7\u0131k\u0131yor. De\u011ferli akademisyenler taraf\u0131ndan \u00f6zenle haz\u0131rlanan bu \u00fc\u00e7 kitap, tuvalet al\u0131\u015fkanl\u0131\u011f\u0131 konusuna e\u011filirken bilimin \u00f6nemine g\u00f6z k\u0131rpacak, beslenme ve sa\u011fl\u0131k konular\u0131ndan ekolojik dengeye kadar pek \u00e7ok durakta soluklanacak.Bir de hepimizi epey g\u00fcld\u00fcrecek. Biz \u00e7ok e\u011flendik, \u015fimdi s\u0131ra sizde\u2026KAKADEM\u0130Birtak\u0131m Kakademik \u0130\u015flerKakaloji biliminin do\u011fu\u015fuyla Kakademi kuruldu. Art\u0131k bilimsel ara\u015ft\u0131rmalar burada yap\u0131lacakt\u0131. T\u00fcm h\u00fccrelerimiz merakla doldu, bilimin tad\u0131n\u0131 ald\u0131. Bizim tatl\u0131 kakaloglar da kakademik i\u015fler i\u00e7in heyecanla yola koyuldular. Bakal\u0131m Profes\u00f6r Kakapof ve ekibini neler bekliyor? Yiyip i\u00e7tiklerimiz bizi nas\u0131l etkiliyor? Kakazor, Kakaflo\u015f ve Kakabaz\u2019la tan\u0131\u015fmaya haz\u0131r m\u0131s\u0131n? Tema: Kim oldu\u011fumuzKavramlar ve Anahtar S\u00f6zc\u00fckler: Ara\u015ft\u0131rma, sebep-sonu\u00e7, \u015fekil, bilim, kendini tan\u0131ma, \u00f6z y\u00f6netim, \u00f6z bak\u0131m, \u00f6zellikler, SA\u011eLIK VE SPOR, beslenmeTutum ve De\u011ferler: Merak, istekli olma, ba\u011fl\u0131l\u0131kProfil \u00d6\u011feleri: Sorgulayan, d\u00fc\u015f\u00fcnen, bilgili<\/p>\n","protected":false},"excerpt":{"rendered":"<p>Tuvaleti sevdirecek kitaplar: Kakaloji, Kakademi ve KakazooKakaloji, Kakademi ve Kakazoo, minik ellerle kavu\u015fmak \u00fczere yola \u00e7\u0131k\u0131yor. De\u011ferli akademisyenler taraf\u0131ndan \u00f6zenle haz\u0131rlanan bu \u00fc\u00e7 kitap, tuvalet al\u0131\u015fkanl\u0131\u011f\u0131<span class=\"excerpt-hellip\"> [\u2026]<\/span><\/p>\n","protected":false},"featured_media":0,"template":"","meta":{"_monsterinsights_skip_tracking":false,"_monsterinsights_sitenote_active":false,"_monsterinsights_sitenote_note":"","_monsterinsights_sitenote_category":0},"product_brand":[],"product_cat":[12274,12518],"product_tag":[],"class_list":{"0":"post-725710","1":"product","2":"type-product","3":"status-publish","5":"product_cat-cocuk-ve-genclik-kitaplari","6":"product_cat-okul-oncesi-kitaplar","7":"pa_cilt-ciltsiz","8":"pa_tur-kitap","9":"pa_yayinevi-turta-kitap","10":"pa_yazar-turta-kolektif","12":"first","13":"instock","14":"sale","15":"shipping-taxable","16":"purchasable","17":"product-type-simple"},"_links":{"self":[{"href":"https:\/\/roveyayinevi.com.tr\/index.php\/wp-json\/wp\/v2\/product\/725710","targetHints":{"allow":["GET"]}}],"collection":[{"href":"https:\/\/roveyayinevi.com.tr\/index.php\/wp-json\/wp\/v2\/product"}],"about":[{"href":"https:\/\/roveyayinevi.com.tr\/index.php\/wp-json\/wp\/v2\/types\/product"}],"wp:attachment":[{"href":"https:\/\/roveyayinevi.com.tr\/index.php\/wp-json\/wp\/v2\/media?parent=725710"}],"wp:term":[{"taxonomy":"product_brand","embeddable":true,"href":"https:\/\/roveyayinevi.com.tr\/index.php\/wp-json\/wp\/v2\/product_brand?post=725710"},{"taxonomy":"product_cat","embeddable":true,"href":"https:\/\/roveyayinevi.com.tr\/index.php\/wp-json\/wp\/v2\/product_cat?post=725710"},{"taxonomy":"product_tag","embeddable":true,"href":"https:\/\/roveyayinevi.com.tr\/index.php\/wp-json\/wp\/v2\/product_tag?post=725710"}],"curies":[{"name":"wp","href":"https:\/\/api.w.org\/{rel}","templated":true}]}}