{"id":725709,"date":"2025-08-27T19:54:55","date_gmt":"2025-08-27T16:54:55","guid":{"rendered":"https:\/\/roveyayinevi.com.tr\/index.php\/urun\/pandemide-amerika-ve-george-floyd\/"},"modified":"2026-04-16T02:33:35","modified_gmt":"2026-04-15T23:33:35","slug":"pandemide-amerika-ve-george-floyd","status":"publish","type":"product","link":"https:\/\/roveyayinevi.com.tr\/index.php\/urun\/pandemide-amerika-ve-george-floyd\/","title":{"rendered":"Pandemide Amerika Ve George Floyd"},"content":{"rendered":"<p>Bo\u011fazi\u00e7i \u00dcniversitesi \u00d6\u011fretim \u00dcyesi ve Enerji Politikalar\u0131 Ara\u015ft\u0131rma Merkezi\u2019nin Kurucu Y\u00f6netim Kurulu Ba\u015fkan\u0131 Prof.Dr.G\u00fcrkan Kumbaro\u011flu, 2020\u2019de konuk \u00f6\u011fretim \u00fcyesi olarak George Washington \u00dcniversitesi\u2019ne geldi\u011finde, b\u00fct\u00fcn d\u00fcnyay\u0131 kas\u0131p kavuran Kovid-19 salg\u0131n\u0131n\u0131n ortas\u0131nda kendini bulur.Bu d\u00f6nemde \u201cVietnam Gazisi, Beyaz Saray eski dan\u0131\u015fman\u0131 Sicilya\u2019l\u0131 Joe\u201d en iyi arkada\u015f\u0131; teras, \u00e7al\u0131\u015fma ofisi; ceylanlar, sincaplar, tilkiler, kediler, ku\u015flar, \u00e7al\u0131\u015fma arkada\u015f\u0131 olur.Vatana uzak diyarlarda s\u0131cak Ramazan pidesi, lahmacun, baklava, T\u00fcrk kahvesi, \u00e7ay ve simit; \u00fclke ve aile \u00f6zleminden sonra ilk s\u0131ray\u0131 al\u0131r.Pandemide Amerika gerek vaka say\u0131lar\u0131nda gerekse \u00f6l\u00fcm say\u0131lar\u0131nda D\u00fcnya\u2019da birinci s\u0131radayken, T\u00fcrkiye sa\u011fl\u0131k alan\u0131nda D\u00fcnya\u2019da \u00f6rnek \u00fclke olur. ABD\u2019de ekonomik kriz o kadar derindir ki, petrol alana \u00fcst\u00fcne para verilir hale gelinir.ABD D\u0131\u015fi\u015fleri Bakan\u0131 Pompeo\u2019nun \u201c\u00c7in laboratuvar\u0131ndaki ba\u015far\u0131s\u0131zl\u0131klar\u0131n bir sonucu olan vir\u00fcslere ilk kez maruz kalm\u0131yoruz. Kovid-19&#8217;un Wuhan&#8217;daki laboratuvardan \u00e7\u0131kt\u0131\u011f\u0131na dair \u00e7ok say\u0131da delil var\u201d a\u00e7\u0131klamas\u0131 oklar\u0131 \u00c7in\u2019e \u00e7evirir; Missouri, \u00c7in H\u00fck\u00fcmetine dava a\u00e7an ilk eyalet olur.Afrika k\u00f6kenli siyahi bir Amerikal\u0131 olan George Floyd\u2019un trajik \u00f6l\u00fcm\u00fcyle Amerika sars\u0131l\u0131r, D\u00fcnya\u2019n\u0131n d\u00f6rt bir yan\u0131na yay\u0131lacak siyahi isyan\u0131n fitili ate\u015flenir.George Floyd\u2019un, \u201cNefes alam\u0131yorum, nefes alam\u0131yorum!\u201d feryad\u0131 D\u00fcnya genelinde protestolar\u0131n bir numaral\u0131 slogan\u0131 haline gelir.\u201cProf.Dr.G\u00fcrkan Kumbaro\u011flu, her t\u00fcrl\u00fc \u015fartta bilimin ve insanl\u0131\u011f\u0131n hizmetinde oldu\u011funu fiilen g\u00f6stermi\u015f ola\u011fan\u00fcst\u00fc cesur ve azimli bir bilim insan\u0131d\u0131r.\u201dCihat Yayc\u0131\u201cT\u00fcrkiye\u2019den zeki ve sevecen ki\u015filikli bir meslekta\u015f olarak G\u00fcrkan\u2019\u0131 tan\u0131mak benim i\u00e7in b\u00fcy\u00fck bir onur.\u201dJoe Cascio\u201cEtkileyici bilgi d\u00fczeyi ve i\u015f ahlak\u0131n\u0131n y\u00fcksek derecede ilham verici olmas\u0131n\u0131n yan\u0131 s\u0131ra arkada\u015f canl\u0131s\u0131 do\u011fas\u0131, varl\u0131\u011f\u0131n\u0131 \u00e7ok ho\u015f k\u0131ld\u0131.\u201dJonathan Deason\u201cY\u0131lmaz bir ara\u015ft\u0131rmac\u0131 ve bilim insan\u0131. Kovid-19\u2019un getirdi\u011fi k\u0131s\u0131tlamalar G\u00fcrkan\u2019\u0131n m\u00fckemmeliyeti sayesinde i\u015f birli\u011fimize engel te\u015fkil etmedi. Bilim i\u00e7in te\u015fekk\u00fcrler G\u00fcrkan.Ekundayo Shittu\u201cMeslekta\u015f\u0131m G\u00fcrkan Kumbaro\u011flu\u2019nun koronavir\u00fcs alt\u0131nda i\u015f birli\u011fi tecr\u00fcbesini yazmas\u0131ndan b\u00fcy\u00fck mutluluk duydum. \u0130\u015fverenler \u00e7al\u0131\u015fanlar\u0131na g\u00fcvenebileceklerini, evden de ofiste oldu\u011fu kadar verimli \u00e7al\u0131\u015f\u0131labildi\u011fini \u00f6\u011frendiler.\u201dEdward Saltzberg<\/p>\n","protected":false},"excerpt":{"rendered":"<p>Bo\u011fazi\u00e7i \u00dcniversitesi \u00d6\u011fretim \u00dcyesi ve Enerji Politikalar\u0131 Ara\u015ft\u0131rma Merkezi\u2019nin Kurucu Y\u00f6netim Kurulu Ba\u015fkan\u0131 Prof.Dr.G\u00fcrkan Kumbaro\u011flu, 2020\u2019de konuk \u00f6\u011fretim \u00fcyesi olarak George Washington \u00dcniversitesi\u2019ne geldi\u011finde, b\u00fct\u00fcn d\u00fcnyay\u0131<span class=\"excerpt-hellip\"> [\u2026]<\/span><\/p>\n","protected":false},"featured_media":0,"template":"","meta":{"_monsterinsights_skip_tracking":false,"_monsterinsights_sitenote_active":false,"_monsterinsights_sitenote_note":"","_monsterinsights_sitenote_category":0},"product_brand":[],"product_cat":[12365,12364],"product_tag":[],"class_list":{"0":"post-725709","1":"product","2":"type-product","3":"status-publish","5":"product_cat-diger-genel-konular","6":"product_cat-genel-konular","7":"pa_cilt-ciltsiz","8":"pa_tur-kitap","9":"pa_yayinevi-kozmostar","10":"pa_yazar-gurkan-kumbaroglu","12":"first","13":"instock","14":"sale","15":"shipping-taxable","16":"purchasable","17":"product-type-simple"},"_links":{"self":[{"href":"https:\/\/roveyayinevi.com.tr\/index.php\/wp-json\/wp\/v2\/product\/725709","targetHints":{"allow":["GET"]}}],"collection":[{"href":"https:\/\/roveyayinevi.com.tr\/index.php\/wp-json\/wp\/v2\/product"}],"about":[{"href":"https:\/\/roveyayinevi.com.tr\/index.php\/wp-json\/wp\/v2\/types\/product"}],"wp:attachment":[{"href":"https:\/\/roveyayinevi.com.tr\/index.php\/wp-json\/wp\/v2\/media?parent=725709"}],"wp:term":[{"taxonomy":"product_brand","embeddable":true,"href":"https:\/\/roveyayinevi.com.tr\/index.php\/wp-json\/wp\/v2\/product_brand?post=725709"},{"taxonomy":"product_cat","embeddable":true,"href":"https:\/\/roveyayinevi.com.tr\/index.php\/wp-json\/wp\/v2\/product_cat?post=725709"},{"taxonomy":"product_tag","embeddable":true,"href":"https:\/\/roveyayinevi.com.tr\/index.php\/wp-json\/wp\/v2\/product_tag?post=725709"}],"curies":[{"name":"wp","href":"https:\/\/api.w.org\/{rel}","templated":true}]}}