{"id":725708,"date":"2025-08-27T19:54:54","date_gmt":"2025-08-27T16:54:54","guid":{"rendered":"https:\/\/roveyayinevi.com.tr\/index.php\/urun\/birlikte-bir-yasam-kurmak\/"},"modified":"2025-11-13T06:09:02","modified_gmt":"2025-11-13T03:09:02","slug":"birlikte-bir-yasam-kurmak","status":"publish","type":"product","link":"https:\/\/roveyayinevi.com.tr\/index.php\/urun\/birlikte-bir-yasam-kurmak\/","title":{"rendered":"Birlikte Bir Ya\u015fam Kurmak"},"content":{"rendered":"<p>Bug\u00fcn pek \u00e7o\u011fumuz kentte ya da k\u0131rda daha ekolojik ve onar\u0131c\u0131 bir hayat\u0131n hayalini kuruyor, bu hayali ger\u00e7ekle\u015ftirebilmek i\u00e7in birlikte yol alabilece\u011fimiz bir toplulu\u011fun izini s\u00fcr\u00fcyoruz. Ancak bu yolda kar\u015f\u0131m\u0131za \u00e7\u0131kan engeller, akl\u0131m\u0131z\u0131 kar\u0131\u015ft\u0131ran sorular ve sorunlar bizi y\u0131ld\u0131r\u0131yor, yoruyor hatta hayalimizden vazge\u00e7memize neden olabiliyor. \u00d6yle ki, b\u00fct\u00fcn d\u00fcnyada topluluk giri\u015fimlerinin yaln\u0131zca y\u00fczde onu ba\u015far\u0131ya ula\u015fabiliyor. Peki, bu ba\u015far\u0131l\u0131 y\u00fczde onun s\u0131rr\u0131 ne?Birlikte Bir Ya\u015fam Kurmak; ba\u015far\u0131l\u0131 y\u00fczde onun s\u0131rr\u0131n\u0131 a\u00e7\u0131klayan, ekok\u00f6y ya da niyetli toplulu\u011funuzu kurarken iyi bir ba\u015flang\u0131\u00e7 yapman\u0131za yard\u0131mc\u0131 olmaya \u00e7al\u0131\u015fan muhte\u015fem bir rehber. Bu kitapta, 90\u2019l\u0131 y\u0131llar\u0131n ba\u015f\u0131ndan beri kurulan hayallerini hayata ge\u00e7irmi\u015f d\u00fczinelerce toplulu\u011fun ya\u015fad\u0131\u011f\u0131 zorlu deneyimler dam\u0131t\u0131larak sizin bir grup olarak nas\u0131l ba\u015flayaca\u011f\u0131n\u0131za dair elle tutulur tavsiyeler s\u0131ralan\u0131yor. Vizyon belgelerinin olu\u015fturulmas\u0131, karar verme s\u00fcrecinin ve toplulu\u011fun idaresinin belirlenmesi, anla\u015fmalar ve ilkelerin olu\u015fturulmas\u0131, arazi i\u00e7in para kayna\u011f\u0131 bulunmas\u0131 ve arazinin sat\u0131n al\u0131nmas\u0131, ileti\u015fim ve i\u015fleyi\u015finden size kat\u0131lacak insanlar\u0131n se\u00e7ilmesine kadar bu b\u00fcy\u00fcl\u00fc yolculukta kar\u015f\u0131n\u0131za \u00e7\u0131kabilecek b\u00fct\u00fcn meseleler tek tek irdeleniyor<\/p>\n","protected":false},"excerpt":{"rendered":"<p>Bug\u00fcn pek \u00e7o\u011fumuz kentte ya da k\u0131rda daha ekolojik ve onar\u0131c\u0131 bir hayat\u0131n hayalini kuruyor, bu hayali ger\u00e7ekle\u015ftirebilmek i\u00e7in birlikte yol alabilece\u011fimiz bir toplulu\u011fun izini s\u00fcr\u00fcyoruz.<span class=\"excerpt-hellip\"> [\u2026]<\/span><\/p>\n","protected":false},"featured_media":0,"template":"","meta":{"_monsterinsights_skip_tracking":false,"_monsterinsights_sitenote_active":false,"_monsterinsights_sitenote_note":"","_monsterinsights_sitenote_category":0},"product_brand":[],"product_cat":[23323,12364],"product_tag":[],"class_list":{"0":"post-725708","1":"product","2":"type-product","3":"status-publish","5":"product_cat-ekoloji","6":"product_cat-genel-konular","7":"pa_cilt-ciltsiz","8":"pa_tur-kitap","9":"pa_yayinevi-yeni-insan-yayinlari","10":"pa_yazar-diana-leafe-christian","12":"first","13":"instock","14":"sale","15":"shipping-taxable","16":"purchasable","17":"product-type-simple"},"_links":{"self":[{"href":"https:\/\/roveyayinevi.com.tr\/index.php\/wp-json\/wp\/v2\/product\/725708","targetHints":{"allow":["GET"]}}],"collection":[{"href":"https:\/\/roveyayinevi.com.tr\/index.php\/wp-json\/wp\/v2\/product"}],"about":[{"href":"https:\/\/roveyayinevi.com.tr\/index.php\/wp-json\/wp\/v2\/types\/product"}],"wp:attachment":[{"href":"https:\/\/roveyayinevi.com.tr\/index.php\/wp-json\/wp\/v2\/media?parent=725708"}],"wp:term":[{"taxonomy":"product_brand","embeddable":true,"href":"https:\/\/roveyayinevi.com.tr\/index.php\/wp-json\/wp\/v2\/product_brand?post=725708"},{"taxonomy":"product_cat","embeddable":true,"href":"https:\/\/roveyayinevi.com.tr\/index.php\/wp-json\/wp\/v2\/product_cat?post=725708"},{"taxonomy":"product_tag","embeddable":true,"href":"https:\/\/roveyayinevi.com.tr\/index.php\/wp-json\/wp\/v2\/product_tag?post=725708"}],"curies":[{"name":"wp","href":"https:\/\/api.w.org\/{rel}","templated":true}]}}