{"id":725707,"date":"2025-08-27T19:54:53","date_gmt":"2025-08-27T16:54:53","guid":{"rendered":"https:\/\/roveyayinevi.com.tr\/index.php\/urun\/siyayi-erdemler-risalesi-nebevi-siyaset\/"},"modified":"2026-04-16T02:33:35","modified_gmt":"2026-04-15T23:33:35","slug":"siyayi-erdemler-risalesi-nebevi-siyaset","status":"publish","type":"product","link":"https:\/\/roveyayinevi.com.tr\/index.php\/urun\/siyayi-erdemler-risalesi-nebevi-siyaset\/","title":{"rendered":"Siyayi Erdemler Risalesi Nebevi Siyaset"},"content":{"rendered":"<p>1960\u2019ta Ad\u0131yaman, Kahta\u2019da do\u011fdu. \u0130stanbul \u00dcniversitesi Edebiyat Fak\u00fcltesi\u2019nden mezun oldu. Dindar-muhafazak\u00e2r \u00e7evrelerde bir d\u00f6neme damgas\u0131n\u0131 vuran Giri\u015fim (1985-1990), Yeni Zemin ve S\u00f6zle\u015fme adl\u0131 dergilerde genel yay\u0131n y\u00f6netmenli\u011fi; Milli Gazete, Ak\u015fam ve Yeni \u015eafak gibi g\u00fcnl\u00fck gazetelerde de k\u00f6\u015fe yazarl\u0131\u011f\u0131 yapt\u0131. Refah Partisi\u2019nin (RP) \u0130l Ba\u015fkan\u0131 ve \u0130stanbul B\u00fcy\u00fck\u015fehir Belediye Ba\u015fkan\u0131 oldu\u011fu d\u00f6nemlerde Recep Tayyip Erdo\u011fan\u2019\u0131n dan\u0131\u015fmanl\u0131\u011f\u0131n\u0131 \u00fcstlendi. Kapat\u0131lan RP\u2019nin yerine kurulan Fazilet Partisi Genel Ba\u015fkan\u0131 M. Recai Kutan\u2019\u0131n dan\u0131\u015fman\u0131 olarak \u00e7al\u0131\u015ft\u0131. Kanal 24 televizyonunda program yapt\u0131. 2011 y\u0131l\u0131nda yap\u0131lan se\u00e7imlerde (24. D\u00f6nem) Ak Parti\u2019den Ad\u0131yaman milletvekili se\u00e7ildi. Akabinde iki d\u00f6nem (25. ve 26. D\u00f6nem) \u0130stanbul milletvekilli\u011fi yapt\u0131. Yay\u0131nlanm\u0131\u015f on kitab\u0131 vard\u0131r. Star gazetesinde k\u00f6\u015fe yazarl\u0131\u011f\u0131na devam ediyor.<\/p>\n","protected":false},"excerpt":{"rendered":"<p>1960\u2019ta Ad\u0131yaman, Kahta\u2019da do\u011fdu. \u0130stanbul \u00dcniversitesi Edebiyat Fak\u00fcltesi\u2019nden mezun oldu. Dindar-muhafazak\u00e2r \u00e7evrelerde bir d\u00f6neme damgas\u0131n\u0131 vuran Giri\u015fim (1985-1990), Yeni Zemin ve S\u00f6zle\u015fme adl\u0131 dergilerde genel yay\u0131n<span class=\"excerpt-hellip\"> [\u2026]<\/span><\/p>\n","protected":false},"featured_media":0,"template":"","meta":{"_monsterinsights_skip_tracking":false,"_monsterinsights_sitenote_active":false,"_monsterinsights_sitenote_note":"","_monsterinsights_sitenote_category":0},"product_brand":[],"product_cat":[13059,12337],"product_tag":[],"class_list":{"0":"post-725707","1":"product","2":"type-product","3":"status-publish","5":"product_cat-diger-politika-siyaset","6":"product_cat-politika-siyaset","7":"pa_cilt-ciltsiz","8":"pa_tur-kitap","9":"pa_yayinevi-sahi-kitap","10":"pa_yazar-mehmet-metiner","12":"first","13":"instock","14":"sale","15":"shipping-taxable","16":"purchasable","17":"product-type-simple"},"_links":{"self":[{"href":"https:\/\/roveyayinevi.com.tr\/index.php\/wp-json\/wp\/v2\/product\/725707","targetHints":{"allow":["GET"]}}],"collection":[{"href":"https:\/\/roveyayinevi.com.tr\/index.php\/wp-json\/wp\/v2\/product"}],"about":[{"href":"https:\/\/roveyayinevi.com.tr\/index.php\/wp-json\/wp\/v2\/types\/product"}],"wp:attachment":[{"href":"https:\/\/roveyayinevi.com.tr\/index.php\/wp-json\/wp\/v2\/media?parent=725707"}],"wp:term":[{"taxonomy":"product_brand","embeddable":true,"href":"https:\/\/roveyayinevi.com.tr\/index.php\/wp-json\/wp\/v2\/product_brand?post=725707"},{"taxonomy":"product_cat","embeddable":true,"href":"https:\/\/roveyayinevi.com.tr\/index.php\/wp-json\/wp\/v2\/product_cat?post=725707"},{"taxonomy":"product_tag","embeddable":true,"href":"https:\/\/roveyayinevi.com.tr\/index.php\/wp-json\/wp\/v2\/product_tag?post=725707"}],"curies":[{"name":"wp","href":"https:\/\/api.w.org\/{rel}","templated":true}]}}