{"id":725706,"date":"2025-08-27T19:54:53","date_gmt":"2025-08-27T16:54:53","guid":{"rendered":"https:\/\/roveyayinevi.com.tr\/index.php\/urun\/gencler-icin-nutuk-3\/"},"modified":"2026-04-16T02:33:35","modified_gmt":"2026-04-15T23:33:35","slug":"gencler-icin-nutuk-3","status":"publish","type":"product","link":"https:\/\/roveyayinevi.com.tr\/index.php\/urun\/gencler-icin-nutuk-3\/","title":{"rendered":"Gen\u00e7ler i\u00e7in Nutuk"},"content":{"rendered":"<p>Nutuk, Mustafa Kemal Atat\u00fcrk\u2019\u00fcn 15-20 Ekim 1927 tarihleri aras\u0131nda Cumhuriyet Halk F\u0131rkas\u0131 Kongresi\u2019nde yapt\u0131\u011f\u0131 36 saat 31 dakika s\u00fcren konu\u015fmas\u0131d\u0131r. 19 May\u0131s 1919\u2019da Samsun\u2019a \u00e7\u0131k\u0131\u015ftan 1926 y\u0131l\u0131 ortalar\u0131na kadar olan zaman dilimini kapsamakta olup Cumhuriyet tarihinin en \u00f6nemli kaynaklar\u0131ndan biri olarak kabul edilir.Mustafa Kemal Atat\u00fcrk&#8217;\u00fcn bizzat kendi a\u011fz\u0131ndan Mill\u00ee M\u00fccadele y\u0131llar\u0131n\u0131 anlatt\u0131\u011f\u0131 ve bir belge niteli\u011fi ta\u015f\u0131yan eseri Nutuk&#8217;un gen\u00e7ler i\u00e7in haz\u0131rlanan bu bask\u0131s\u0131nda eserin i\u00e7erdi\u011fi anlam\u0131n bozulmamas\u0131 i\u00e7in azami gayret g\u00f6sterilirken gen\u00e7lerin rahatl\u0131kla okuyabilece\u011fi bir dil kullan\u0131lm\u0131\u015f\u0131r. Atat\u00fcrk&#8217;\u00fcn foto\u011fraflar\u0131n\u0131n da yer ald\u0131\u011f\u0131 bu eserin gelecek nesillere k\u0131lavuzluk edecek bir rehber oldu\u011funa inan\u0131yoruz.<\/p>\n","protected":false},"excerpt":{"rendered":"<p>Nutuk, Mustafa Kemal Atat\u00fcrk\u2019\u00fcn 15-20 Ekim 1927 tarihleri aras\u0131nda Cumhuriyet Halk F\u0131rkas\u0131 Kongresi\u2019nde yapt\u0131\u011f\u0131 36 saat 31 dakika s\u00fcren konu\u015fmas\u0131d\u0131r. 19 May\u0131s 1919\u2019da Samsun\u2019a \u00e7\u0131k\u0131\u015ftan 1926<span class=\"excerpt-hellip\"> [\u2026]<\/span><\/p>\n","protected":false},"featured_media":0,"template":"","meta":{"_monsterinsights_skip_tracking":false,"_monsterinsights_sitenote_active":false,"_monsterinsights_sitenote_note":"","_monsterinsights_sitenote_category":0},"product_brand":[],"product_cat":[12530,12304],"product_tag":[],"class_list":{"0":"post-725706","1":"product","2":"type-product","3":"status-publish","5":"product_cat-mustafa-kemal-ataturk","6":"product_cat-tarih","7":"pa_cilt-ciltsiz","8":"pa_tur-kitap","9":"pa_yayinevi-beyaz-balina-yayinlari","10":"pa_yazar-gazi-mustafa-kemal","12":"first","13":"instock","14":"sale","15":"shipping-taxable","16":"purchasable","17":"product-type-simple"},"_links":{"self":[{"href":"https:\/\/roveyayinevi.com.tr\/index.php\/wp-json\/wp\/v2\/product\/725706","targetHints":{"allow":["GET"]}}],"collection":[{"href":"https:\/\/roveyayinevi.com.tr\/index.php\/wp-json\/wp\/v2\/product"}],"about":[{"href":"https:\/\/roveyayinevi.com.tr\/index.php\/wp-json\/wp\/v2\/types\/product"}],"wp:attachment":[{"href":"https:\/\/roveyayinevi.com.tr\/index.php\/wp-json\/wp\/v2\/media?parent=725706"}],"wp:term":[{"taxonomy":"product_brand","embeddable":true,"href":"https:\/\/roveyayinevi.com.tr\/index.php\/wp-json\/wp\/v2\/product_brand?post=725706"},{"taxonomy":"product_cat","embeddable":true,"href":"https:\/\/roveyayinevi.com.tr\/index.php\/wp-json\/wp\/v2\/product_cat?post=725706"},{"taxonomy":"product_tag","embeddable":true,"href":"https:\/\/roveyayinevi.com.tr\/index.php\/wp-json\/wp\/v2\/product_tag?post=725706"}],"curies":[{"name":"wp","href":"https:\/\/api.w.org\/{rel}","templated":true}]}}