{"id":725702,"date":"2025-08-27T19:54:49","date_gmt":"2025-08-27T16:54:49","guid":{"rendered":"https:\/\/roveyayinevi.com.tr\/index.php\/urun\/bu-nasil-okul-boyle-alisin-kent-gunlukleri-2\/"},"modified":"2026-04-08T02:41:58","modified_gmt":"2026-04-07T23:41:58","slug":"bu-nasil-okul-boyle-alisin-kent-gunlukleri-2","status":"publish","type":"product","link":"https:\/\/roveyayinevi.com.tr\/index.php\/urun\/bu-nasil-okul-boyle-alisin-kent-gunlukleri-2\/","title":{"rendered":"Bu Nas\u0131l Okul B\u00f6yle! &#8211; Ali\u015f&#8217;in Kent G\u00fcnl\u00fckleri 2"},"content":{"rendered":"<p>K\u00f6y\u00fcnde tek s\u0131n\u0131fl\u0131 k\u00fc\u00e7\u00fck bir okulda okuyan Ali\u015f, \u0130stanbul\u2019da kendini y\u00fczlerce \u00f6\u011frencisi ve onlarca s\u0131n\u0131f\u0131 olan kocaman bir okulda buluyor. Okulu \u00e7\u00f6zmeye \u00e7al\u0131\u015f\u0131yor, yeni arkada\u015flar ediniyor, yeni derslerle kar\u015f\u0131la\u015f\u0131yor\u2026 Okul hayat\u0131na al\u0131\u015fmaya \u00e7al\u0131\u015f\u0131rken, derslerini de ihmal etmemek i\u00e7in \u00e7abal\u0131yor.K\u00fc\u00e7\u00fck Ali\u015f, kent hayat\u0131n\u0131n \u00e7\u0131lg\u0131n kalabal\u0131\u011f\u0131n\u0131n i\u00e7inde kendine bir yer bulabilecek mi?<\/p>\n","protected":false},"excerpt":{"rendered":"<p>K\u00f6y\u00fcnde tek s\u0131n\u0131fl\u0131 k\u00fc\u00e7\u00fck bir okulda okuyan Ali\u015f, \u0130stanbul\u2019da kendini y\u00fczlerce \u00f6\u011frencisi ve onlarca s\u0131n\u0131f\u0131 olan kocaman bir okulda buluyor. Okulu \u00e7\u00f6zmeye \u00e7al\u0131\u015f\u0131yor, yeni arkada\u015flar ediniyor,<span class=\"excerpt-hellip\"> [\u2026]<\/span><\/p>\n","protected":false},"featured_media":0,"template":"","meta":{"_monsterinsights_skip_tracking":false,"_monsterinsights_sitenote_active":false,"_monsterinsights_sitenote_note":"","_monsterinsights_sitenote_category":0},"product_brand":[],"product_cat":[12274,12284],"product_tag":[],"class_list":{"0":"post-725702","1":"product","2":"type-product","3":"status-publish","5":"product_cat-cocuk-ve-genclik-kitaplari","6":"product_cat-hikayeler","7":"pa_cilt-ciltsiz","8":"pa_tur-kitap","9":"pa_yayinevi-timas-cocuk","10":"pa_yazar-sebnem-guler-karacan","12":"first","13":"instock","14":"sale","15":"shipping-taxable","16":"purchasable","17":"product-type-simple"},"_links":{"self":[{"href":"https:\/\/roveyayinevi.com.tr\/index.php\/wp-json\/wp\/v2\/product\/725702","targetHints":{"allow":["GET"]}}],"collection":[{"href":"https:\/\/roveyayinevi.com.tr\/index.php\/wp-json\/wp\/v2\/product"}],"about":[{"href":"https:\/\/roveyayinevi.com.tr\/index.php\/wp-json\/wp\/v2\/types\/product"}],"wp:attachment":[{"href":"https:\/\/roveyayinevi.com.tr\/index.php\/wp-json\/wp\/v2\/media?parent=725702"}],"wp:term":[{"taxonomy":"product_brand","embeddable":true,"href":"https:\/\/roveyayinevi.com.tr\/index.php\/wp-json\/wp\/v2\/product_brand?post=725702"},{"taxonomy":"product_cat","embeddable":true,"href":"https:\/\/roveyayinevi.com.tr\/index.php\/wp-json\/wp\/v2\/product_cat?post=725702"},{"taxonomy":"product_tag","embeddable":true,"href":"https:\/\/roveyayinevi.com.tr\/index.php\/wp-json\/wp\/v2\/product_tag?post=725702"}],"curies":[{"name":"wp","href":"https:\/\/api.w.org\/{rel}","templated":true}]}}