{"id":725698,"date":"2025-08-27T19:54:46","date_gmt":"2025-08-27T16:54:46","guid":{"rendered":"https:\/\/roveyayinevi.com.tr\/index.php\/urun\/memleketim-incesu\/"},"modified":"2026-04-16T02:33:35","modified_gmt":"2026-04-15T23:33:35","slug":"memleketim-incesu","status":"publish","type":"product","link":"https:\/\/roveyayinevi.com.tr\/index.php\/urun\/memleketim-incesu\/","title":{"rendered":"Memleketim \u0130ncesu"},"content":{"rendered":"<p>Bu kitab\u0131mda memleketim \u0130ncesu\u2019yu yazmak istedim.Yaz\u0131lar\u0131mda doksanl\u0131 ya\u015flara do\u011fru yol alm\u0131\u015f olan hayat\u0131mda kendimi bildim bileli \u0130ncesu\u2019da kald\u0131\u011f\u0131m zamanlarda ya\u015fad\u0131klar\u0131mdan bende kalm\u0131\u015f izler ile intibalar\u0131m da bu eserde yerlerini almal\u0131yd\u0131. \u0130\u015fte \u00f6ylesini yapmaya \u00e7al\u0131\u015ft\u0131\u011f\u0131m\u0131 san\u0131yorum.\u0130ncesu\u2019da ailemiz \u201cele g\u00fcne muhta\u00e7 olmayan\u201d geleneksel ailelerden say\u0131l\u0131rlard\u0131. Uzun y\u0131llar, yirmi be\u015f y\u0131la uzanan s\u00fcrede \u201c\u0130ncesu M\u00fcft\u00fcs\u00fc\u201d olarak g\u00f6rev yapm\u0131\u015f,  esas mesle\u011finin \u201cm\u00fcderris\u201d oldu\u011fu bug\u00fcnlerin diliyle \u00f6\u011fretmen-idareci kimli\u011fi ile de tan\u0131nan dedem \u201cH.Bekir \u00c7akmak(o\u011flu)\u201d ben Konya Ere\u011flisi Kaymakam\u0131 iken vefat etmi\u015fti. Ancak kendisi ya\u015fl\u0131 haliyle hasta yatarken o\u011flu M.Kemal babam\u0131z\u0131 da \u00f6l\u00fcm\u00fcnden on be\u015f g\u00fcn kadar \u00f6nce kaybetmi\u015f olmas\u0131n\u0131n derin ac\u0131s\u0131n\u0131 i\u00e7inde hissederek o g\u00fcnleri bizlerle ya\u015fam\u0131\u015ft\u0131. Annemin babas\u0131 R\u0131fat Cemilo\u011flu dedemizin de bizler do\u011fmadan \u00f6nce rahmeti rahmana ula\u015ft\u0131\u011f\u0131n\u0131 \u00f6\u011freniyoruz. Bu dedemiz n\u00fcfus kay\u0131tlar\u0131na bakt\u0131\u011f\u0131m\u0131zda 1925\u2019lerde vefat etmi\u015f oluyordu.\u0130ncesu hat\u0131ralar\u0131m\u0131n yer ald\u0131\u011f\u0131 memleketimin hayat\u0131mda b\u0131rakt\u0131\u011f\u0131 izlenimlerini yazmak istedi\u011fimi s\u00f6ylemi\u015ftim. \u00c7ocuklu\u011fumu takiben ya\u015fad\u0131\u011f\u0131m gen\u00e7lik y\u0131llar\u0131nda olanlarla sonralar\u0131 genelde okullar\u0131n tatil aylar\u0131nda kald\u0131\u011f\u0131m, meslek hayat\u0131mda ise atand\u0131\u011f\u0131m g\u00f6revlerdeyken izinlerimiz s\u0131ras\u0131ndaki geli\u015flerimin \u0130ncesu y\u0131llar\u0131nda olan akislerini de bu kitab\u0131mda anlatmaya \u00e7al\u0131\u015ft\u0131m.Sabahattin \u00c7AKMAKO\u011eLU<\/p>\n","protected":false},"excerpt":{"rendered":"<p>Bu kitab\u0131mda memleketim \u0130ncesu\u2019yu yazmak istedim.Yaz\u0131lar\u0131mda doksanl\u0131 ya\u015flara do\u011fru yol alm\u0131\u015f olan hayat\u0131mda kendimi bildim bileli \u0130ncesu\u2019da kald\u0131\u011f\u0131m zamanlarda ya\u015fad\u0131klar\u0131mdan bende kalm\u0131\u015f izler ile intibalar\u0131m da<span class=\"excerpt-hellip\"> [\u2026]<\/span><\/p>\n","protected":false},"featured_media":0,"template":"","meta":{"_monsterinsights_skip_tracking":false,"_monsterinsights_sitenote_active":false,"_monsterinsights_sitenote_note":"","_monsterinsights_sitenote_category":0},"product_brand":[],"product_cat":[13055,13054],"product_tag":[],"class_list":{"0":"post-725698","1":"product","2":"type-product","3":"status-publish","5":"product_cat-gezi-rehberi","6":"product_cat-gezi-ve-rehber-kitaplari","7":"pa_cilt-ciltsiz","8":"pa_tur-kitap","9":"pa_yayinevi-kultur-ajans-yayinlari","10":"pa_yazar-sabahattin-cakmakoglu","12":"first","13":"instock","14":"sale","15":"shipping-taxable","16":"purchasable","17":"product-type-simple"},"_links":{"self":[{"href":"https:\/\/roveyayinevi.com.tr\/index.php\/wp-json\/wp\/v2\/product\/725698","targetHints":{"allow":["GET"]}}],"collection":[{"href":"https:\/\/roveyayinevi.com.tr\/index.php\/wp-json\/wp\/v2\/product"}],"about":[{"href":"https:\/\/roveyayinevi.com.tr\/index.php\/wp-json\/wp\/v2\/types\/product"}],"wp:attachment":[{"href":"https:\/\/roveyayinevi.com.tr\/index.php\/wp-json\/wp\/v2\/media?parent=725698"}],"wp:term":[{"taxonomy":"product_brand","embeddable":true,"href":"https:\/\/roveyayinevi.com.tr\/index.php\/wp-json\/wp\/v2\/product_brand?post=725698"},{"taxonomy":"product_cat","embeddable":true,"href":"https:\/\/roveyayinevi.com.tr\/index.php\/wp-json\/wp\/v2\/product_cat?post=725698"},{"taxonomy":"product_tag","embeddable":true,"href":"https:\/\/roveyayinevi.com.tr\/index.php\/wp-json\/wp\/v2\/product_tag?post=725698"}],"curies":[{"name":"wp","href":"https:\/\/api.w.org\/{rel}","templated":true}]}}