{"id":725694,"date":"2025-08-27T19:54:43","date_gmt":"2025-08-27T16:54:43","guid":{"rendered":"https:\/\/roveyayinevi.com.tr\/index.php\/urun\/son-dersler\/"},"modified":"2026-04-16T02:33:35","modified_gmt":"2026-04-15T23:33:35","slug":"son-dersler","status":"publish","type":"product","link":"https:\/\/roveyayinevi.com.tr\/index.php\/urun\/son-dersler\/","title":{"rendered":"Son Dersler"},"content":{"rendered":"<p>A\u00e7\u0131k, net, ilham verici, pratik ve hem yeni ba\u015flayan hem de deneyimli okur i\u00e7in kesinlikle m\u00fcthi\u015f kullan\u0131\u015fl\u0131. \u0130nsan davran\u0131\u015f\u0131n\u0131n dinamikleri ve psikanaliz ile ilgilenen herkes i\u00e7in b\u00fcy\u00fcleyici.\u201d \u2014Dr. Theodore Isaac Rubin, Lisa ve David kitab\u0131n\u0131n yazar\u0131 Son Dersler, Karen Horney\u2019in hayat\u0131n\u0131n son y\u0131l\u0131nda psikanalitik teknik \u00fczerine s\u0131n\u0131f\u0131nda verdi\u011fi dersleri sunuyor. Freud\u2019dan sonra en \u00f6zg\u00fcn psikanalistlerden birisi olarak bilinen Karen Horney, ayn\u0131 zamanda kurucular\u0131ndan oldu\u011fu Amerikan Psikanaliz Enstit\u00fcs\u00fc sayesinde verdi\u011fi derslerle psikanalistlerin e\u011fitimlerinde derin etki b\u0131rakan iyi bir \u00f6\u011fretmendi.  Bu \u00e7al\u0131\u015fma, \u0130\u00e7 \u00c7at\u0131\u015fmalar\u0131m\u0131z, Zaman\u0131m\u0131z\u0131n Nevrotik Ki\u015fili\u011fi ve Nevroz ve \u0130nsan Geli\u015fimi gibi klasik Horney metinlerini bilenler i\u00e7in temel bir okumad\u0131r. Yazarla yeni tan\u0131\u015fanlar kitab\u0131 okurken, onun d\u00fc\u015f\u00fcncelerine dair harika ipu\u00e7lar\u0131 bulacaklard\u0131r.<\/p>\n","protected":false},"excerpt":{"rendered":"<p>A\u00e7\u0131k, net, ilham verici, pratik ve hem yeni ba\u015flayan hem de deneyimli okur i\u00e7in kesinlikle m\u00fcthi\u015f kullan\u0131\u015fl\u0131. \u0130nsan davran\u0131\u015f\u0131n\u0131n dinamikleri ve psikanaliz ile ilgilenen herkes i\u00e7in<span class=\"excerpt-hellip\"> [\u2026]<\/span><\/p>\n","protected":false},"featured_media":0,"template":"","meta":{"_monsterinsights_skip_tracking":false,"_monsterinsights_sitenote_active":false,"_monsterinsights_sitenote_note":"","_monsterinsights_sitenote_category":0},"product_brand":[],"product_cat":[20502,12357],"product_tag":[],"class_list":{"0":"post-725694","1":"product","2":"type-product","3":"status-publish","5":"product_cat-basvuru-kitaplari-psikoloji","6":"product_cat-psikoloji","7":"pa_cilt-ciltsiz","8":"pa_tur-kitap","9":"pa_yayinevi-totem-yayinlari","10":"pa_yazar-karen-horney","12":"first","13":"instock","14":"sale","15":"shipping-taxable","16":"purchasable","17":"product-type-simple"},"_links":{"self":[{"href":"https:\/\/roveyayinevi.com.tr\/index.php\/wp-json\/wp\/v2\/product\/725694","targetHints":{"allow":["GET"]}}],"collection":[{"href":"https:\/\/roveyayinevi.com.tr\/index.php\/wp-json\/wp\/v2\/product"}],"about":[{"href":"https:\/\/roveyayinevi.com.tr\/index.php\/wp-json\/wp\/v2\/types\/product"}],"wp:attachment":[{"href":"https:\/\/roveyayinevi.com.tr\/index.php\/wp-json\/wp\/v2\/media?parent=725694"}],"wp:term":[{"taxonomy":"product_brand","embeddable":true,"href":"https:\/\/roveyayinevi.com.tr\/index.php\/wp-json\/wp\/v2\/product_brand?post=725694"},{"taxonomy":"product_cat","embeddable":true,"href":"https:\/\/roveyayinevi.com.tr\/index.php\/wp-json\/wp\/v2\/product_cat?post=725694"},{"taxonomy":"product_tag","embeddable":true,"href":"https:\/\/roveyayinevi.com.tr\/index.php\/wp-json\/wp\/v2\/product_tag?post=725694"}],"curies":[{"name":"wp","href":"https:\/\/api.w.org\/{rel}","templated":true}]}}