{"id":725692,"date":"2025-08-27T19:54:41","date_gmt":"2025-08-27T16:54:41","guid":{"rendered":"https:\/\/roveyayinevi.com.tr\/index.php\/urun\/donme-dolap\/"},"modified":"2026-04-16T02:33:35","modified_gmt":"2026-04-15T23:33:35","slug":"donme-dolap","status":"publish","type":"product","link":"https:\/\/roveyayinevi.com.tr\/index.php\/urun\/donme-dolap\/","title":{"rendered":"D\u00f6nme Dolap"},"content":{"rendered":"<p>D\u00fcnyan\u0131n iki farkl\u0131 \u015fehrinden yola \u00e7\u0131kan iki aile\u2026 Onlar\u0131n yolculuklar\u0131ndaki ayn\u0131l\u0131klar ve ayr\u0131l\u0131klar bizi de i\u00e7 d\u00fcnyam\u0131za do\u011fru bir yolculu\u011fa \u00e7\u0131kar\u0131yor. Empatinin g\u00fcc\u00fc sayesinde, ortak noktalar\u0131m\u0131z\u0131 ve aram\u0131zdaki g\u00f6r\u00fcnmez ba\u011flar\u0131 ke\u015ffediyor, hepimizin ayn\u0131 g\u00f6ky\u00fcz\u00fcne bakt\u0131\u011f\u0131n\u0131 hat\u0131rl\u0131yoruz. Ve g\u00f6r\u00fcyoruz ki ne olursa olsun oyun hep var, umut he var. Sava\u015f ve g\u00f6\u00e7 hakk\u0131nda konu\u015fmak i\u00e7in \u015fiirsel bir okuma yolculu\u011fu.<\/p>\n","protected":false},"excerpt":{"rendered":"<p>D\u00fcnyan\u0131n iki farkl\u0131 \u015fehrinden yola \u00e7\u0131kan iki aile\u2026 Onlar\u0131n yolculuklar\u0131ndaki ayn\u0131l\u0131klar ve ayr\u0131l\u0131klar bizi de i\u00e7 d\u00fcnyam\u0131za do\u011fru bir yolculu\u011fa \u00e7\u0131kar\u0131yor. Empatinin g\u00fcc\u00fc sayesinde, ortak noktalar\u0131m\u0131z\u0131<span class=\"excerpt-hellip\"> [\u2026]<\/span><\/p>\n","protected":false},"featured_media":0,"template":"","meta":{"_monsterinsights_skip_tracking":false,"_monsterinsights_sitenote_active":false,"_monsterinsights_sitenote_note":"","_monsterinsights_sitenote_category":0},"product_brand":[],"product_cat":[12274,12284],"product_tag":[],"class_list":{"0":"post-725692","1":"product","2":"type-product","3":"status-publish","5":"product_cat-cocuk-ve-genclik-kitaplari","6":"product_cat-hikayeler","7":"pa_cilt-ciltsiz","8":"pa_tur-kitap","9":"pa_yayinevi-dogan-egmont-yayincilik","10":"pa_yazar-tulin-kozikoglu-huseyin-sonmezay","12":"first","13":"instock","14":"sale","15":"shipping-taxable","16":"purchasable","17":"product-type-simple"},"_links":{"self":[{"href":"https:\/\/roveyayinevi.com.tr\/index.php\/wp-json\/wp\/v2\/product\/725692","targetHints":{"allow":["GET"]}}],"collection":[{"href":"https:\/\/roveyayinevi.com.tr\/index.php\/wp-json\/wp\/v2\/product"}],"about":[{"href":"https:\/\/roveyayinevi.com.tr\/index.php\/wp-json\/wp\/v2\/types\/product"}],"wp:attachment":[{"href":"https:\/\/roveyayinevi.com.tr\/index.php\/wp-json\/wp\/v2\/media?parent=725692"}],"wp:term":[{"taxonomy":"product_brand","embeddable":true,"href":"https:\/\/roveyayinevi.com.tr\/index.php\/wp-json\/wp\/v2\/product_brand?post=725692"},{"taxonomy":"product_cat","embeddable":true,"href":"https:\/\/roveyayinevi.com.tr\/index.php\/wp-json\/wp\/v2\/product_cat?post=725692"},{"taxonomy":"product_tag","embeddable":true,"href":"https:\/\/roveyayinevi.com.tr\/index.php\/wp-json\/wp\/v2\/product_tag?post=725692"}],"curies":[{"name":"wp","href":"https:\/\/api.w.org\/{rel}","templated":true}]}}