{"id":725691,"date":"2025-08-27T19:54:40","date_gmt":"2025-08-27T16:54:40","guid":{"rendered":"https:\/\/roveyayinevi.com.tr\/index.php\/urun\/milli-mecmua-sayi-15-temmuz-agustos-2020\/"},"modified":"2026-04-16T02:33:35","modified_gmt":"2026-04-15T23:33:35","slug":"milli-mecmua-sayi-15-temmuz-agustos-2020","status":"publish","type":"product","link":"https:\/\/roveyayinevi.com.tr\/index.php\/urun\/milli-mecmua-sayi-15-temmuz-agustos-2020\/","title":{"rendered":"Milli Mecmua Say\u0131 15 \/ Temmuz &#8211; A\u011fustos 2020"},"content":{"rendered":"<p>*\u00d6mer Seyfettin Ve Yeni Lisan Hareketi \/ Yasin \u0130zgi*II. Me\u015frutiyet\u2019ten Mill\u00ee M\u00fccadele\u2019ye \u00d6mer Seyfettin\u2019de T\u00fcrk Milliyet\u00e7ili\u011fi Fikri \/ \u00d6mer Burak Sert*Hasan Erimez ile \u00d6mer Seyfettin \u00dczerine M\u00fclakat \/ \u0130brahim Da\u015f*\u00d6mer Seyfettin\u2019in \u015eiirlerinde Hayvanlar (Simge, Benzetme, Mazmun, Alegori) \/ \u00c2saf H\u00fcseyin*\u00d6mer Seyfettin\u2019in \u00d6\u011fretti\u011fi: \u0130\u015fte, Masalar Musalla Ta\u015f\u0131 \/ Celal Fedai*\u00d6mer Seyfettin\u2019in \u201cYaln\u0131z Efe\u2019\u2019 \u00d6yk\u00fcs\u00fcne Arketipsel Bak\u0131\u015f \/ Emrah Ece*\u00d6mer Seyfettin\u2019in (11 Mart 1884 \u2013 6 Mart 1920) \/ G\u00f6kt\u00fcrk \u00d6mer \u00c7ak\u0131r*Bir Milleti H\u00fclyas\u0131ndan Uyand\u0131rmak: \u00d6mer Seyfettin\u2019in Nakarat Hik\u00e2yesinde Yanl\u0131\u015f Anlamalar Ve Hakikatin Seyri \/ Harun G\u00f6r\u00fcc\u00fcler*Yeni Lisan Manevi Vatan \/ K\u00fcbra Pehlivan*\u00d6mer Seyfettin\u2019in T\u00fcrkl\u00fck Mefk\u00fbresi \/ L\u00fctfi Bergen*\u00d6mer Seyfeddin\u2019in \u0130ki Hik\u00e2yesi \u00dczerinden Bir \u00dc\u00e7 Tarz-\u0131 Siyaset De\u011ferlendirmesi \/ Mehmet Kaan \u00c7alen*\u00d6mer Seyfettin\u2019in Hik\u00e2yeleri ve T\u00fcrk Hik\u00e2yecili\u011findeki Yeri \/ Mesut \u015een*Mustarip Ruhlu \u00d6mer Seyfettin Ve Onun \u201c\u00c7anakkale\u2019den Sonra\u2026\u201d Adl\u0131 \u00d6yk\u00fcs\u00fc \/ Metin Sava\u015f*Hik\u00e2yecinin \u00c7ocuklu\u011fu \/ Misli Baydo\u011fan*\u00d6mer Seyfettin Ve Gelene\u011fin \u0130cad\u0131 \/ Mustafa \u015eahin*\u00d6mer Seyfettin\u2019in \u0130ki Yaz\u0131s\u0131 \u00dczerinden-Mefk\u00fbre \/ \u0130brahim Da\u015f*T\u00fcrk \u00c7ocuklar\u0131n\u0131n Tabi\u00ee Hudutlar\u0131n\u0131 \u00c7izen \u015eahsiyet: \u00d6mer Seyfettin \/ Seher Aras*R\u00fctbesiz \u00d6mer Seyfettin \/ Semih Samy\u00fcrek*Topuza Kudret Veren T\u00fcrk\u00e7e \/ Turgut G\u00fcler*Nev-Yunan\u00eelik Ak\u0131m\u0131na \u0130lk Tepki: \u201cBoykotaj D\u00fc\u015fman\u0131\u201d \/ Y\u00fcksel Topalo\u011flu<\/p>\n","protected":false},"excerpt":{"rendered":"<p>*\u00d6mer Seyfettin Ve Yeni Lisan Hareketi \/ Yasin \u0130zgi*II. Me\u015frutiyet\u2019ten Mill\u00ee M\u00fccadele\u2019ye \u00d6mer Seyfettin\u2019de T\u00fcrk Milliyet\u00e7ili\u011fi Fikri \/ \u00d6mer Burak Sert*Hasan Erimez ile \u00d6mer Seyfettin \u00dczerine<span class=\"excerpt-hellip\"> [\u2026]<\/span><\/p>\n","protected":false},"featured_media":0,"template":"","meta":{"_monsterinsights_skip_tracking":false,"_monsterinsights_sitenote_active":false,"_monsterinsights_sitenote_note":"","_monsterinsights_sitenote_category":0},"product_brand":[],"product_cat":[30023,13527],"product_tag":[],"class_list":{"0":"post-725691","1":"product","2":"type-product","3":"status-publish","5":"product_cat-edebiyat-sureli-yayinlar","6":"product_cat-sureli-yayinlar","7":"pa_cilt-ciltsiz","8":"pa_tur-dergi","9":"pa_yayinevi-otuken-nesriyat","10":"pa_yazar-otuken-nesriyat-kolektif","12":"first","13":"instock","14":"sale","15":"shipping-taxable","16":"purchasable","17":"product-type-simple"},"_links":{"self":[{"href":"https:\/\/roveyayinevi.com.tr\/index.php\/wp-json\/wp\/v2\/product\/725691","targetHints":{"allow":["GET"]}}],"collection":[{"href":"https:\/\/roveyayinevi.com.tr\/index.php\/wp-json\/wp\/v2\/product"}],"about":[{"href":"https:\/\/roveyayinevi.com.tr\/index.php\/wp-json\/wp\/v2\/types\/product"}],"wp:attachment":[{"href":"https:\/\/roveyayinevi.com.tr\/index.php\/wp-json\/wp\/v2\/media?parent=725691"}],"wp:term":[{"taxonomy":"product_brand","embeddable":true,"href":"https:\/\/roveyayinevi.com.tr\/index.php\/wp-json\/wp\/v2\/product_brand?post=725691"},{"taxonomy":"product_cat","embeddable":true,"href":"https:\/\/roveyayinevi.com.tr\/index.php\/wp-json\/wp\/v2\/product_cat?post=725691"},{"taxonomy":"product_tag","embeddable":true,"href":"https:\/\/roveyayinevi.com.tr\/index.php\/wp-json\/wp\/v2\/product_tag?post=725691"}],"curies":[{"name":"wp","href":"https:\/\/api.w.org\/{rel}","templated":true}]}}