{"id":725690,"date":"2025-08-27T19:54:40","date_gmt":"2025-08-27T16:54:40","guid":{"rendered":"https:\/\/roveyayinevi.com.tr\/index.php\/urun\/sogut-turk-edebiyati-dergisi-sayi-04-temmuz-agustos-2020\/"},"modified":"2026-04-16T02:33:35","modified_gmt":"2026-04-15T23:33:35","slug":"sogut-turk-edebiyati-dergisi-sayi-04-temmuz-agustos-2020","status":"publish","type":"product","link":"https:\/\/roveyayinevi.com.tr\/index.php\/urun\/sogut-turk-edebiyati-dergisi-sayi-04-temmuz-agustos-2020\/","title":{"rendered":"S\u00f6\u011f\u00fct &#8211; T\u00fcrk Edebiyat\u0131 Dergisi Say\u0131 04 \/ Temmuz &#8211; A\u011fustos 2020"},"content":{"rendered":"<p>H\u0130K\u00c2YEZ\u0130NC\u0130FRE \/ BAHT\u0130YAR ASLAN YILAN ISLI\u011eI \/ BET\u00dcL OK \u015eEH\u0130TO\u011eLU \u0130P \/ ENVER AYKOLTOPA VURANLARIN EN YAKI\u015eIKLISI \/ BET\u00dcL \u00d6ZEN \u00c7\u00d6P \/ MENEK\u015eE ERCAN PEKELKAYBOLDUM \/ AYSEL ERTAN BENZE\u015eME \/ B\u0130RDAL AKAR DAR G\u00dcN \/ MENZER N\u0130YARLI KIRMIZI \/ M. Y\u00dcCEL \u00d6ZT\u00dcRKG\u0130DERAYAK \/ SAMET \u00c7ILDAN  \u015e\u0130\u0130R MEVS\u0130MS\u0130Z A\u015eKLAR MANZUMES\u0130 \/ BERAT DEM\u0130RC\u0130 HEM-ZEB\u00c2N \/ MEHMET S. F\u0130DANCI NAZ L\u00dbGATI \/ M. TU\u011eRUL \u00c7OLAK HAYAT, AKIL VE TASH\u0130H \/ MEHMET \u015eAM\u0130L SIRALAMA TURLARI \/ M. SAD\u0130 KARADEM\u0130R B\u0130R M\u00dcJDE G\u0130B\u0130 GELEN \/ MUSTAFA U\u00c7URUM PENCEREDEN U\u00c7URUMA \/ AYY\u00dcCE G\u00dcLO\u011eLUEY YALNIZLI\u011eINA B\u00dcR\u00dcNEN! \/ FATMA AKSU ELYAZMASI \/ MUSTAFA METE B\u0130R \u00c7\u0130FT YALNIZ \/ ANIL \u0130BRAH\u0130M BAKIRCI 42. ER \/ ORHAN TEPEBA\u015e HER MEVS\u0130M\u0130N MEYVES\u0130 \/ MEHMET AYCI\u00d6LMEDEN B\u0130R KU\u015eU \u00d6P\u00dcN\u00dcZ \/ CENG\u0130ZHAN ORAK\u00c7I DOSYA\u201c\u00d6LMEZ KLAS\u0130\u011e\u0130M\u0130Z KUTADGU B\u0130L\u0130G\u201d YA\u015eAR \u00c7A\u011eBAYIR ILE KUTADGU B\u0130L\u0130G \u00dcZER\u0130NE \/ CENG\u0130ZHAN ORAK\u00c7IKUTADGU B\u0130L\u0130G: T\u00dcRK\u00c7EN\u0130N KUDRET\u0130 \/ PROF. DR. \u0130BRAH\u0130M TA\u015e\u201cKUTADGU B\u0130L\u0130G\u2019\u0130N \u00d6NEM\u0130 VE BUG\u00dcNE S\u00d6YLED\u0130KLER\u0130\u201d PROF. DR. G\u00dcLDEN SA\u011eOL Y\u00dcKSEKKAYA \u0130LE KUTADGU B\u0130L\u0130G \u00dcZER\u0130NE \/ TU\u011e\u00c7E ME\u00c7YEN\u0130 UYGARLIK \u015eAFA\u011eINDA B\u0130R B\u0130LGEL\u0130K K\u0130TABI: KUTADGU B\u0130L\u0130G \/ PROF. DR. AL\u0130 AKAR\u201cFELSEFEN\u0130N \u0130\u00c7\u0130NDEN KUTADGU B\u0130L\u0130G\u201d G\u00d6KHAN YILMAZ ILE KUTADGU B\u0130L\u0130G \u00dcZERINE \/ G\u00d6KT\u00dcRK \u00d6MER \u00c7AKIRYUSUF HAS HAC\u0130B: \u201c\u0130NSAN AKIL\u0130LE Y\u00dcKSEL\u0130R, B\u0130LG\u0130 \u0130LE B\u00dcY\u00dcR; BU \u0130K\u0130S\u0130 \u0130LE \u0130NSAN \u0130T\u0130BAR G\u00d6R\u00dcR.\u201d \/ HAYAT\u0130 TEKDENEMEYAZMALAR DA YET\u0130M KALIR \/ CENG\u0130ZHAN ORAK\u00c7IB\u0130R \u015e\u0130FACI OZAN YA DA AYIP T\u00dcRK\u00c7EN\u0130N ERDEMLER\u0130 \/ S\u00dcLEYMAN \u00c7OBANO\u011eLUBABALAR VE O\u011eULLAR \/ MUSTAFA EVERD\u0130\u0130NSAN G\u00d6\u00c7ER \u015eEH\u0130R KALIR \/ TEK\u0130N \u015eENER H\u0130K\u00c2YELER \/ RAB\u0130A KARANF\u0130LC\u00d6NK YAZILARI -2- \u201cZAMAN B\u0130R DAHA D\u00dcZELMEZ\u201d \/ AL\u0130 DUYMAZYEN\u0130 VE ESK\u0130 \/ ERS\u0130N BAYRAMMEHL\u0130KA SULTAN K\u0130MD\u0130R? \/ MET\u0130N SAVA\u015eK\u00c2\u011eITTAN B\u0130R D\u00dcNYA \/ MUSTAFA KURTWITTGENSTEIN\u2019IN ATA YURDUNDA \/ ALAATT\u0130N D\u0130KER\u00dc\u00c7 \u00c2M\u00c2NIN G\u00d6STERD\u0130\u011e\u0130 \/ MUSTAFA SARI\u015eA\u0130R\u0130N MUC\u0130ZES\u0130, \u015e\u0130\u0130R\u0130N SIRRI: S\u0130STEN KATHARS\u0130SE \u0130MGE \/ EL\u0130F SABIR\u0130NCELEMEKEND\u0130NE DOLANAN SARMA\u015eIK \u00dcZER\u0130NE \/ EL\u0130F ARPACIKIZ KARDE\u015e \u0130\u00c7\u0130N \/ MEHMET AYCIRES\u0130M \u0130LE EDEB\u0130YAT \u0130L\u0130\u015eK\u0130S\u0130N\u0130N K\u0130TAPLA\u015eMI\u015e HAL\u0130 \/ FUNDA \u00d6ZSOY E.M\u0130LL\u0130 SAVA\u015e H\u0130KAYELER\u0130\u2019NDEN KA\u00c7 F\u0130LM \u00c7IKMAZ? \/ ERHAN PA\u015eAZADES\u00d6YLE\u015e\u0130MEHMET S. F\u0130DANCI\u2019YLA \u015e\u0130\u0130R(\u0130N)E DA\u0130R B\u0130R S\u00d6YLE\u015eI: \u201cNASIL ANLATAYIM ISLI\u011eINI ALI\u00c7LARIN\u201d \/ TAYFUN HAYKIR<\/p>\n","protected":false},"excerpt":{"rendered":"<p>H\u0130K\u00c2YEZ\u0130NC\u0130FRE \/ BAHT\u0130YAR ASLAN YILAN ISLI\u011eI \/ BET\u00dcL OK \u015eEH\u0130TO\u011eLU \u0130P \/ ENVER AYKOLTOPA VURANLARIN EN YAKI\u015eIKLISI \/ BET\u00dcL \u00d6ZEN \u00c7\u00d6P \/ MENEK\u015eE ERCAN PEKELKAYBOLDUM \/<span class=\"excerpt-hellip\"> [\u2026]<\/span><\/p>\n","protected":false},"featured_media":0,"template":"","meta":{"_monsterinsights_skip_tracking":false,"_monsterinsights_sitenote_active":false,"_monsterinsights_sitenote_note":"","_monsterinsights_sitenote_category":0},"product_brand":[],"product_cat":[30023,13527],"product_tag":[],"class_list":{"0":"post-725690","1":"product","2":"type-product","3":"status-publish","5":"product_cat-edebiyat-sureli-yayinlar","6":"product_cat-sureli-yayinlar","7":"pa_cilt-ciltsiz","8":"pa_tur-dergi","9":"pa_yayinevi-otuken-nesriyat","10":"pa_yazar-otuken-nesriyat-kolektif","12":"first","13":"instock","14":"sale","15":"shipping-taxable","16":"purchasable","17":"product-type-simple"},"_links":{"self":[{"href":"https:\/\/roveyayinevi.com.tr\/index.php\/wp-json\/wp\/v2\/product\/725690","targetHints":{"allow":["GET"]}}],"collection":[{"href":"https:\/\/roveyayinevi.com.tr\/index.php\/wp-json\/wp\/v2\/product"}],"about":[{"href":"https:\/\/roveyayinevi.com.tr\/index.php\/wp-json\/wp\/v2\/types\/product"}],"wp:attachment":[{"href":"https:\/\/roveyayinevi.com.tr\/index.php\/wp-json\/wp\/v2\/media?parent=725690"}],"wp:term":[{"taxonomy":"product_brand","embeddable":true,"href":"https:\/\/roveyayinevi.com.tr\/index.php\/wp-json\/wp\/v2\/product_brand?post=725690"},{"taxonomy":"product_cat","embeddable":true,"href":"https:\/\/roveyayinevi.com.tr\/index.php\/wp-json\/wp\/v2\/product_cat?post=725690"},{"taxonomy":"product_tag","embeddable":true,"href":"https:\/\/roveyayinevi.com.tr\/index.php\/wp-json\/wp\/v2\/product_tag?post=725690"}],"curies":[{"name":"wp","href":"https:\/\/api.w.org\/{rel}","templated":true}]}}