{"id":725688,"date":"2025-08-27T19:54:39","date_gmt":"2025-08-27T16:54:39","guid":{"rendered":"https:\/\/roveyayinevi.com.tr\/index.php\/urun\/kimin-kuyrugu-kimin-bunlar\/"},"modified":"2026-04-16T02:33:34","modified_gmt":"2026-04-15T23:33:34","slug":"kimin-kuyrugu-kimin-bunlar","status":"publish","type":"product","link":"https:\/\/roveyayinevi.com.tr\/index.php\/urun\/kimin-kuyrugu-kimin-bunlar\/","title":{"rendered":"Kimin Kuyru\u011fu ? Kimin Bunlar ?"},"content":{"rendered":"<p>\u00c7izgili kuyruk, benekli kuyruk, k\u0131sa kuyruk, sallanan kuyruk ve yere pat pat vuran kuyruk!Kimin bunlar? Ka\u00e7 tanesini tahmin edebilirsin?<\/p>\n","protected":false},"excerpt":{"rendered":"<p>\u00c7izgili kuyruk, benekli kuyruk, k\u0131sa kuyruk, sallanan kuyruk ve yere pat pat vuran kuyruk!Kimin bunlar? Ka\u00e7 tanesini tahmin edebilirsin?<\/p>\n","protected":false},"featured_media":0,"template":"","meta":{"_monsterinsights_skip_tracking":false,"_monsterinsights_sitenote_active":false,"_monsterinsights_sitenote_note":"","_monsterinsights_sitenote_category":0},"product_brand":[],"product_cat":[12274,12518],"product_tag":[],"class_list":{"0":"post-725688","1":"product","2":"type-product","3":"status-publish","5":"product_cat-cocuk-ve-genclik-kitaplari","6":"product_cat-okul-oncesi-kitaplar","7":"pa_cilt-ciltsiz","8":"pa_tur-kitap","9":"pa_yayinevi-is-bankasi-kultur-yayinlari","10":"pa_yazar-sue-tarsky","12":"first","13":"instock","14":"sale","15":"shipping-taxable","16":"purchasable","17":"product-type-simple"},"_links":{"self":[{"href":"https:\/\/roveyayinevi.com.tr\/index.php\/wp-json\/wp\/v2\/product\/725688","targetHints":{"allow":["GET"]}}],"collection":[{"href":"https:\/\/roveyayinevi.com.tr\/index.php\/wp-json\/wp\/v2\/product"}],"about":[{"href":"https:\/\/roveyayinevi.com.tr\/index.php\/wp-json\/wp\/v2\/types\/product"}],"wp:attachment":[{"href":"https:\/\/roveyayinevi.com.tr\/index.php\/wp-json\/wp\/v2\/media?parent=725688"}],"wp:term":[{"taxonomy":"product_brand","embeddable":true,"href":"https:\/\/roveyayinevi.com.tr\/index.php\/wp-json\/wp\/v2\/product_brand?post=725688"},{"taxonomy":"product_cat","embeddable":true,"href":"https:\/\/roveyayinevi.com.tr\/index.php\/wp-json\/wp\/v2\/product_cat?post=725688"},{"taxonomy":"product_tag","embeddable":true,"href":"https:\/\/roveyayinevi.com.tr\/index.php\/wp-json\/wp\/v2\/product_tag?post=725688"}],"curies":[{"name":"wp","href":"https:\/\/api.w.org\/{rel}","templated":true}]}}