{"id":725686,"date":"2025-08-27T19:54:37","date_gmt":"2025-08-27T16:54:37","guid":{"rendered":"https:\/\/roveyayinevi.com.tr\/index.php\/urun\/ilk-kar\/"},"modified":"2026-04-16T02:33:34","modified_gmt":"2026-04-15T23:33:34","slug":"ilk-kar","status":"publish","type":"product","link":"https:\/\/roveyayinevi.com.tr\/index.php\/urun\/ilk-kar\/","title":{"rendered":"\u0130lk Kar"},"content":{"rendered":"<p>Herkes d\u0131\u015far\u0131da. Buz gibi hava. Bir kar tanesi de sen yakala. Lapa lapa kar ya\u011f\u0131yor.Karda oynayabilece\u011fimiz oyunlar\u0131n tad\u0131n\u0131 \u00e7\u0131karal\u0131m.S\u0131k\u0131 s\u0131k\u0131 giyinip, kardan adam yapmak i\u00e7in d\u0131\u015far\u0131 \u00e7\u0131kal\u0131m.Kara uzan\u0131p, kollar\u0131m\u0131z\u0131 ve bacaklar\u0131m\u0131z\u0131 oynatarak kelebek \u015fekli yapal\u0131m, k\u0131zakla kayal\u0131m.<\/p>\n","protected":false},"excerpt":{"rendered":"<p>Herkes d\u0131\u015far\u0131da. Buz gibi hava. Bir kar tanesi de sen yakala. Lapa lapa kar ya\u011f\u0131yor.Karda oynayabilece\u011fimiz oyunlar\u0131n tad\u0131n\u0131 \u00e7\u0131karal\u0131m.S\u0131k\u0131 s\u0131k\u0131 giyinip, kardan adam yapmak i\u00e7in d\u0131\u015far\u0131<span class=\"excerpt-hellip\"> [\u2026]<\/span><\/p>\n","protected":false},"featured_media":0,"template":"","meta":{"_monsterinsights_skip_tracking":false,"_monsterinsights_sitenote_active":false,"_monsterinsights_sitenote_note":"","_monsterinsights_sitenote_category":0},"product_brand":[],"product_cat":[12274,12518],"product_tag":[],"class_list":{"0":"post-725686","1":"product","2":"type-product","3":"status-publish","5":"product_cat-cocuk-ve-genclik-kitaplari","6":"product_cat-okul-oncesi-kitaplar","7":"pa_cilt-ciltsiz","8":"pa_tur-kitap","9":"pa_yayinevi-is-bankasi-kultur-yayinlari","10":"pa_yazar-nancy-viau","12":"first","13":"instock","14":"sale","15":"shipping-taxable","16":"purchasable","17":"product-type-simple"},"_links":{"self":[{"href":"https:\/\/roveyayinevi.com.tr\/index.php\/wp-json\/wp\/v2\/product\/725686","targetHints":{"allow":["GET"]}}],"collection":[{"href":"https:\/\/roveyayinevi.com.tr\/index.php\/wp-json\/wp\/v2\/product"}],"about":[{"href":"https:\/\/roveyayinevi.com.tr\/index.php\/wp-json\/wp\/v2\/types\/product"}],"wp:attachment":[{"href":"https:\/\/roveyayinevi.com.tr\/index.php\/wp-json\/wp\/v2\/media?parent=725686"}],"wp:term":[{"taxonomy":"product_brand","embeddable":true,"href":"https:\/\/roveyayinevi.com.tr\/index.php\/wp-json\/wp\/v2\/product_brand?post=725686"},{"taxonomy":"product_cat","embeddable":true,"href":"https:\/\/roveyayinevi.com.tr\/index.php\/wp-json\/wp\/v2\/product_cat?post=725686"},{"taxonomy":"product_tag","embeddable":true,"href":"https:\/\/roveyayinevi.com.tr\/index.php\/wp-json\/wp\/v2\/product_tag?post=725686"}],"curies":[{"name":"wp","href":"https:\/\/api.w.org\/{rel}","templated":true}]}}