{"id":725685,"date":"2025-08-27T19:54:36","date_gmt":"2025-08-27T16:54:36","guid":{"rendered":"https:\/\/roveyayinevi.com.tr\/index.php\/urun\/dunyada-neler-var\/"},"modified":"2026-04-16T02:33:34","modified_gmt":"2026-04-15T23:33:34","slug":"dunyada-neler-var","status":"publish","type":"product","link":"https:\/\/roveyayinevi.com.tr\/index.php\/urun\/dunyada-neler-var\/","title":{"rendered":"D\u00fcnya\u2019da Neler Var"},"content":{"rendered":"<p>D\u00fcnya, her mevsimde ayr\u0131 g\u00fczel. Uzaktan gelen g\u00f6k g\u00fcr\u00fclt\u00fcs\u00fcn\u00fc duyuyor musun?Ya\u011fmur \u00f6nce \u00e7iseliyor, sonra sa\u011fanak bast\u0131r\u0131yor! Hadi ya\u011fmuru seyredelim! Kumlarda oynayal\u0131m. Kardan adam yapal\u0131m. Her mevsimin keyfi ayr\u0131. Her birimiz, t\u00fcm y\u0131l boyunca gezegenimize yard\u0131m edebiliriz. Bunu nas\u0131l yapabilece\u011fimizi biliyor musun? Do\u011fay\u0131 her haliyle sevmeyi ve ona yard\u0131mc\u0131 olmay\u0131 anlatan bu \u00f6yk\u00fcy\u00fc \u00e7ok seveceksin.<\/p>\n","protected":false},"excerpt":{"rendered":"<p>D\u00fcnya, her mevsimde ayr\u0131 g\u00fczel. Uzaktan gelen g\u00f6k g\u00fcr\u00fclt\u00fcs\u00fcn\u00fc duyuyor musun?Ya\u011fmur \u00f6nce \u00e7iseliyor, sonra sa\u011fanak bast\u0131r\u0131yor! Hadi ya\u011fmuru seyredelim! Kumlarda oynayal\u0131m. Kardan adam yapal\u0131m. Her mevsimin<span class=\"excerpt-hellip\"> [\u2026]<\/span><\/p>\n","protected":false},"featured_media":0,"template":"","meta":{"_monsterinsights_skip_tracking":false,"_monsterinsights_sitenote_active":false,"_monsterinsights_sitenote_note":"","_monsterinsights_sitenote_category":0},"product_brand":[],"product_cat":[12274,12518],"product_tag":[],"class_list":{"0":"post-725685","1":"product","2":"type-product","3":"status-publish","5":"product_cat-cocuk-ve-genclik-kitaplari","6":"product_cat-okul-oncesi-kitaplar","7":"pa_cilt-ciltsiz","8":"pa_tur-kitap","9":"pa_yayinevi-is-bankasi-kultur-yayinlari","10":"pa_yazar-sue-fliess","12":"first","13":"instock","14":"sale","15":"shipping-taxable","16":"purchasable","17":"product-type-simple"},"_links":{"self":[{"href":"https:\/\/roveyayinevi.com.tr\/index.php\/wp-json\/wp\/v2\/product\/725685","targetHints":{"allow":["GET"]}}],"collection":[{"href":"https:\/\/roveyayinevi.com.tr\/index.php\/wp-json\/wp\/v2\/product"}],"about":[{"href":"https:\/\/roveyayinevi.com.tr\/index.php\/wp-json\/wp\/v2\/types\/product"}],"wp:attachment":[{"href":"https:\/\/roveyayinevi.com.tr\/index.php\/wp-json\/wp\/v2\/media?parent=725685"}],"wp:term":[{"taxonomy":"product_brand","embeddable":true,"href":"https:\/\/roveyayinevi.com.tr\/index.php\/wp-json\/wp\/v2\/product_brand?post=725685"},{"taxonomy":"product_cat","embeddable":true,"href":"https:\/\/roveyayinevi.com.tr\/index.php\/wp-json\/wp\/v2\/product_cat?post=725685"},{"taxonomy":"product_tag","embeddable":true,"href":"https:\/\/roveyayinevi.com.tr\/index.php\/wp-json\/wp\/v2\/product_tag?post=725685"}],"curies":[{"name":"wp","href":"https:\/\/api.w.org\/{rel}","templated":true}]}}