{"id":725670,"date":"2025-08-27T19:54:23","date_gmt":"2025-08-27T16:54:23","guid":{"rendered":"https:\/\/roveyayinevi.com.tr\/index.php\/urun\/mesrutiyetten-cumhuriyete-ana-akim-siyasi-partiler-1889-1930\/"},"modified":"2026-04-16T02:33:34","modified_gmt":"2026-04-15T23:33:34","slug":"mesrutiyetten-cumhuriyete-ana-akim-siyasi-partiler-1889-1930","status":"publish","type":"product","link":"https:\/\/roveyayinevi.com.tr\/index.php\/urun\/mesrutiyetten-cumhuriyete-ana-akim-siyasi-partiler-1889-1930\/","title":{"rendered":"Me\u015frutiyet&#8217;ten Cumhuriyet&#8217;e Ana Ak\u0131m Siyasi Partiler (1889-1930)"},"content":{"rendered":"<p>\u0130\u00e7indekilerB\u0130R\u0130NC\u0130 B\u00d6L\u00dcM \u2013 D\u00fcnyada Rejimler Ve Siyasal Sistemler1.1.Demokratik Rejimler1.2.Otoriter Rejimler\u0130K\u0130NC\u0130 B\u00d6L\u00dcM \u2013 Me\u015frutiyetten Tevar\u00fcs Eden Miras: Osmanl\u0131\u2019da Siyasal Partiler2.1.Arkaplan: J\u00f6n T\u00fcrk Hareketi Ve Me\u015frutiyet2.2.\u0130ttihat Ve Terakki Cemiyeti2.3.Me\u015frutiyet Ve Muhalefet\u00dc\u00c7\u00dcNC\u00dc B\u00d6L\u00dcM \u2013 Cumhuriyet\u2019e Giden Yolda Birinci Meclis: \u0130ktidar-Muhalefet Gruplar\u01313.1.Birinci Meclis\u2019te Grupla\u015fmalar Ve Birinci Grup\u2019un Do\u011fu\u015fu3.2.Birinci Meclis\u2019te Muhalif Yap\u0131 Olarak \u0130kinci Grup3.3.Muhalefet Alanlar\u0131 Ve \u00c7at\u0131\u015fma Noktalar\u01313.4.Se\u00e7imlerin Yenilenmesi Ve Birinci Meclis\u2019in NihayetiD\u00d6RD\u00dcNC\u00dc B\u00d6L\u00dcM \u2013 Cumhuriyet Halk F\u0131rkas\u01314.1.Anadolu Ve Rumeli M\u00fcdafaa-\u0131 Hukuk Cemiyetinin Halk F\u0131rkas\u0131na D\u00f6n\u00fc\u015f\u00fcm\u00fc4.2.Halk F\u0131rkas\u0131n\u0131n Nizamnameleri Ve Programlar\u01314.3.Halk F\u0131rkas\u0131n\u0131n \u0130deolojik Yap\u0131s\u01314.4.Parti-Devlet B\u00fct\u00fcnle\u015fmesi Ve Tek Parti RejimiBE\u015e\u0130NC\u0130 B\u00d6L\u00dcM \u2013 Terakkiperver Cumhuriyet F\u0131rkas\u01315.1.Cumhuriyetin \u0130lan\u0131nda Usul Tart\u0131\u015fmalar\u01315.2.Pa\u015falar\u0131n \u0130stifas\u01315.3.\u0130stizah Takriri Ve Halk F\u0131rkas\u0131ndan \u0130stifalar5.4.Terakkiperver Cumhuriyet F\u0131rkas\u0131n\u0131n Kurulu\u015fu5.5.\u0130zmir Suikast\u0131 Ve Yarg\u0131lamalar\u0131ALTINCI B\u00d6L\u00dcM \u2013 Serbest Cumhuriyet F\u0131rkas\u01316.1.Siyasi Arkaplan: F\u0131rkay\u0131 Do\u011furan Amiller6.2.F\u0131rkan\u0131n Kurulu\u015fu: Muvazaa M\u0131 Hakiki Muhalefet Mi?6.3.Sertle\u015fen Siyaset: Kar\u015f\u0131l\u0131kl\u0131 Nutuklar Ve \u0130zmir Hadisesi6.4.Belediye Se\u00e7imleri Ve F\u0131rkan\u0131n Feshi<\/p>\n","protected":false},"excerpt":{"rendered":"<p>\u0130\u00e7indekilerB\u0130R\u0130NC\u0130 B\u00d6L\u00dcM \u2013 D\u00fcnyada Rejimler Ve Siyasal Sistemler1.1.Demokratik Rejimler1.2.Otoriter Rejimler\u0130K\u0130NC\u0130 B\u00d6L\u00dcM \u2013 Me\u015frutiyetten Tevar\u00fcs Eden Miras: Osmanl\u0131\u2019da Siyasal Partiler2.1.Arkaplan: J\u00f6n T\u00fcrk Hareketi Ve Me\u015frutiyet2.2.\u0130ttihat Ve Terakki<span class=\"excerpt-hellip\"> [\u2026]<\/span><\/p>\n","protected":false},"featured_media":0,"template":"","meta":{"_monsterinsights_skip_tracking":false,"_monsterinsights_sitenote_active":false,"_monsterinsights_sitenote_note":"","_monsterinsights_sitenote_category":0},"product_brand":[],"product_cat":[12337,14706],"product_tag":[],"class_list":{"0":"post-725670","1":"product","2":"type-product","3":"status-publish","5":"product_cat-politika-siyaset","6":"product_cat-siyaset-bilimi","7":"pa_cilt-ciltsiz","8":"pa_tur-kitap","9":"pa_yayinevi-gazi-kitabevi","10":"pa_yazar-gokberk-yucel","12":"first","13":"instock","14":"sale","15":"shipping-taxable","16":"purchasable","17":"product-type-simple"},"_links":{"self":[{"href":"https:\/\/roveyayinevi.com.tr\/index.php\/wp-json\/wp\/v2\/product\/725670","targetHints":{"allow":["GET"]}}],"collection":[{"href":"https:\/\/roveyayinevi.com.tr\/index.php\/wp-json\/wp\/v2\/product"}],"about":[{"href":"https:\/\/roveyayinevi.com.tr\/index.php\/wp-json\/wp\/v2\/types\/product"}],"wp:attachment":[{"href":"https:\/\/roveyayinevi.com.tr\/index.php\/wp-json\/wp\/v2\/media?parent=725670"}],"wp:term":[{"taxonomy":"product_brand","embeddable":true,"href":"https:\/\/roveyayinevi.com.tr\/index.php\/wp-json\/wp\/v2\/product_brand?post=725670"},{"taxonomy":"product_cat","embeddable":true,"href":"https:\/\/roveyayinevi.com.tr\/index.php\/wp-json\/wp\/v2\/product_cat?post=725670"},{"taxonomy":"product_tag","embeddable":true,"href":"https:\/\/roveyayinevi.com.tr\/index.php\/wp-json\/wp\/v2\/product_tag?post=725670"}],"curies":[{"name":"wp","href":"https:\/\/api.w.org\/{rel}","templated":true}]}}