{"id":725669,"date":"2025-08-27T19:54:22","date_gmt":"2025-08-27T16:54:22","guid":{"rendered":"https:\/\/roveyayinevi.com.tr\/index.php\/urun\/turk-bankacilik-sektorunde-kilit-denetim-konulari\/"},"modified":"2026-04-16T02:33:34","modified_gmt":"2026-04-15T23:33:34","slug":"turk-bankacilik-sektorunde-kilit-denetim-konulari","status":"publish","type":"product","link":"https:\/\/roveyayinevi.com.tr\/index.php\/urun\/turk-bankacilik-sektorunde-kilit-denetim-konulari\/","title":{"rendered":"T\u00fcrk Bankac\u0131l\u0131k Sekt\u00f6r\u00fcnde Kilit Denetim Konular\u0131"},"content":{"rendered":"<p>\u0130\u00e7indekiler  B\u0130R\u0130NC\u0130 B\u00d6L\u00dcM \u2013 Denetim Kavram\u0131 Ve \u00c7er\u00e7evesi1.1.Denetim Kavram\u0131, Denetim T\u00fcrleri ve Ba\u011f\u0131ms\u0131z Denetim1.2.Denet\u00e7i Kavram\u0131, Denet\u00e7i T\u00fcrleri ve T\u00fcrkiye\u2019de Denetim Mesle\u011fi1.3.Ba\u011f\u0131ms\u0131z Denetim ve \u00c7er\u00e7evesi \u0130K\u0130NC\u0130 B\u00d6L\u00dcM \u2013 Ba\u011f\u0131ms\u0131z Denetim Raporlamas\u0131nda De\u011fi\u015fimin Boyutlar\u0131, Yeni Ba\u011f\u0131ms\u0131z Denetim Raporlamas\u0131 Ve Kilit Denetim Konular\u01312.1.Ba\u011f\u0131ms\u0131z Denetim Raporlamas\u0131nda De\u011fi\u015fimin Boyutlar\u0131 2.2.Yeni Ba\u011f\u0131ms\u0131z Denetim Raporlamas\u0131n\u0131n Boyutlar\u0131 \u00dc\u00c7\u00dcNC\u00dc B\u00d6L\u00dcM \u2013 T\u00fcrk Bankac\u0131l\u0131k Sekt\u00f6r\u00fcnde Kilit Denetim Konular\u0131 \u0130le Ele Al\u0131n\u0131\u015f Bi\u00e7imleri Ve Denet\u00e7i G\u00f6r\u00fc\u015f Dayanaklar\u0131n\u0131n \u0130ncelenmesi3.1.Literat\u00fcr Ara\u015ft\u0131rmas\u01313.2.Ara\u015ft\u0131rman\u0131n Amac\u01313.3.Ara\u015ft\u0131rman\u0131n Kapsam\u01313.4.Ara\u015ft\u0131rman\u0131n Y\u00f6ntemi3.5.Ara\u015ft\u0131rman\u0131n Bulgular\u0131<\/p>\n","protected":false},"excerpt":{"rendered":"<p>\u0130\u00e7indekiler B\u0130R\u0130NC\u0130 B\u00d6L\u00dcM \u2013 Denetim Kavram\u0131 Ve \u00c7er\u00e7evesi1.1.Denetim Kavram\u0131, Denetim T\u00fcrleri ve Ba\u011f\u0131ms\u0131z Denetim1.2.Denet\u00e7i Kavram\u0131, Denet\u00e7i T\u00fcrleri ve T\u00fcrkiye\u2019de Denetim Mesle\u011fi1.3.Ba\u011f\u0131ms\u0131z Denetim ve \u00c7er\u00e7evesi \u0130K\u0130NC\u0130 B\u00d6L\u00dcM<span class=\"excerpt-hellip\"> [\u2026]<\/span><\/p>\n","protected":false},"featured_media":0,"template":"","meta":{"_monsterinsights_skip_tracking":false,"_monsterinsights_sitenote_active":false,"_monsterinsights_sitenote_note":"","_monsterinsights_sitenote_category":0},"product_brand":[],"product_cat":[13043,14381],"product_tag":[],"class_list":{"0":"post-725669","1":"product","2":"type-product","3":"status-publish","5":"product_cat-ekonomi","6":"product_cat-isletme-muhasebe-maliye","7":"pa_cilt-ciltsiz","8":"pa_tur-kitap","9":"pa_yayinevi-gazi-kitabevi","10":"pa_yazar-sedat-coskun","12":"first","13":"instock","14":"sale","15":"shipping-taxable","16":"purchasable","17":"product-type-simple"},"_links":{"self":[{"href":"https:\/\/roveyayinevi.com.tr\/index.php\/wp-json\/wp\/v2\/product\/725669","targetHints":{"allow":["GET"]}}],"collection":[{"href":"https:\/\/roveyayinevi.com.tr\/index.php\/wp-json\/wp\/v2\/product"}],"about":[{"href":"https:\/\/roveyayinevi.com.tr\/index.php\/wp-json\/wp\/v2\/types\/product"}],"wp:attachment":[{"href":"https:\/\/roveyayinevi.com.tr\/index.php\/wp-json\/wp\/v2\/media?parent=725669"}],"wp:term":[{"taxonomy":"product_brand","embeddable":true,"href":"https:\/\/roveyayinevi.com.tr\/index.php\/wp-json\/wp\/v2\/product_brand?post=725669"},{"taxonomy":"product_cat","embeddable":true,"href":"https:\/\/roveyayinevi.com.tr\/index.php\/wp-json\/wp\/v2\/product_cat?post=725669"},{"taxonomy":"product_tag","embeddable":true,"href":"https:\/\/roveyayinevi.com.tr\/index.php\/wp-json\/wp\/v2\/product_tag?post=725669"}],"curies":[{"name":"wp","href":"https:\/\/api.w.org\/{rel}","templated":true}]}}