{"id":725668,"date":"2025-08-27T19:54:21","date_gmt":"2025-08-27T16:54:21","guid":{"rendered":"https:\/\/roveyayinevi.com.tr\/index.php\/urun\/kayaliklar-altinda\/"},"modified":"2026-04-16T02:33:34","modified_gmt":"2026-04-15T23:33:34","slug":"kayaliklar-altinda","status":"publish","type":"product","link":"https:\/\/roveyayinevi.com.tr\/index.php\/urun\/kayaliklar-altinda\/","title":{"rendered":"Kayal\u0131klar Alt\u0131nda"},"content":{"rendered":"<p>Ellerin yak\u0131n\u0131nda ilerlerken onlarcas\u0131 daha \u00e7\u0131kt\u0131 ve g\u00f6ky\u00fcz\u00fcne y\u00fckseldi.Sanki yava\u015flat\u0131lm\u0131\u015f \u015fekilde oynat\u0131lan film sahnesini and\u0131r\u0131yorlard\u0131.  Da\u011f evine geri mi d\u00f6nmeliydiler? Bunun i\u00e7in art\u0131k \u00e7ok ge\u00e7ti. Sis bulutu i\u00e7inde d\u00f6n\u00fc\u015f yolunu bulmalar\u0131 zordu. Onlar i\u00e7in \u00f6l\u00fcme yapt\u0131klar\u0131 yolculuk, da\u011f evinden \u00e7\u0131kt\u0131klar\u0131nda ba\u015flam\u0131\u015ft\u0131.\u00dcstelik oraya geri d\u00f6nseler de g\u00fcvende olmayacaklard\u0131. Kurtulma umuduyla yola \u00e7\u0131kt\u0131klar\u0131nda geride anne ve babas\u0131n\u0131n arka bah\u00e7edeki mezarlar\u0131 ile eski g\u00fcnlere dair g\u00fczel an\u0131lar\u0131n\u0131 b\u0131rakm\u0131\u015flard\u0131.<\/p>\n","protected":false},"excerpt":{"rendered":"<p>Ellerin yak\u0131n\u0131nda ilerlerken onlarcas\u0131 daha \u00e7\u0131kt\u0131 ve g\u00f6ky\u00fcz\u00fcne y\u00fckseldi.Sanki yava\u015flat\u0131lm\u0131\u015f \u015fekilde oynat\u0131lan film sahnesini and\u0131r\u0131yorlard\u0131. Da\u011f evine geri mi d\u00f6nmeliydiler? Bunun i\u00e7in art\u0131k \u00e7ok ge\u00e7ti. Sis<span class=\"excerpt-hellip\"> [\u2026]<\/span><\/p>\n","protected":false},"featured_media":0,"template":"","meta":{"_monsterinsights_skip_tracking":false,"_monsterinsights_sitenote_active":false,"_monsterinsights_sitenote_note":"","_monsterinsights_sitenote_category":0},"product_brand":[],"product_cat":[12291,12711],"product_tag":[],"class_list":{"0":"post-725668","1":"product","2":"type-product","3":"status-publish","5":"product_cat-edebiyat","6":"product_cat-roman-oyku","7":"pa_cilt-ciltsiz","8":"pa_tur-kitap","9":"pa_yayinevi-fa-yayinlari","10":"pa_yazar-suat-er","12":"first","13":"instock","14":"sale","15":"shipping-taxable","16":"purchasable","17":"product-type-simple"},"_links":{"self":[{"href":"https:\/\/roveyayinevi.com.tr\/index.php\/wp-json\/wp\/v2\/product\/725668","targetHints":{"allow":["GET"]}}],"collection":[{"href":"https:\/\/roveyayinevi.com.tr\/index.php\/wp-json\/wp\/v2\/product"}],"about":[{"href":"https:\/\/roveyayinevi.com.tr\/index.php\/wp-json\/wp\/v2\/types\/product"}],"wp:attachment":[{"href":"https:\/\/roveyayinevi.com.tr\/index.php\/wp-json\/wp\/v2\/media?parent=725668"}],"wp:term":[{"taxonomy":"product_brand","embeddable":true,"href":"https:\/\/roveyayinevi.com.tr\/index.php\/wp-json\/wp\/v2\/product_brand?post=725668"},{"taxonomy":"product_cat","embeddable":true,"href":"https:\/\/roveyayinevi.com.tr\/index.php\/wp-json\/wp\/v2\/product_cat?post=725668"},{"taxonomy":"product_tag","embeddable":true,"href":"https:\/\/roveyayinevi.com.tr\/index.php\/wp-json\/wp\/v2\/product_tag?post=725668"}],"curies":[{"name":"wp","href":"https:\/\/api.w.org\/{rel}","templated":true}]}}