{"id":725666,"date":"2025-08-27T19:54:19","date_gmt":"2025-08-27T16:54:19","guid":{"rendered":"https:\/\/roveyayinevi.com.tr\/index.php\/urun\/cinnet-kafesi\/"},"modified":"2026-04-03T02:41:00","modified_gmt":"2026-04-02T23:41:00","slug":"cinnet-kafesi","status":"publish","type":"product","link":"https:\/\/roveyayinevi.com.tr\/index.php\/urun\/cinnet-kafesi\/","title":{"rendered":"Cinnet Kafesi"},"content":{"rendered":"<p>Kelimelerimdi sular alt\u0131nda kalan&#8230; Hepsi bo\u011fuluyordu. Zaman\u0131 gelmi\u015fti onlar\u0131 g\u00fcn y\u00fcz\u00fcne \u00e7\u0131karman\u0131n. \u00dczerimdeki a\u011f\u0131rl\u0131\u011f\u0131n gitmesi kelimelerimin yan yana gelmesinin hafifli\u011finden oldu.K\u00fcvete girdi ve suyu a\u00e7t\u0131. Uzun bir s\u00fcre suyun alt\u0131nda hareketsizce kald\u0131. Su ile birlikte ya\u015fad\u0131\u011f\u0131 ac\u0131n\u0131n dinece\u011fini kendine ispatlamak istedi ama i\u015fe yaramad\u0131. Sonunda vazge\u00e7ti ve gecenin karanl\u0131\u011f\u0131nda ne kadar yaln\u0131z oldu\u011funu hissetti. Ruhu \u00fc\u015f\u00fcyordu. Daha sonra akl\u0131na Burak d\u00fc\u015f\u00fcyor, yan\u0131yordu yeniden. \u0130\u00e7inde onu korkutan dengesiz bir katil vard\u0131 sanki&#8230;<\/p>\n","protected":false},"excerpt":{"rendered":"<p>Kelimelerimdi sular alt\u0131nda kalan&#8230; Hepsi bo\u011fuluyordu. Zaman\u0131 gelmi\u015fti onlar\u0131 g\u00fcn y\u00fcz\u00fcne \u00e7\u0131karman\u0131n. \u00dczerimdeki a\u011f\u0131rl\u0131\u011f\u0131n gitmesi kelimelerimin yan yana gelmesinin hafifli\u011finden oldu.K\u00fcvete girdi ve suyu a\u00e7t\u0131. Uzun<span class=\"excerpt-hellip\"> [\u2026]<\/span><\/p>\n","protected":false},"featured_media":0,"template":"","meta":{"_monsterinsights_skip_tracking":false,"_monsterinsights_sitenote_active":false,"_monsterinsights_sitenote_note":"","_monsterinsights_sitenote_category":0},"product_brand":[],"product_cat":[12291,12711],"product_tag":[],"class_list":{"0":"post-725666","1":"product","2":"type-product","3":"status-publish","5":"product_cat-edebiyat","6":"product_cat-roman-oyku","7":"pa_cilt-ciltsiz","8":"pa_tur-kitap","9":"pa_yayinevi-fa-yayinlari","10":"pa_yazar-guler-oztaskin","12":"first","13":"instock","14":"sale","15":"shipping-taxable","16":"purchasable","17":"product-type-simple"},"_links":{"self":[{"href":"https:\/\/roveyayinevi.com.tr\/index.php\/wp-json\/wp\/v2\/product\/725666","targetHints":{"allow":["GET"]}}],"collection":[{"href":"https:\/\/roveyayinevi.com.tr\/index.php\/wp-json\/wp\/v2\/product"}],"about":[{"href":"https:\/\/roveyayinevi.com.tr\/index.php\/wp-json\/wp\/v2\/types\/product"}],"wp:attachment":[{"href":"https:\/\/roveyayinevi.com.tr\/index.php\/wp-json\/wp\/v2\/media?parent=725666"}],"wp:term":[{"taxonomy":"product_brand","embeddable":true,"href":"https:\/\/roveyayinevi.com.tr\/index.php\/wp-json\/wp\/v2\/product_brand?post=725666"},{"taxonomy":"product_cat","embeddable":true,"href":"https:\/\/roveyayinevi.com.tr\/index.php\/wp-json\/wp\/v2\/product_cat?post=725666"},{"taxonomy":"product_tag","embeddable":true,"href":"https:\/\/roveyayinevi.com.tr\/index.php\/wp-json\/wp\/v2\/product_tag?post=725666"}],"curies":[{"name":"wp","href":"https:\/\/api.w.org\/{rel}","templated":true}]}}