{"id":725665,"date":"2025-08-27T19:54:18","date_gmt":"2025-08-27T16:54:18","guid":{"rendered":"https:\/\/roveyayinevi.com.tr\/index.php\/urun\/ii-attilla\/"},"modified":"2026-04-16T02:33:34","modified_gmt":"2026-04-15T23:33:34","slug":"ii-attilla","status":"publish","type":"product","link":"https:\/\/roveyayinevi.com.tr\/index.php\/urun\/ii-attilla\/","title":{"rendered":"II. Attilla"},"content":{"rendered":"<p>18 \/ EYL\u00dcL\/ \u2026 Saat:00:01 \u2013 T\u00dcM AVRUPAAvrupa, hayli eski bir problemi ile yeniden y\u00fcz y\u00fcze gelmi\u015f gibi g\u00f6r\u00fcn\u00fcyordu, T\u00fcrkler!!!..Almanya\u2019da, Avusturya\u2019da, Fransa\u2019da, \u0130talya\u2019da ve \u0130ngiltere\u2019de, Bel\u00e7ika\u2019da, Hollanda\u2019da,  ne kadar \u0131rk\u00e7\u0131 s\u00f6ylemi olan parti varsa hepsinin de internet sayfalar\u0131na girildi\u011finde, ana sayfalar\u0131nda kocaman harflerle, her \u00fclkenin kendi dilinde \u201cANNEC\u0130\u011e\u0130M T\u00dcRKLER!..\u201d yaz\u0131yordu. Ekran\u0131n orta k\u0131sm\u0131nda ise \u0130ngilizce olarak \u201cBu sayfa bir grup T\u00fcrk taraf\u0131ndan i\u015fgal edilmi\u015ftir.\u201d  Yaz\u0131s\u0131 vard\u0131.   Ekran\u0131n en alt\u0131nda ise T\u00fcrk\u00e7e olarak \u201cAvrupal\u0131 ne kadar korksan hakl\u0131s\u0131n, \u00e7\u00fcnk\u00fc; T\u00fcrkler, uyan\u0131\u015f a\u015famas\u0131nda!..\u201d yaz\u0131yor, ekran\u0131n arka fonunda, t\u00fcm ekran\u0131 kaplayacak \u015fekilde T\u00fcrk Bayra\u011f\u0131 dalgalan\u0131yordu. Vakitler ilerledik\u00e7e sorun b\u00fcy\u00fcmeye ba\u015flam\u0131\u015ft\u0131. \u0130\u015fgal edilen partilerin internet sayfalar\u0131n\u0131 y\u0131l i\u00e7erisinde ziyaret eden herkesin bilgisayar\u0131 \u00e7\u00f6km\u00fc\u015ft\u00fc. Hepsinin de ekranlar\u0131n\u0131n sa\u011f alt taraf\u0131ndan ba\u015flamak \u00fczere k\u0131l\u0131c\u0131n ucu sol \u00fcst k\u0131s\u0131mda bitecek \u015fekilde k\u0131l\u0131\u00e7 tutan demir per\u00e7inlerle i\u015flenmi\u015f bileklikli g\u00fc\u00e7l\u00fc bir el, onun \u00fcst\u00fcnde ve arka g\u00f6r\u00fcn\u00fcm olarak ayarlanm\u0131\u015f ekran\u0131 kaplayacak \u015fekilde dolunaya kar\u015f\u0131 uluyan bir kurt fig\u00fcr\u00fc ve \u201cANNEC\u0130\u011e\u0130M T\u00dcRKLER!..\u201d yaz\u0131s\u0131 vard\u0131. \u0130\u015fin k\u00f6t\u00fcs\u00fc, bu kurt nam\u00fctenahi uluyordu avaz\u0131n\u0131n \u00e7\u0131kt\u0131\u011f\u0131 kadar. Attila, binlerce y\u0131l \u00f6nce \u00f6ld\u00fcr\u00fcld\u00fc\u011f\u00fc topraklarda yeniden do\u011fmu\u015f, O geri d\u00f6nm\u00fc\u015ft\u00fc\u2026 Sanal d\u00fcnya bu yeni T\u00fcrk sald\u0131r\u0131lar\u0131n\u0131 konu\u015fuyordu.\u201cII. ATT\u0130LA\u201d \u201cO GER\u0130 D\u00d6ND\u00dc!!!..\u201d\u201cT\u00dcRKLER GEL\u0130YOR!!!..\u201d<\/p>\n","protected":false},"excerpt":{"rendered":"<p>18 \/ EYL\u00dcL\/ \u2026 Saat:00:01 \u2013 T\u00dcM AVRUPAAvrupa, hayli eski bir problemi ile yeniden y\u00fcz y\u00fcze gelmi\u015f gibi g\u00f6r\u00fcn\u00fcyordu, T\u00fcrkler!!!..Almanya\u2019da, Avusturya\u2019da, Fransa\u2019da, \u0130talya\u2019da ve \u0130ngiltere\u2019de, Bel\u00e7ika\u2019da,<span class=\"excerpt-hellip\"> [\u2026]<\/span><\/p>\n","protected":false},"featured_media":0,"template":"","meta":{"_monsterinsights_skip_tracking":false,"_monsterinsights_sitenote_active":false,"_monsterinsights_sitenote_note":"","_monsterinsights_sitenote_category":0},"product_brand":[],"product_cat":[12291,12711],"product_tag":[],"class_list":{"0":"post-725665","1":"product","2":"type-product","3":"status-publish","5":"product_cat-edebiyat","6":"product_cat-roman-oyku","7":"pa_cilt-ciltsiz","8":"pa_tur-kitap","9":"pa_yayinevi-tugana-kitap","10":"pa_yazar-kamuran-tumay-yildiz","12":"first","13":"instock","14":"sale","15":"shipping-taxable","16":"purchasable","17":"product-type-simple"},"_links":{"self":[{"href":"https:\/\/roveyayinevi.com.tr\/index.php\/wp-json\/wp\/v2\/product\/725665","targetHints":{"allow":["GET"]}}],"collection":[{"href":"https:\/\/roveyayinevi.com.tr\/index.php\/wp-json\/wp\/v2\/product"}],"about":[{"href":"https:\/\/roveyayinevi.com.tr\/index.php\/wp-json\/wp\/v2\/types\/product"}],"wp:attachment":[{"href":"https:\/\/roveyayinevi.com.tr\/index.php\/wp-json\/wp\/v2\/media?parent=725665"}],"wp:term":[{"taxonomy":"product_brand","embeddable":true,"href":"https:\/\/roveyayinevi.com.tr\/index.php\/wp-json\/wp\/v2\/product_brand?post=725665"},{"taxonomy":"product_cat","embeddable":true,"href":"https:\/\/roveyayinevi.com.tr\/index.php\/wp-json\/wp\/v2\/product_cat?post=725665"},{"taxonomy":"product_tag","embeddable":true,"href":"https:\/\/roveyayinevi.com.tr\/index.php\/wp-json\/wp\/v2\/product_tag?post=725665"}],"curies":[{"name":"wp","href":"https:\/\/api.w.org\/{rel}","templated":true}]}}