{"id":725660,"date":"2025-08-27T19:54:14","date_gmt":"2025-08-27T16:54:14","guid":{"rendered":"https:\/\/roveyayinevi.com.tr\/index.php\/urun\/18-19-yuzyil-turkmen-siiri-antolojisi\/"},"modified":"2026-04-16T02:33:34","modified_gmt":"2026-04-15T23:33:34","slug":"18-19-yuzyil-turkmen-siiri-antolojisi","status":"publish","type":"product","link":"https:\/\/roveyayinevi.com.tr\/index.php\/urun\/18-19-yuzyil-turkmen-siiri-antolojisi\/","title":{"rendered":"18-19 Y\u00fczy\u0131l T\u00fcrkmen \u015eiiri Antolojisi"},"content":{"rendered":"<p>Magt\u0131mgul\u0131, Magrup\u0131, Kemine, Seydi, Zelili, Mollanepes ve M\u00e4t\u00e4ci, klasik T\u00fcrkmen edebiyat\u0131n\u0131n \u00f6nc\u00fcleri ve temsilcileridir. T\u00fcrkmen edebiyat\u0131n\u0131n en sevilen bu yedi \u015fairi, T\u00fcrkmen ruhuna hitap eden \u015fiirleriyle bir yandan 18.-19. y\u00fczy\u0131ldaki i\u00e7 ve d\u0131\u015f \u00e7at\u0131\u015fmalar\u0131, siyasi tedirginlikleri yans\u0131tm\u0131\u015flar, di\u011fer yandan T\u00fcrkmen boylar\u0131n\u0131n birle\u015ferek ba\u011f\u0131ms\u0131z merkez\u00ee bir devlet kurma fikrini i\u015flemi\u015fler veT\u00fcrkmen \u015fuurunu olgunla\u015ft\u0131rm\u0131\u015flard\u0131r. Ustal\u0131kl\u0131 bir halk dilini kullanan T\u00fcrkmen \u015fairleri, vatanseverlik, ba\u011f\u0131ms\u0131zl\u0131k ve yi\u011fitlik gibi temalar\u0131n i\u015flendi\u011fi bu keskin k\u0131l\u0131\u00e7 misali \u015fiirlerde zulm\u00fc ve adaletsiz y\u00f6neticileri tenkit edip ya\u015fad\u0131klar\u0131 ortama kay\u0131ts\u0131z kalmayarak sosyal huzursuzluklar\u0131 dile getirmi\u015flerdir.<\/p>\n","protected":false},"excerpt":{"rendered":"<p>Magt\u0131mgul\u0131, Magrup\u0131, Kemine, Seydi, Zelili, Mollanepes ve M\u00e4t\u00e4ci, klasik T\u00fcrkmen edebiyat\u0131n\u0131n \u00f6nc\u00fcleri ve temsilcileridir. T\u00fcrkmen edebiyat\u0131n\u0131n en sevilen bu yedi \u015fairi, T\u00fcrkmen ruhuna hitap eden \u015fiirleriyle<span class=\"excerpt-hellip\"> [\u2026]<\/span><\/p>\n","protected":false},"featured_media":0,"template":"","meta":{"_monsterinsights_skip_tracking":false,"_monsterinsights_sitenote_active":false,"_monsterinsights_sitenote_note":"","_monsterinsights_sitenote_category":0},"product_brand":[],"product_cat":[12291,12509],"product_tag":[],"class_list":{"0":"post-725660","1":"product","2":"type-product","3":"status-publish","5":"product_cat-edebiyat","6":"product_cat-siir","7":"pa_cilt-ciltsiz","8":"pa_tur-kitap","9":"pa_yayinevi-otuken-nesriyat","10":"pa_yazar-emine-gursoy-naskali-gulden-sagol-yuksekova","12":"first","13":"instock","14":"sale","15":"shipping-taxable","16":"purchasable","17":"product-type-simple"},"_links":{"self":[{"href":"https:\/\/roveyayinevi.com.tr\/index.php\/wp-json\/wp\/v2\/product\/725660","targetHints":{"allow":["GET"]}}],"collection":[{"href":"https:\/\/roveyayinevi.com.tr\/index.php\/wp-json\/wp\/v2\/product"}],"about":[{"href":"https:\/\/roveyayinevi.com.tr\/index.php\/wp-json\/wp\/v2\/types\/product"}],"wp:attachment":[{"href":"https:\/\/roveyayinevi.com.tr\/index.php\/wp-json\/wp\/v2\/media?parent=725660"}],"wp:term":[{"taxonomy":"product_brand","embeddable":true,"href":"https:\/\/roveyayinevi.com.tr\/index.php\/wp-json\/wp\/v2\/product_brand?post=725660"},{"taxonomy":"product_cat","embeddable":true,"href":"https:\/\/roveyayinevi.com.tr\/index.php\/wp-json\/wp\/v2\/product_cat?post=725660"},{"taxonomy":"product_tag","embeddable":true,"href":"https:\/\/roveyayinevi.com.tr\/index.php\/wp-json\/wp\/v2\/product_tag?post=725660"}],"curies":[{"name":"wp","href":"https:\/\/api.w.org\/{rel}","templated":true}]}}