{"id":725659,"date":"2025-08-27T19:54:13","date_gmt":"2025-08-27T16:54:13","guid":{"rendered":"https:\/\/roveyayinevi.com.tr\/index.php\/urun\/lukovdan-sevgiler\/"},"modified":"2026-04-16T02:33:34","modified_gmt":"2026-04-15T23:33:34","slug":"lukovdan-sevgiler","status":"publish","type":"product","link":"https:\/\/roveyayinevi.com.tr\/index.php\/urun\/lukovdan-sevgiler\/","title":{"rendered":"Lukov\u2019dan Sevgiler"},"content":{"rendered":"<p>E\u011fer Jasmine Santos\u2019tan ge\u00e7ti\u011fimiz birka\u00e7 y\u0131l\u0131n\u0131 tek c\u00fcmleyle \u00f6zetlemesini isteseydiniz, cevab\u0131 kesinlikle hi\u00e7bir \u015feyin yolunda gitmedi\u011fi olurdu. Kemiklerini defalarca k\u0131rm\u0131\u015f ve tutulmam\u0131\u015f s\u00f6zlerin ac\u0131s\u0131n\u0131 pek \u00e7ok kez ya\u015fam\u0131\u015ft\u0131. \u015eimdi de buz pateni kariyerinin bitmek \u00fczere oldu\u011fu ger\u00e7e\u011fiyle y\u00fczle\u015fmesi gerekiyordu. Jasmine tam da hayallerinden vazge\u00e7mek \u00fczereyken reddedemeyece\u011fi bir teklif alm\u0131\u015ft\u0131. Hem de en b\u00fcy\u00fck d\u00fc\u015fman\u0131 Ivan Lukov\u2019dan! Gen\u00e7 kad\u0131n son on y\u0131l\u0131n\u0131 onu bir otob\u00fcs\u00fcn alt\u0131na itmenin hayalini kurarak ge\u00e7irmi\u015fti. \u015eimdi ise insan\u0131n ba\u015f\u0131na ancak k\u0131rk y\u0131lda bir gelecek bu teklif \u00fczerine bildi\u011fi her \u015feyi g\u00f6zden ge\u00e7irmek zorundayd\u0131. Jasmine\u2019in hayat\u0131 de\u011fi\u015fmek \u00fczereydi. Peki Ivan Lukov\u2019a olan sars\u0131lmaz nefreti bamba\u015fka bir \u015feye d\u00f6n\u00fc\u015febilir miydi?<\/p>\n","protected":false},"excerpt":{"rendered":"<p>E\u011fer Jasmine Santos\u2019tan ge\u00e7ti\u011fimiz birka\u00e7 y\u0131l\u0131n\u0131 tek c\u00fcmleyle \u00f6zetlemesini isteseydiniz, cevab\u0131 kesinlikle hi\u00e7bir \u015feyin yolunda gitmedi\u011fi olurdu. Kemiklerini defalarca k\u0131rm\u0131\u015f ve tutulmam\u0131\u015f s\u00f6zlerin ac\u0131s\u0131n\u0131 pek \u00e7ok<span class=\"excerpt-hellip\"> [\u2026]<\/span><\/p>\n","protected":false},"featured_media":0,"template":"","meta":{"_monsterinsights_skip_tracking":false,"_monsterinsights_sitenote_active":false,"_monsterinsights_sitenote_note":"","_monsterinsights_sitenote_category":0},"product_brand":[],"product_cat":[12291,12711],"product_tag":[],"class_list":{"0":"post-725659","1":"product","2":"type-product","3":"status-publish","5":"product_cat-edebiyat","6":"product_cat-roman-oyku","7":"pa_cilt-ciltsiz","8":"pa_tur-kitap","9":"pa_yayinevi-nemesis-kitap","10":"pa_yazar-mariana-zapata","12":"first","13":"instock","14":"sale","15":"shipping-taxable","16":"purchasable","17":"product-type-simple"},"_links":{"self":[{"href":"https:\/\/roveyayinevi.com.tr\/index.php\/wp-json\/wp\/v2\/product\/725659","targetHints":{"allow":["GET"]}}],"collection":[{"href":"https:\/\/roveyayinevi.com.tr\/index.php\/wp-json\/wp\/v2\/product"}],"about":[{"href":"https:\/\/roveyayinevi.com.tr\/index.php\/wp-json\/wp\/v2\/types\/product"}],"wp:attachment":[{"href":"https:\/\/roveyayinevi.com.tr\/index.php\/wp-json\/wp\/v2\/media?parent=725659"}],"wp:term":[{"taxonomy":"product_brand","embeddable":true,"href":"https:\/\/roveyayinevi.com.tr\/index.php\/wp-json\/wp\/v2\/product_brand?post=725659"},{"taxonomy":"product_cat","embeddable":true,"href":"https:\/\/roveyayinevi.com.tr\/index.php\/wp-json\/wp\/v2\/product_cat?post=725659"},{"taxonomy":"product_tag","embeddable":true,"href":"https:\/\/roveyayinevi.com.tr\/index.php\/wp-json\/wp\/v2\/product_tag?post=725659"}],"curies":[{"name":"wp","href":"https:\/\/api.w.org\/{rel}","templated":true}]}}