{"id":725657,"date":"2025-08-27T19:54:11","date_gmt":"2025-08-27T16:54:11","guid":{"rendered":"https:\/\/roveyayinevi.com.tr\/index.php\/urun\/kaktus\/"},"modified":"2026-04-16T02:33:34","modified_gmt":"2026-04-15T23:33:34","slug":"kaktus","status":"publish","type":"product","link":"https:\/\/roveyayinevi.com.tr\/index.php\/urun\/kaktus\/","title":{"rendered":"Kakt\u00fcs"},"content":{"rendered":"<p>\u201cSusan\u2019\u0131n huysuz karakteri kar\u015f\u0131s\u0131nda kahkaha atmadan duramayacaks\u0131n\u0131z.\u201d \u2014Reese Witherspoon\u201cHak etti\u011fi aileyi sonunda kendi kuran bir kad\u0131n\u0131n s\u0131ms\u0131cak ve sivri dilli hik\u00e2yesi.\u201d \u2014Kirkus \u201cE\u011fer siz de benim gibi Rosie Projesi\u2019nden Don Tillman ile Bridget Jones\u2019un kar\u0131\u015f\u0131m\u0131ndan ortaya ne \u00e7\u0131kard\u0131 diye d\u00fc\u015f\u00fcn\u00fcp duruyorsan\u0131z i\u015fte cevab\u0131n\u0131z.\u201d \u2014Julia Claiborne Johnson\u201c\u00d6zg\u00fcn, \u00e7ekici ve kesinlikle ger\u00e7ek\u00e7i.\u201d \u2014Graeme Simsion\u201cSarah Haywood, al\u0131\u015f\u0131lmad\u0131k ama cesur bir kad\u0131n kahramana hayat vermi\u015f.\u201d \u2014Phaedra Patrick\u201cEleanor Oliphant Gayet \u0130yi hayranlar\u0131 Kakt\u00fcs\u2019e bay\u0131lacak.\u201d \u2014Red Magazine\u201cBir kad\u0131n\u0131n d\u00fczenli ve yaln\u0131z hayat\u0131n\u0131n sevgi dolu bir curcunaya d\u00f6n\u00fc\u015fme hik\u00e2yesi.\u201d \u2014Booklist\u201cSusan\u2019\u0131n m\u00fcthi\u015f karakteri sayesinde her sayfas\u0131n\u0131 keyifle okuyacaks\u0131n\u0131z.\u201d \u2014Publishers Weekly\u201cE\u011flenceli ve i\u00e7ten.\u201d \u2014Book Riot\u201c\u0130lgin\u00e7, keskin ve fazlas\u0131yla okunas\u0131.\u201d \u2014Sunday Mirror<\/p>\n","protected":false},"excerpt":{"rendered":"<p>\u201cSusan\u2019\u0131n huysuz karakteri kar\u015f\u0131s\u0131nda kahkaha atmadan duramayacaks\u0131n\u0131z.\u201d \u2014Reese Witherspoon\u201cHak etti\u011fi aileyi sonunda kendi kuran bir kad\u0131n\u0131n s\u0131ms\u0131cak ve sivri dilli hik\u00e2yesi.\u201d \u2014Kirkus \u201cE\u011fer siz de benim<span class=\"excerpt-hellip\"> [\u2026]<\/span><\/p>\n","protected":false},"featured_media":0,"template":"","meta":{"_monsterinsights_skip_tracking":false,"_monsterinsights_sitenote_active":false,"_monsterinsights_sitenote_note":"","_monsterinsights_sitenote_category":0},"product_brand":[],"product_cat":[14643,12291],"product_tag":[],"class_list":{"0":"post-725657","1":"product","2":"type-product","3":"status-publish","5":"product_cat-ask","6":"product_cat-edebiyat","7":"pa_cilt-ciltsiz","8":"pa_tur-kitap","9":"pa_yayinevi-yabanci-yayinevi","10":"pa_yazar-sarah-haywood","12":"first","13":"instock","14":"sale","15":"shipping-taxable","16":"purchasable","17":"product-type-simple"},"_links":{"self":[{"href":"https:\/\/roveyayinevi.com.tr\/index.php\/wp-json\/wp\/v2\/product\/725657","targetHints":{"allow":["GET"]}}],"collection":[{"href":"https:\/\/roveyayinevi.com.tr\/index.php\/wp-json\/wp\/v2\/product"}],"about":[{"href":"https:\/\/roveyayinevi.com.tr\/index.php\/wp-json\/wp\/v2\/types\/product"}],"wp:attachment":[{"href":"https:\/\/roveyayinevi.com.tr\/index.php\/wp-json\/wp\/v2\/media?parent=725657"}],"wp:term":[{"taxonomy":"product_brand","embeddable":true,"href":"https:\/\/roveyayinevi.com.tr\/index.php\/wp-json\/wp\/v2\/product_brand?post=725657"},{"taxonomy":"product_cat","embeddable":true,"href":"https:\/\/roveyayinevi.com.tr\/index.php\/wp-json\/wp\/v2\/product_cat?post=725657"},{"taxonomy":"product_tag","embeddable":true,"href":"https:\/\/roveyayinevi.com.tr\/index.php\/wp-json\/wp\/v2\/product_tag?post=725657"}],"curies":[{"name":"wp","href":"https:\/\/api.w.org\/{rel}","templated":true}]}}