{"id":725656,"date":"2025-08-27T19:54:10","date_gmt":"2025-08-27T16:54:10","guid":{"rendered":"https:\/\/roveyayinevi.com.tr\/index.php\/urun\/suya-dusen-hayalleri-kurtarma-rehberi\/"},"modified":"2026-04-16T02:33:34","modified_gmt":"2026-04-15T23:33:34","slug":"suya-dusen-hayalleri-kurtarma-rehberi","status":"publish","type":"product","link":"https:\/\/roveyayinevi.com.tr\/index.php\/urun\/suya-dusen-hayalleri-kurtarma-rehberi\/","title":{"rendered":"Suya D\u00fc\u015fen Hayalleri Kurtarma Rehberi"},"content":{"rendered":"<p>Yeni dostlar edinmek ya da bir fark yaratmak i\u00e7in asla \u00e7ok ge\u00e7 de\u011fildir.Rosemary Peterson, t\u00fcm hayat\u0131n\u0131 ge\u00e7irdi\u011fi Brixton\u2019\u0131 art\u0131k tan\u0131yam\u0131yordu. \u00c7al\u0131\u015ft\u0131\u011f\u0131 k\u00fct\u00fcphane kapanm\u0131\u015f, manavlar\u0131 son moda bir bara d\u00f6n\u00fc\u015fm\u00fc\u015ft\u00fc. Seksen alt\u0131 y\u0131ll\u0131k \u00f6mr\u00fcnde her g\u00fcn y\u00fczmeye gitti\u011fi havuz, yerel bir emlak \u015firketi taraf\u0131ndan y\u0131k\u0131lma tehlikesiyle kar\u015f\u0131 kar\u015f\u0131yayd\u0131. Kaybetti\u011fi kocas\u0131 ve ge\u00e7mi\u015fiyle aras\u0131ndaki son ba\u011f\u0131 yitirmek istemeyen Rosemary bu sefer pes etmemeye kararl\u0131yd\u0131.Yirmili ya\u015flar\u0131n\u0131 s\u00fcren Kate Matthews ise Brixton\u2019da yerel bir gazetede okunur okunmaz unutulmaya mahk\u00fbm haberler yaz\u0131yor ve kendini yapayaln\u0131z hissediyordu. Ta ki havuzla ilgili ara\u015ft\u0131rmalar yapmaya ba\u015flayana kadar. Rosemary\u2019nin ola\u011fan\u00fcst\u00fc hik\u00e2yesi sayesinde, iki kad\u0131n da kalplerini a\u00e7acak ve m\u00fcmk\u00fcn oldu\u011funu hi\u00e7 d\u00fc\u015f\u00fcnmedikleri \u015fekillerde d\u00f6n\u00fc\u015feceklerdi.\u201cBu kitab\u0131 \u00f6yle sevdim ki son sayfay\u0131 \u00e7evirdi\u011fimde kalbim biraz k\u0131r\u0131ld\u0131.\u201d \u2014Clare Mackintosh\u201cKeyifli ve moral y\u00fckselten bir ilk roman.\u201d \u2014Sarah Winman\u201cEvlendikten sonra da devam eden bir a\u015fk \u00fczerine \u00e7ekici ve al\u0131\u015f\u0131lmad\u0131k derecede dokunakl\u0131 bir hik\u00e2ye.\u201d \u2014Washington Post\u201cKitap kul\u00fcplerinden ho\u015flanan okurlara \u00f6nerilebilecek \u015fahane bir kitap.\u201d \u2014Booklist\u201cPek \u00e7ok y\u00f6nden Hayata R\u00f6ve\u015fata \u00c7eken Adam\u2019\u0131n izinden gidiyor.\u201d \u2014Kirkus\u201cY\u0131l\u0131n en iyilerinden olmaya aday.\u201d \u2014Grazia (UK)\u201cAl\u0131\u015f\u0131lmad\u0131k bir arkada\u015fl\u0131\u011f\u0131n, bir Londra toplulu\u011funun ve \u00f6m\u00fcrl\u00fck bir a\u015fk\u0131n canl\u0131 anlat\u0131m\u0131.\u201d \u2014Catherine Isaac\u201c\u0130nsana kendini iyi hissettiren ve moralini y\u00fckselten bu \u015fahane ilk roman sevgi dolu.\u201d \u2014Lucy Diamond\u201cBir mahalle havuzunu kurtarmak i\u00e7in g\u00fc\u00e7lerini birle\u015ftiren iki kad\u0131n\u0131n sevgi dolu arkada\u015fl\u0131\u011f\u0131na dair nefis bir roman.\u201d \u2014Laura Dave<\/p>\n","protected":false},"excerpt":{"rendered":"<p>Yeni dostlar edinmek ya da bir fark yaratmak i\u00e7in asla \u00e7ok ge\u00e7 de\u011fildir.Rosemary Peterson, t\u00fcm hayat\u0131n\u0131 ge\u00e7irdi\u011fi Brixton\u2019\u0131 art\u0131k tan\u0131yam\u0131yordu. \u00c7al\u0131\u015ft\u0131\u011f\u0131 k\u00fct\u00fcphane kapanm\u0131\u015f, manavlar\u0131 son moda<span class=\"excerpt-hellip\"> [\u2026]<\/span><\/p>\n","protected":false},"featured_media":0,"template":"","meta":{"_monsterinsights_skip_tracking":false,"_monsterinsights_sitenote_active":false,"_monsterinsights_sitenote_note":"","_monsterinsights_sitenote_category":0},"product_brand":[],"product_cat":[14643,12291],"product_tag":[],"class_list":{"0":"post-725656","1":"product","2":"type-product","3":"status-publish","5":"product_cat-ask","6":"product_cat-edebiyat","7":"pa_cilt-ciltsiz","8":"pa_tur-kitap","9":"pa_yayinevi-yabanci-yayinevi","10":"pa_yazar-libby-page","12":"first","13":"instock","14":"sale","15":"shipping-taxable","16":"purchasable","17":"product-type-simple"},"_links":{"self":[{"href":"https:\/\/roveyayinevi.com.tr\/index.php\/wp-json\/wp\/v2\/product\/725656","targetHints":{"allow":["GET"]}}],"collection":[{"href":"https:\/\/roveyayinevi.com.tr\/index.php\/wp-json\/wp\/v2\/product"}],"about":[{"href":"https:\/\/roveyayinevi.com.tr\/index.php\/wp-json\/wp\/v2\/types\/product"}],"wp:attachment":[{"href":"https:\/\/roveyayinevi.com.tr\/index.php\/wp-json\/wp\/v2\/media?parent=725656"}],"wp:term":[{"taxonomy":"product_brand","embeddable":true,"href":"https:\/\/roveyayinevi.com.tr\/index.php\/wp-json\/wp\/v2\/product_brand?post=725656"},{"taxonomy":"product_cat","embeddable":true,"href":"https:\/\/roveyayinevi.com.tr\/index.php\/wp-json\/wp\/v2\/product_cat?post=725656"},{"taxonomy":"product_tag","embeddable":true,"href":"https:\/\/roveyayinevi.com.tr\/index.php\/wp-json\/wp\/v2\/product_tag?post=725656"}],"curies":[{"name":"wp","href":"https:\/\/api.w.org\/{rel}","templated":true}]}}