{"id":725655,"date":"2025-08-27T19:54:09","date_gmt":"2025-08-27T16:54:09","guid":{"rendered":"https:\/\/roveyayinevi.com.tr\/index.php\/urun\/erik-agaci-2\/"},"modified":"2026-04-16T02:33:34","modified_gmt":"2026-04-15T23:33:34","slug":"erik-agaci-2","status":"publish","type":"product","link":"https:\/\/roveyayinevi.com.tr\/index.php\/urun\/erik-agaci-2\/","title":{"rendered":"Erik A\u011fac\u0131"},"content":{"rendered":"<p>Bir a\u011fa\u00e7 hayal edin.Erik a\u011fac\u0131!Dallar\u0131ndan birinin \u00fczerine kurulmu\u015fsunuz. Dal, usul usul \u00e7at\u0131rdamaya ba\u015flarsa ne yapars\u0131n\u0131z?Acaba Kamuran ne yapacak?Kamuran m\u0131 kim?De\u011fi\u015fime inanmayan, kendi d\u00fcnyas\u0131nda reng\u00e2renk ancak d\u0131\u015far\u0131ya pek renk vermeyen, babas\u0131yla \u00e7at\u0131\u015fmalar\u0131n\u0131 da arkada\u015fl\u0131klar\u0131n\u0131 da a\u015fk\u0131n\u0131 da i\u00e7inde b\u00fcy\u00fcten, ayn\u0131 zamanda hik\u00e2yeler biriktiren, biriktirdik\u00e7e ya\u015fayan, ya\u015fad\u0131k\u00e7a \u00f6\u011frenen biri.Bir de hayali var Kamuran\u2019\u0131n. Y\u00f6netmen olmak!\u201cKamuran\u201d iste\u011fine kavu\u015fmu\u015f kimse demekti. O da ad\u0131n\u0131n anlam\u0131ndan yola \u00e7\u0131karak hayat\u0131n onu \u00e7\u0131kard\u0131\u011f\u0131, bazen e\u011flenceli bazen de h\u00fcz\u00fcnl\u00fc, s\u0131r dolu bir ser\u00fcvene s\u00fcr\u00fckleniyor Erik A\u011fac\u0131\u2019nda. Peki o, ad\u0131n\u0131n anlam\u0131n\u0131n hakk\u0131n\u0131 verebilecek mi?Fatih T\u00fcrker, bu ilk roman\u0131nda gen\u00e7 sinema \u00f6\u011frencisinin film \u00e7ekme tutkusunu, ilk duygular\u0131n\u0131, a\u015fk\u0131n\u0131, umudunu ve kederini resmediyor.Can eri\u011fi etraf\u0131nda ba\u015flayan, bu azim ve inan\u00e7 hik\u00e2yesi i\u00e7inizi \u0131s\u0131tacak.<\/p>\n","protected":false},"excerpt":{"rendered":"<p>Bir a\u011fa\u00e7 hayal edin.Erik a\u011fac\u0131!Dallar\u0131ndan birinin \u00fczerine kurulmu\u015fsunuz. Dal, usul usul \u00e7at\u0131rdamaya ba\u015flarsa ne yapars\u0131n\u0131z?Acaba Kamuran ne yapacak?Kamuran m\u0131 kim?De\u011fi\u015fime inanmayan, kendi d\u00fcnyas\u0131nda reng\u00e2renk ancak d\u0131\u015far\u0131ya<span class=\"excerpt-hellip\"> [\u2026]<\/span><\/p>\n","protected":false},"featured_media":0,"template":"","meta":{"_monsterinsights_skip_tracking":false,"_monsterinsights_sitenote_active":false,"_monsterinsights_sitenote_note":"","_monsterinsights_sitenote_category":0},"product_brand":[],"product_cat":[12291,12711],"product_tag":[],"class_list":{"0":"post-725655","1":"product","2":"type-product","3":"status-publish","5":"product_cat-edebiyat","6":"product_cat-roman-oyku","7":"pa_cilt-ciltsiz","8":"pa_tur-kitap","9":"pa_yayinevi-muptela-yayinevi","10":"pa_yazar-fatih-turker","12":"first","13":"instock","14":"sale","15":"shipping-taxable","16":"purchasable","17":"product-type-simple"},"_links":{"self":[{"href":"https:\/\/roveyayinevi.com.tr\/index.php\/wp-json\/wp\/v2\/product\/725655","targetHints":{"allow":["GET"]}}],"collection":[{"href":"https:\/\/roveyayinevi.com.tr\/index.php\/wp-json\/wp\/v2\/product"}],"about":[{"href":"https:\/\/roveyayinevi.com.tr\/index.php\/wp-json\/wp\/v2\/types\/product"}],"wp:attachment":[{"href":"https:\/\/roveyayinevi.com.tr\/index.php\/wp-json\/wp\/v2\/media?parent=725655"}],"wp:term":[{"taxonomy":"product_brand","embeddable":true,"href":"https:\/\/roveyayinevi.com.tr\/index.php\/wp-json\/wp\/v2\/product_brand?post=725655"},{"taxonomy":"product_cat","embeddable":true,"href":"https:\/\/roveyayinevi.com.tr\/index.php\/wp-json\/wp\/v2\/product_cat?post=725655"},{"taxonomy":"product_tag","embeddable":true,"href":"https:\/\/roveyayinevi.com.tr\/index.php\/wp-json\/wp\/v2\/product_tag?post=725655"}],"curies":[{"name":"wp","href":"https:\/\/api.w.org\/{rel}","templated":true}]}}