{"id":725654,"date":"2025-08-27T19:54:08","date_gmt":"2025-08-27T16:54:08","guid":{"rendered":"https:\/\/roveyayinevi.com.tr\/index.php\/urun\/hic-yazilmamis-bir-oyku-kahramaninin-trajik-ve-surukleyici-hikayesi\/"},"modified":"2026-04-16T02:33:34","modified_gmt":"2026-04-15T23:33:34","slug":"hic-yazilmamis-bir-oyku-kahramaninin-trajik-ve-surukleyici-hikayesi","status":"publish","type":"product","link":"https:\/\/roveyayinevi.com.tr\/index.php\/urun\/hic-yazilmamis-bir-oyku-kahramaninin-trajik-ve-surukleyici-hikayesi\/","title":{"rendered":"Hi\u00e7 Yaz\u0131lmam\u0131\u015f Bir \u00d6yk\u00fc Kahraman\u0131n\u0131n Trajik ve S\u00fcr\u00fckleyici Hikayesi"},"content":{"rendered":"<p>Bir g\u00fcn s\u0131rf mutsuz oldu\u011funuz i\u00e7in yarg\u0131lan\u0131rsan\u0131z ne yapars\u0131n\u0131z? Ya da i\u00e7inizde bir kar\u0131nca dola\u015ft\u0131\u011f\u0131n\u0131 fark ederseniz? Evet, bizim ba\u015f\u0131m\u0131za gelmez! Ama ya gelirse? Ya bir tav\u015fan gelip sizin asl\u0131nda bir insan olmad\u0131\u011f\u0131n\u0131z\u0131 iddia ederse? Ya bir sabah yatak odan\u0131z\u0131n kap\u0131s\u0131n\u0131 a\u00e7t\u0131\u011f\u0131n\u0131zda simsiyah bir atla kar\u015f\u0131la\u015f\u0131rsan\u0131z? Nas\u0131lsa insan her \u015feye al\u0131\u015f\u0131yor, belki bunlara da al\u0131\u015f\u0131rs\u0131n\u0131z.Korkut Kabapalamut, Hi\u00e7 Yaz\u0131lmam\u0131\u015f Bir \u00d6yk\u00fc Kahraman\u0131n\u0131n Trajik ve S\u00fcr\u00fckleyici Hik\u00e2yesi&#8217;nde tuhaf yolculardan, susmak bilmeyen i\u00e7 seslerden, davetsiz konuklardan ve yazar\u0131ndan memnun olmayan roman kahramanlar\u0131ndan bahsediyor. Bazen diktat\u00f6r\u00fcyle y\u00fczle\u015fmek istenmeyen bir b\u00f6cek dola\u015f\u0131yor kitapta bazen de her \u015feyi unutmak i\u00e7in sihirli bir kabinden medet uman insanlar. Uzun zamand\u0131r kar\u015f\u0131la\u015fmad\u0131\u011f\u0131n\u0131z, okuruyla konu\u015fan, okurunu da konu\u015fmaya davet eden \u00f6yk\u00fcler.\u201cYaz\u0131lmay\u0131 bekleyen bir \u00f6yk\u00fc kahraman\u0131 olmak k\u00f6t\u00fc. Bunu gaddar yarat\u0131c\u0131ma kim bilir ka\u00e7 kez s\u00f6yledim. Beni zerre kadar umursad\u0131\u011f\u0131 yok. Sab\u0131rla s\u0131ram\u0131 beklemem gerekirmi\u015f. Kendisi olmazsa da ba\u015fka bir yazar eninde sonunda beni ilgi \u00e7ekici bulur, k\u00e2\u011f\u0131da ge\u00e7irirmi\u015f. O zaman i\u015fte, ola\u011fan\u00fcst\u00fc maceralar ya\u015farm\u0131\u015f\u0131m, sevgililerim, belki de b\u0131c\u0131r b\u0131c\u0131r \u00e7ocuklar\u0131m olurmu\u015f. Bir annem, babam\u2026 Sanki t\u00fcm bu \u00e7\u0131lg\u0131n, s\u0131k\u0131c\u0131 aile kalabal\u0131\u011f\u0131 \u00e7ok da umurumda. Ben sadece yaz\u0131lmak istiyorum. Ne zamand\u0131r bekledi\u011fimi art\u0131k bilemiyorum. Bu bo\u015flu\u011fa ne zaman do\u011fdum? Ger\u00e7i kimi kez di\u011ferlerinin seslerini yar\u0131m yamalak i\u015fitiyorum. Yaz\u0131lmay\u0131 bekleyen di\u011fer \u00e7ileke\u015f karakterleri yani. Kaderimin ortaklar\u0131n\u0131, yaz\u0131nsal fet\u00fcsleri. Bazen bir inleme, ilenme, bazen uzun bir i\u00e7 \u00e7eki\u015f, bazense delilere, bir zindana y\u0131llard\u0131r insafs\u0131zca kapat\u0131lm\u0131\u015flara \u00f6zg\u00fc, uzun marazi \u00e7\u0131\u011fl\u0131klar&#8230; Ben hen\u00fcz bunlardan hi\u00e7birini yapmad\u0131m. Belki \u015fimdilik umudumu t\u00fcm\u00fcyle yitirmedi\u011fimden; belki \u00e7ok g\u00fc\u00e7l\u00fc, dirayetli bir potansiyel kahraman oldu\u011fumdan.\u201d<\/p>\n","protected":false},"excerpt":{"rendered":"<p>Bir g\u00fcn s\u0131rf mutsuz oldu\u011funuz i\u00e7in yarg\u0131lan\u0131rsan\u0131z ne yapars\u0131n\u0131z? Ya da i\u00e7inizde bir kar\u0131nca dola\u015ft\u0131\u011f\u0131n\u0131 fark ederseniz? Evet, bizim ba\u015f\u0131m\u0131za gelmez! Ama ya gelirse? Ya bir<span class=\"excerpt-hellip\"> [\u2026]<\/span><\/p>\n","protected":false},"featured_media":0,"template":"","meta":{"_monsterinsights_skip_tracking":false,"_monsterinsights_sitenote_active":false,"_monsterinsights_sitenote_note":"","_monsterinsights_sitenote_category":0},"product_brand":[],"product_cat":[12291,12711],"product_tag":[],"class_list":{"0":"post-725654","1":"product","2":"type-product","3":"status-publish","5":"product_cat-edebiyat","6":"product_cat-roman-oyku","7":"pa_cilt-ciltsiz","8":"pa_tur-kitap","9":"pa_yayinevi-ithaki-yayinlari","10":"pa_yazar-korkut-kabapalamut","12":"first","13":"instock","14":"sale","15":"shipping-taxable","16":"purchasable","17":"product-type-simple"},"_links":{"self":[{"href":"https:\/\/roveyayinevi.com.tr\/index.php\/wp-json\/wp\/v2\/product\/725654","targetHints":{"allow":["GET"]}}],"collection":[{"href":"https:\/\/roveyayinevi.com.tr\/index.php\/wp-json\/wp\/v2\/product"}],"about":[{"href":"https:\/\/roveyayinevi.com.tr\/index.php\/wp-json\/wp\/v2\/types\/product"}],"wp:attachment":[{"href":"https:\/\/roveyayinevi.com.tr\/index.php\/wp-json\/wp\/v2\/media?parent=725654"}],"wp:term":[{"taxonomy":"product_brand","embeddable":true,"href":"https:\/\/roveyayinevi.com.tr\/index.php\/wp-json\/wp\/v2\/product_brand?post=725654"},{"taxonomy":"product_cat","embeddable":true,"href":"https:\/\/roveyayinevi.com.tr\/index.php\/wp-json\/wp\/v2\/product_cat?post=725654"},{"taxonomy":"product_tag","embeddable":true,"href":"https:\/\/roveyayinevi.com.tr\/index.php\/wp-json\/wp\/v2\/product_tag?post=725654"}],"curies":[{"name":"wp","href":"https:\/\/api.w.org\/{rel}","templated":true}]}}