{"id":725650,"date":"2025-08-27T19:54:05","date_gmt":"2025-08-27T16:54:05","guid":{"rendered":"https:\/\/roveyayinevi.com.tr\/index.php\/urun\/en-meshur-turk-pehlivanlari\/"},"modified":"2026-04-16T02:33:34","modified_gmt":"2026-04-15T23:33:34","slug":"en-meshur-turk-pehlivanlari","status":"publish","type":"product","link":"https:\/\/roveyayinevi.com.tr\/index.php\/urun\/en-meshur-turk-pehlivanlari\/","title":{"rendered":"En Me\u015fhur T\u00fcrk Pehlivanlar\u0131"},"content":{"rendered":"<p>Tan\u0131nm\u0131\u015f T\u00fcrk\u00e7\u00fclerimizden M. Sami Karayel\u2019in, 1941-1948 y\u0131llar\u0131 aras\u0131nda 13 kitapta 16 pehlivan\u0131n hayat\u0131n\u0131 ve g\u00fcre\u015flerini anlatt\u0131\u011f\u0131 ve m\u00fcstakil olarak bas\u0131lan \u201cEn Me\u015fhur T\u00fcrk Pehlivanlar\u0131\u201d serisi, cihana nam salan g\u00fcre\u015f\u00e7ilerimiz hakk\u0131nda ne\u015fredilmi\u015f ilk kitaplar\u0131 i\u00e7erir. Karayel, b\u00fcy\u00fck \u00e7o\u011funlu\u011fu s\u00f6zl\u00fc k\u00fclt\u00fcre dayanan kimi \u00e7eli\u015fkili kimi \u015f\u00fcpheli kimi sahih bilgileri derleyerek \u00fcst\u00fcn bir gayretle eserlerini haz\u0131rlam\u0131\u015f, hastal\u0131\u011f\u0131n\u0131n \u0131zd\u0131rapl\u0131 safhalar\u0131nda bile yazmaktan vazge\u00e7memi\u015fti. \u201c\u015euras\u0131n\u0131 a\u00e7\u0131k\u00e7a yazabilirim ve hi\u00e7bir tevazua l\u00fczum g\u00f6rmem: E\u011fer ben, T\u00fcrk pehlivanl\u0131k tarihine ait olan bu eserleri ne\u015fretmemi\u015f olsayd\u0131m T\u00fcrkler, maatteess\u00fcf babayi\u011fitlerini bilmeyeceklerdi,\u201d diyerek \u00e7al\u0131\u015fmas\u0131n\u0131n \u00f6nemini vurgulayan Karayel, Tanzimat d\u00f6neminde ortaya \u00e7\u0131kt\u0131\u011f\u0131n\u0131 belirtti\u011fi Bat\u0131 hayranl\u0131\u011f\u0131 ve taklit\u00e7ili\u011fi sebebiyle T\u00fcrk sporuna ait ne varsa devlet ricali ve m\u00fcnevverler taraf\u0131ndan baltaland\u0131\u011f\u0131na ve yok edildi\u011fine inan\u0131yordu. Karayel\u2019in \u201cEn Me\u015fhur T\u00fcrk Pehlivanlar\u0131\u201d serisini kaleme alarak bu yaray\u0131 onar\u0131p bu b\u00fcy\u00fck bo\u015flu\u011fu doldurmay\u0131 ama\u00e7lad\u0131\u011f\u0131n\u0131, \u201c\u0130\u015fte ben, \u015funu yapm\u0131\u015f bulunuyorum: Bu y\u00fcz senelik son spor tarihimizin varl\u0131klar\u0131n\u0131 toplamak, bunlar\u0131 var etmek, yeni nesle sunmak\u2026\u201d s\u00f6zlerinden anl\u0131yoruz. O\u011fuzhan Murat \u00d6zt\u00fcrk taraf\u0131ndan serinin t\u00fcm kitaplar\u0131n\u0131n bir araya getirilip notland\u0131r\u0131lmas\u0131 suretiyle yay\u0131ma haz\u0131rlanan bu hacimli eserde, T\u00fcrk pehlivanl\u0131k tarihinin \u015fu b\u00fcy\u00fck isimleri anlat\u0131lm\u0131\u015ft\u0131r: Kel Ali\u00e7o, Koca Yusuf, \u00c7olak M\u00fcmin, Kaz\u0131k\u00e7\u0131 Kara Bekir, Hergeleci \u0130brahim, Sultan Abd\u00fclaziz Han, Yozgatl\u0131 Kel Hasan, Y\u00fcr\u00fck Ali, Arnavudo\u011flu Ali, Kavaso\u011flu \u0130brahim, \u015eamdanc\u0131ba\u015f\u0131 Kara \u0130bo, Kara Ahmet, Kurtdereli Mehmet, Makarnac\u0131 H\u00fcseyin, Adal\u0131 Halil, K\u0131z\u0131lc\u0131kl\u0131 Mahmut. B\u00f6ylece, Karayel\u2019in tabiriyle, \u201cK\u00fcllenmi\u015f duran asil ruh bug\u00fcn k\u0131v\u0131lc\u0131m h\u00e2linde canlanm\u0131\u015f bulunuyor. Yine eski m\u00fccadele ve babayi\u011fitlik ruhu kaynama\u011fa ve ta\u015fma\u011fa ba\u015flam\u0131\u015ft\u0131r. Babayi\u011fitleri sevme\u011fe ve onlar\u0131 okuyarak iftihar duyma\u011fa, zevk alma\u011fa, heyecan ta\u015f\u0131ma\u011fa koyulmu\u015ftur.\u201d \u00dcstat Sami Karayel, Koca Yusuf&#8217;tan Kel Ali\u00e7o&#8217;ya, Adal\u0131 Halil&#8217;den, Kavalal\u0131 M\u00fcmin Pehlivan\u2019a cihana nam salm\u0131\u015f efsanevi g\u00fcre\u015f\u00e7ilerimizi tan\u0131tan ve sevdiren, tefrikalar\u0131 ve kitaplar\u0131yla g\u00f6n\u00fcllere taht kuran ki\u015fidir. \u00dcstad\u0131n bu eserini ecdat yadig\u00e2rlar\u0131na sevdal\u0131lara kazand\u0131ranlara ne kadar te\u015fekk\u00fcr etsek azd\u0131r.Halil Delice<\/p>\n","protected":false},"excerpt":{"rendered":"<p>Tan\u0131nm\u0131\u015f T\u00fcrk\u00e7\u00fclerimizden M. Sami Karayel\u2019in, 1941-1948 y\u0131llar\u0131 aras\u0131nda 13 kitapta 16 pehlivan\u0131n hayat\u0131n\u0131 ve g\u00fcre\u015flerini anlatt\u0131\u011f\u0131 ve m\u00fcstakil olarak bas\u0131lan \u201cEn Me\u015fhur T\u00fcrk Pehlivanlar\u0131\u201d serisi, cihana<span class=\"excerpt-hellip\"> [\u2026]<\/span><\/p>\n","protected":false},"featured_media":0,"template":"","meta":{"_monsterinsights_skip_tracking":false,"_monsterinsights_sitenote_active":false,"_monsterinsights_sitenote_note":"","_monsterinsights_sitenote_category":0},"product_brand":[],"product_cat":[15563,15564],"product_tag":[],"class_list":{"0":"post-725650","1":"product","2":"type-product","3":"status-publish","5":"product_cat-hobi","6":"product_cat-spor","7":"pa_cilt-ciltsiz","8":"pa_tur-kitap","9":"pa_yayinevi-otuken-nesriyat","10":"pa_yazar-m-sami-karayel","12":"first","13":"instock","14":"sale","15":"shipping-taxable","16":"purchasable","17":"product-type-simple"},"_links":{"self":[{"href":"https:\/\/roveyayinevi.com.tr\/index.php\/wp-json\/wp\/v2\/product\/725650","targetHints":{"allow":["GET"]}}],"collection":[{"href":"https:\/\/roveyayinevi.com.tr\/index.php\/wp-json\/wp\/v2\/product"}],"about":[{"href":"https:\/\/roveyayinevi.com.tr\/index.php\/wp-json\/wp\/v2\/types\/product"}],"wp:attachment":[{"href":"https:\/\/roveyayinevi.com.tr\/index.php\/wp-json\/wp\/v2\/media?parent=725650"}],"wp:term":[{"taxonomy":"product_brand","embeddable":true,"href":"https:\/\/roveyayinevi.com.tr\/index.php\/wp-json\/wp\/v2\/product_brand?post=725650"},{"taxonomy":"product_cat","embeddable":true,"href":"https:\/\/roveyayinevi.com.tr\/index.php\/wp-json\/wp\/v2\/product_cat?post=725650"},{"taxonomy":"product_tag","embeddable":true,"href":"https:\/\/roveyayinevi.com.tr\/index.php\/wp-json\/wp\/v2\/product_tag?post=725650"}],"curies":[{"name":"wp","href":"https:\/\/api.w.org\/{rel}","templated":true}]}}