{"id":725647,"date":"2025-08-27T19:54:03","date_gmt":"2025-08-27T16:54:03","guid":{"rendered":"https:\/\/roveyayinevi.com.tr\/index.php\/urun\/basa-gelen\/"},"modified":"2026-04-16T02:33:34","modified_gmt":"2026-04-15T23:33:34","slug":"basa-gelen","status":"publish","type":"product","link":"https:\/\/roveyayinevi.com.tr\/index.php\/urun\/basa-gelen\/","title":{"rendered":"Ba\u015fa Gelen"},"content":{"rendered":"<p>B\u00fcy\u00fck bir \u015fehirde k\u00fc\u00e7\u00fck bir yay\u0131nevi i\u015fleten Reither i\u015fini tasfiye etmi\u015f, Alpler\u2019in ete\u011finde pastoral bir vadiye yerle\u015fmi\u015ftir. Bir ak\u015fam kap\u0131s\u0131 \u00e7al\u0131n\u0131r; beklenmedik bir konuk onu bir yolculu\u011fa \u00e7\u0131karmaya gelmi\u015ftir. \u00c7\u00fcnk\u00fc a\u015fk \u00f6telenemeyen, acil bir duygudur ve \u00e2n\u0131 yakalamay\u0131 arzular.Ama sonra hayat bamba\u015fka bir y\u00f6ne savrulur. Ba\u015fa Gelen, ka\u00e7\u0131n\u0131lamayan \u015feyler \u00fczerinde son s\u00fcrat ilerleyen bir yol roman\u0131. Ge\u00e7erken kar\u015f\u0131la\u015ft\u0131klar\u0131m\u0131z\u0131, yol boyu \u00f6\u011frendiklerimizi ge\u00e7mi\u015fin y\u00fcklerini s\u0131rtlanmadan kucaklay\u0131p kucaklamayaca\u011f\u0131m\u0131za dair giderek burukla\u015fan bir tecr\u00fcbe; mideye sessiz sedas\u0131z oturan bir yumruk, hayat\u0131n bir darbesi. Asl\u0131nda: Kalp k\u0131r\u0131kl\u0131\u011f\u0131.<\/p>\n","protected":false},"excerpt":{"rendered":"<p>B\u00fcy\u00fck bir \u015fehirde k\u00fc\u00e7\u00fck bir yay\u0131nevi i\u015fleten Reither i\u015fini tasfiye etmi\u015f, Alpler\u2019in ete\u011finde pastoral bir vadiye yerle\u015fmi\u015ftir. Bir ak\u015fam kap\u0131s\u0131 \u00e7al\u0131n\u0131r; beklenmedik bir konuk onu bir<span class=\"excerpt-hellip\"> [\u2026]<\/span><\/p>\n","protected":false},"featured_media":0,"template":"","meta":{"_monsterinsights_skip_tracking":false,"_monsterinsights_sitenote_active":false,"_monsterinsights_sitenote_note":"","_monsterinsights_sitenote_category":0},"product_brand":[],"product_cat":[12291,12711],"product_tag":[],"class_list":{"0":"post-725647","1":"product","2":"type-product","3":"status-publish","5":"product_cat-edebiyat","6":"product_cat-roman-oyku","7":"pa_cilt-ciltsiz","8":"pa_tur-kitap","9":"pa_yayinevi-can-yayinlari","10":"pa_yazar-bodo-kirchhoff","12":"first","13":"instock","14":"sale","15":"shipping-taxable","16":"purchasable","17":"product-type-simple"},"_links":{"self":[{"href":"https:\/\/roveyayinevi.com.tr\/index.php\/wp-json\/wp\/v2\/product\/725647","targetHints":{"allow":["GET"]}}],"collection":[{"href":"https:\/\/roveyayinevi.com.tr\/index.php\/wp-json\/wp\/v2\/product"}],"about":[{"href":"https:\/\/roveyayinevi.com.tr\/index.php\/wp-json\/wp\/v2\/types\/product"}],"wp:attachment":[{"href":"https:\/\/roveyayinevi.com.tr\/index.php\/wp-json\/wp\/v2\/media?parent=725647"}],"wp:term":[{"taxonomy":"product_brand","embeddable":true,"href":"https:\/\/roveyayinevi.com.tr\/index.php\/wp-json\/wp\/v2\/product_brand?post=725647"},{"taxonomy":"product_cat","embeddable":true,"href":"https:\/\/roveyayinevi.com.tr\/index.php\/wp-json\/wp\/v2\/product_cat?post=725647"},{"taxonomy":"product_tag","embeddable":true,"href":"https:\/\/roveyayinevi.com.tr\/index.php\/wp-json\/wp\/v2\/product_tag?post=725647"}],"curies":[{"name":"wp","href":"https:\/\/api.w.org\/{rel}","templated":true}]}}