{"id":725646,"date":"2025-08-27T19:54:02","date_gmt":"2025-08-27T16:54:02","guid":{"rendered":"https:\/\/roveyayinevi.com.tr\/index.php\/urun\/guz-bitigi\/"},"modified":"2026-04-16T02:33:34","modified_gmt":"2026-04-15T23:33:34","slug":"guz-bitigi","status":"publish","type":"product","link":"https:\/\/roveyayinevi.com.tr\/index.php\/urun\/guz-bitigi\/","title":{"rendered":"G\u00fcz Bitigi"},"content":{"rendered":"<p>Merdivenlerin oraya ko\u015fuyorum,Beklemek g\u00f6vde kazanmas\u0131 zaman\u0131n;\u00c7ok erken gelmi\u015fim seni bulam\u0131yorum,Bir \u015feyin provas\u0131 yap\u0131l\u0131yor sanki.S\u0131cak Nal\u2019dan bir g\u00fcn sonra yay\u0131mlanan G\u00fcz Bitigi, o kitab\u0131n melankolik g\u00fcz havas\u0131n\u0131 k\u0131\u015fa tamamlar. D\u00fczyaz\u0131dan \u015fiire, beyite ve \u015fark\u0131ya bir\u00e7ok ifadeyi birle\u015ftiren G\u00fcz Bitigi asl\u0131nda tek bir \u015fiirdir, Cemal S\u00fcreya\u2019n\u0131n son ve evrensel \u015fark\u0131s\u0131d\u0131r.<\/p>\n","protected":false},"excerpt":{"rendered":"<p>Merdivenlerin oraya ko\u015fuyorum,Beklemek g\u00f6vde kazanmas\u0131 zaman\u0131n;\u00c7ok erken gelmi\u015fim seni bulam\u0131yorum,Bir \u015feyin provas\u0131 yap\u0131l\u0131yor sanki.S\u0131cak Nal\u2019dan bir g\u00fcn sonra yay\u0131mlanan G\u00fcz Bitigi, o kitab\u0131n melankolik g\u00fcz havas\u0131n\u0131<span class=\"excerpt-hellip\"> [\u2026]<\/span><\/p>\n","protected":false},"featured_media":0,"template":"","meta":{"_monsterinsights_skip_tracking":false,"_monsterinsights_sitenote_active":false,"_monsterinsights_sitenote_note":"","_monsterinsights_sitenote_category":0},"product_brand":[],"product_cat":[12291,12509],"product_tag":[],"class_list":{"0":"post-725646","1":"product","2":"type-product","3":"status-publish","5":"product_cat-edebiyat","6":"product_cat-siir","7":"pa_cilt-ciltsiz","8":"pa_tur-kitap","9":"pa_yayinevi-can-yayinlari","10":"pa_yazar-cemal-sureya","12":"first","13":"instock","14":"sale","15":"shipping-taxable","16":"purchasable","17":"product-type-simple"},"_links":{"self":[{"href":"https:\/\/roveyayinevi.com.tr\/index.php\/wp-json\/wp\/v2\/product\/725646","targetHints":{"allow":["GET"]}}],"collection":[{"href":"https:\/\/roveyayinevi.com.tr\/index.php\/wp-json\/wp\/v2\/product"}],"about":[{"href":"https:\/\/roveyayinevi.com.tr\/index.php\/wp-json\/wp\/v2\/types\/product"}],"wp:attachment":[{"href":"https:\/\/roveyayinevi.com.tr\/index.php\/wp-json\/wp\/v2\/media?parent=725646"}],"wp:term":[{"taxonomy":"product_brand","embeddable":true,"href":"https:\/\/roveyayinevi.com.tr\/index.php\/wp-json\/wp\/v2\/product_brand?post=725646"},{"taxonomy":"product_cat","embeddable":true,"href":"https:\/\/roveyayinevi.com.tr\/index.php\/wp-json\/wp\/v2\/product_cat?post=725646"},{"taxonomy":"product_tag","embeddable":true,"href":"https:\/\/roveyayinevi.com.tr\/index.php\/wp-json\/wp\/v2\/product_tag?post=725646"}],"curies":[{"name":"wp","href":"https:\/\/api.w.org\/{rel}","templated":true}]}}