{"id":725645,"date":"2025-08-27T19:54:01","date_gmt":"2025-08-27T16:54:01","guid":{"rendered":"https:\/\/roveyayinevi.com.tr\/index.php\/urun\/sevda-sozleri\/"},"modified":"2026-04-16T02:33:34","modified_gmt":"2026-04-15T23:33:34","slug":"sevda-sozleri","status":"publish","type":"product","link":"https:\/\/roveyayinevi.com.tr\/index.php\/urun\/sevda-sozleri\/","title":{"rendered":"Sevda S\u00f6zleri"},"content":{"rendered":"<p>Biliyorum sana giden yollar kapal\u0131\u00dcstelik sen de hi\u00e7bir zaman sevmedin beniNe kadar yak\u0131n ve arada u\u00e7urum;\u0130nsanlar, evler, aram\u0131zda duvarlar gibi Uyand\u0131m uyand\u0131m, hep seni d\u00fc\u015f\u00fcnd\u00fcmYaln\u0131z seni, yaln\u0131z senin g\u00f6zleriniSevda S\u00f6zleri, Cemal S\u00fcreya\u2019n\u0131n \u00f6\u011frencilik y\u0131llar\u0131nda ba\u015flayan ve \u00f6l\u00fcm\u00fcne kadar devam eden \u015fiir hayat\u0131nda yay\u0131mlad\u0131\u011f\u0131 t\u00fcm eserlerin yan\u0131 s\u0131ra, dergilerde ve mektuplarda kalm\u0131\u015f, baz\u0131s\u0131 ads\u0131z ve yar\u0131m b\u0131rak\u0131lm\u0131\u015f \u015fiirleri de bir araya getiriyor.<\/p>\n","protected":false},"excerpt":{"rendered":"<p>Biliyorum sana giden yollar kapal\u0131\u00dcstelik sen de hi\u00e7bir zaman sevmedin beniNe kadar yak\u0131n ve arada u\u00e7urum;\u0130nsanlar, evler, aram\u0131zda duvarlar gibi Uyand\u0131m uyand\u0131m, hep seni d\u00fc\u015f\u00fcnd\u00fcmYaln\u0131z seni,<span class=\"excerpt-hellip\"> [\u2026]<\/span><\/p>\n","protected":false},"featured_media":0,"template":"","meta":{"_monsterinsights_skip_tracking":false,"_monsterinsights_sitenote_active":false,"_monsterinsights_sitenote_note":"","_monsterinsights_sitenote_category":0},"product_brand":[],"product_cat":[12291,12509],"product_tag":[],"class_list":{"0":"post-725645","1":"product","2":"type-product","3":"status-publish","5":"product_cat-edebiyat","6":"product_cat-siir","7":"pa_cilt-ciltsiz","8":"pa_tur-kitap","9":"pa_yayinevi-can-yayinlari","10":"pa_yazar-cemal-sureya","12":"first","13":"instock","14":"sale","15":"shipping-taxable","16":"purchasable","17":"product-type-simple"},"_links":{"self":[{"href":"https:\/\/roveyayinevi.com.tr\/index.php\/wp-json\/wp\/v2\/product\/725645","targetHints":{"allow":["GET"]}}],"collection":[{"href":"https:\/\/roveyayinevi.com.tr\/index.php\/wp-json\/wp\/v2\/product"}],"about":[{"href":"https:\/\/roveyayinevi.com.tr\/index.php\/wp-json\/wp\/v2\/types\/product"}],"wp:attachment":[{"href":"https:\/\/roveyayinevi.com.tr\/index.php\/wp-json\/wp\/v2\/media?parent=725645"}],"wp:term":[{"taxonomy":"product_brand","embeddable":true,"href":"https:\/\/roveyayinevi.com.tr\/index.php\/wp-json\/wp\/v2\/product_brand?post=725645"},{"taxonomy":"product_cat","embeddable":true,"href":"https:\/\/roveyayinevi.com.tr\/index.php\/wp-json\/wp\/v2\/product_cat?post=725645"},{"taxonomy":"product_tag","embeddable":true,"href":"https:\/\/roveyayinevi.com.tr\/index.php\/wp-json\/wp\/v2\/product_tag?post=725645"}],"curies":[{"name":"wp","href":"https:\/\/api.w.org\/{rel}","templated":true}]}}