{"id":725644,"date":"2025-08-27T19:54:00","date_gmt":"2025-08-27T16:54:00","guid":{"rendered":"https:\/\/roveyayinevi.com.tr\/index.php\/urun\/gocebe-2\/"},"modified":"2026-04-16T02:33:34","modified_gmt":"2026-04-15T23:33:34","slug":"gocebe-2","status":"publish","type":"product","link":"https:\/\/roveyayinevi.com.tr\/index.php\/urun\/gocebe-2\/","title":{"rendered":"G\u00f6\u00e7ebe"},"content":{"rendered":"<p>Tek \u015f\u00f6valye b\u0131rak\u0131p kendinden \u00fcst\u00fcnYaz\u0131ld\u0131 yaln\u0131zl\u0131\u011f\u0131n yuvarlak masas\u0131naM\u0131zra\u011f\u0131n\u0131 ge\u00e7irdi i\u00e7inden bir fl\u00fct\u00fcn1965 tarihli kitab\u0131 G\u00f6\u00e7ebe\u2019de Cemal S\u00fcreya eski uygarl\u0131klardan Orta\u00e7a\u011f\u2019a ve modern \u00e7a\u011flara uzan\u0131yor, g\u00fcnl\u00fck hayatla \u015fiirin zamans\u0131z \u00e2lemi aras\u0131nda dola\u015f\u0131yo<\/p>\n","protected":false},"excerpt":{"rendered":"<p>Tek \u015f\u00f6valye b\u0131rak\u0131p kendinden \u00fcst\u00fcnYaz\u0131ld\u0131 yaln\u0131zl\u0131\u011f\u0131n yuvarlak masas\u0131naM\u0131zra\u011f\u0131n\u0131 ge\u00e7irdi i\u00e7inden bir fl\u00fct\u00fcn1965 tarihli kitab\u0131 G\u00f6\u00e7ebe\u2019de Cemal S\u00fcreya eski uygarl\u0131klardan Orta\u00e7a\u011f\u2019a ve modern \u00e7a\u011flara uzan\u0131yor, g\u00fcnl\u00fck hayatla<span class=\"excerpt-hellip\"> [\u2026]<\/span><\/p>\n","protected":false},"featured_media":0,"template":"","meta":{"_monsterinsights_skip_tracking":false,"_monsterinsights_sitenote_active":false,"_monsterinsights_sitenote_note":"","_monsterinsights_sitenote_category":0},"product_brand":[],"product_cat":[12291,12509],"product_tag":[],"class_list":{"0":"post-725644","1":"product","2":"type-product","3":"status-publish","5":"product_cat-edebiyat","6":"product_cat-siir","7":"pa_cilt-ciltsiz","8":"pa_tur-kitap","9":"pa_yayinevi-can-yayinlari","10":"pa_yazar-cemal-sureya","12":"first","13":"instock","14":"sale","15":"shipping-taxable","16":"purchasable","17":"product-type-simple"},"_links":{"self":[{"href":"https:\/\/roveyayinevi.com.tr\/index.php\/wp-json\/wp\/v2\/product\/725644","targetHints":{"allow":["GET"]}}],"collection":[{"href":"https:\/\/roveyayinevi.com.tr\/index.php\/wp-json\/wp\/v2\/product"}],"about":[{"href":"https:\/\/roveyayinevi.com.tr\/index.php\/wp-json\/wp\/v2\/types\/product"}],"wp:attachment":[{"href":"https:\/\/roveyayinevi.com.tr\/index.php\/wp-json\/wp\/v2\/media?parent=725644"}],"wp:term":[{"taxonomy":"product_brand","embeddable":true,"href":"https:\/\/roveyayinevi.com.tr\/index.php\/wp-json\/wp\/v2\/product_brand?post=725644"},{"taxonomy":"product_cat","embeddable":true,"href":"https:\/\/roveyayinevi.com.tr\/index.php\/wp-json\/wp\/v2\/product_cat?post=725644"},{"taxonomy":"product_tag","embeddable":true,"href":"https:\/\/roveyayinevi.com.tr\/index.php\/wp-json\/wp\/v2\/product_tag?post=725644"}],"curies":[{"name":"wp","href":"https:\/\/api.w.org\/{rel}","templated":true}]}}