{"id":725642,"date":"2025-08-27T19:53:59","date_gmt":"2025-08-27T16:53:59","guid":{"rendered":"https:\/\/roveyayinevi.com.tr\/index.php\/urun\/sicak-nal\/"},"modified":"2026-04-16T02:33:33","modified_gmt":"2026-04-15T23:33:33","slug":"sicak-nal","status":"publish","type":"product","link":"https:\/\/roveyayinevi.com.tr\/index.php\/urun\/sicak-nal\/","title":{"rendered":"S\u0131cak Nal"},"content":{"rendered":"<p>A\u011fz\u0131 a\u011fz\u0131na dolu telefonlardanG\u00f6zleri bozuk paralardanSaplant\u0131l\u0131 duvar saatlerinden\u0130\u00e7kilerin giderek k\u00fc\u00e7\u00fclmesindenBelli, iyi \u015feyler olmayacak.Bu kitaptaki \u015fiirler Cemal S\u00fcreya\u2019n\u0131n g\u00fcz mevsimine ait. Erken kaybetti\u011fi dostlar\u0131 Edip Cansever ve Turgut Uyar\u2019dan s\u00f6z eden, t\u00fcrbeleri dola\u015fan ve \u201cYa\u015fad\u0131m, Tanr\u0131m,\u201d diye hayat\u0131n\u0131n muhasebesini yapan \u015fairin S\u0131cak Nal\u2019daki t\u00fcm dizelerinde ayn\u0131 melankolik hava esiyor.<\/p>\n","protected":false},"excerpt":{"rendered":"<p>A\u011fz\u0131 a\u011fz\u0131na dolu telefonlardanG\u00f6zleri bozuk paralardanSaplant\u0131l\u0131 duvar saatlerinden\u0130\u00e7kilerin giderek k\u00fc\u00e7\u00fclmesindenBelli, iyi \u015feyler olmayacak.Bu kitaptaki \u015fiirler Cemal S\u00fcreya\u2019n\u0131n g\u00fcz mevsimine ait. Erken kaybetti\u011fi dostlar\u0131 Edip Cansever ve<span class=\"excerpt-hellip\"> [\u2026]<\/span><\/p>\n","protected":false},"featured_media":0,"template":"","meta":{"_monsterinsights_skip_tracking":false,"_monsterinsights_sitenote_active":false,"_monsterinsights_sitenote_note":"","_monsterinsights_sitenote_category":0},"product_brand":[],"product_cat":[12291,12509],"product_tag":[],"class_list":{"0":"post-725642","1":"product","2":"type-product","3":"status-publish","5":"product_cat-edebiyat","6":"product_cat-siir","7":"pa_cilt-ciltsiz","8":"pa_tur-kitap","9":"pa_yayinevi-can-yayinlari","10":"pa_yazar-cemal-sureya","12":"first","13":"instock","14":"sale","15":"shipping-taxable","16":"purchasable","17":"product-type-simple"},"_links":{"self":[{"href":"https:\/\/roveyayinevi.com.tr\/index.php\/wp-json\/wp\/v2\/product\/725642","targetHints":{"allow":["GET"]}}],"collection":[{"href":"https:\/\/roveyayinevi.com.tr\/index.php\/wp-json\/wp\/v2\/product"}],"about":[{"href":"https:\/\/roveyayinevi.com.tr\/index.php\/wp-json\/wp\/v2\/types\/product"}],"wp:attachment":[{"href":"https:\/\/roveyayinevi.com.tr\/index.php\/wp-json\/wp\/v2\/media?parent=725642"}],"wp:term":[{"taxonomy":"product_brand","embeddable":true,"href":"https:\/\/roveyayinevi.com.tr\/index.php\/wp-json\/wp\/v2\/product_brand?post=725642"},{"taxonomy":"product_cat","embeddable":true,"href":"https:\/\/roveyayinevi.com.tr\/index.php\/wp-json\/wp\/v2\/product_cat?post=725642"},{"taxonomy":"product_tag","embeddable":true,"href":"https:\/\/roveyayinevi.com.tr\/index.php\/wp-json\/wp\/v2\/product_tag?post=725642"}],"curies":[{"name":"wp","href":"https:\/\/api.w.org\/{rel}","templated":true}]}}