{"id":725641,"date":"2025-08-27T19:53:58","date_gmt":"2025-08-27T16:53:58","guid":{"rendered":"https:\/\/roveyayinevi.com.tr\/index.php\/urun\/uvercinka\/"},"modified":"2026-04-16T02:33:33","modified_gmt":"2026-04-15T23:33:33","slug":"uvercinka","status":"publish","type":"product","link":"https:\/\/roveyayinevi.com.tr\/index.php\/urun\/uvercinka\/","title":{"rendered":"\u00dcvercinka"},"content":{"rendered":"<p>Bir m\u0131sra daha s\u00f6ylesek sanki her \u015fey d\u00fczelecek\u0130ki ad\u0131m daha atm\u0131yoruz bizi tutuyorlarB\u00f6ylece bizi bir kere daha tutup kur\u015funa diziyorlarZaten bizi her g\u00fcn sabahtan ak\u015fama kur\u015funa diziyorlarB\u00fct\u00fcn kara par\u00e7alar\u0131ndaAfrika dahil\u00dcvercinka, T\u00fcrkiye\u2019de modern \u015fiirin ifadesine yeni bir soluk getirecek olan gen\u00e7 bir \u015fairin 1958 tarihli ilk kitab\u0131; \u0130kinci Yeni\u2019nin k\u0131r\u0131lma noktalar\u0131ndan biri<\/p>\n","protected":false},"excerpt":{"rendered":"<p>Bir m\u0131sra daha s\u00f6ylesek sanki her \u015fey d\u00fczelecek\u0130ki ad\u0131m daha atm\u0131yoruz bizi tutuyorlarB\u00f6ylece bizi bir kere daha tutup kur\u015funa diziyorlarZaten bizi her g\u00fcn sabahtan ak\u015fama kur\u015funa<span class=\"excerpt-hellip\"> [\u2026]<\/span><\/p>\n","protected":false},"featured_media":0,"template":"","meta":{"_monsterinsights_skip_tracking":false,"_monsterinsights_sitenote_active":false,"_monsterinsights_sitenote_note":"","_monsterinsights_sitenote_category":0},"product_brand":[],"product_cat":[12291,12509],"product_tag":[],"class_list":{"0":"post-725641","1":"product","2":"type-product","3":"status-publish","5":"product_cat-edebiyat","6":"product_cat-siir","7":"pa_cilt-ciltsiz","8":"pa_tur-kitap","9":"pa_yayinevi-can-yayinlari","10":"pa_yazar-cemal-sureya","12":"first","13":"instock","14":"sale","15":"shipping-taxable","16":"purchasable","17":"product-type-simple"},"_links":{"self":[{"href":"https:\/\/roveyayinevi.com.tr\/index.php\/wp-json\/wp\/v2\/product\/725641","targetHints":{"allow":["GET"]}}],"collection":[{"href":"https:\/\/roveyayinevi.com.tr\/index.php\/wp-json\/wp\/v2\/product"}],"about":[{"href":"https:\/\/roveyayinevi.com.tr\/index.php\/wp-json\/wp\/v2\/types\/product"}],"wp:attachment":[{"href":"https:\/\/roveyayinevi.com.tr\/index.php\/wp-json\/wp\/v2\/media?parent=725641"}],"wp:term":[{"taxonomy":"product_brand","embeddable":true,"href":"https:\/\/roveyayinevi.com.tr\/index.php\/wp-json\/wp\/v2\/product_brand?post=725641"},{"taxonomy":"product_cat","embeddable":true,"href":"https:\/\/roveyayinevi.com.tr\/index.php\/wp-json\/wp\/v2\/product_cat?post=725641"},{"taxonomy":"product_tag","embeddable":true,"href":"https:\/\/roveyayinevi.com.tr\/index.php\/wp-json\/wp\/v2\/product_tag?post=725641"}],"curies":[{"name":"wp","href":"https:\/\/api.w.org\/{rel}","templated":true}]}}