{"id":725638,"date":"2025-08-27T19:53:55","date_gmt":"2025-08-27T16:53:55","guid":{"rendered":"https:\/\/roveyayinevi.com.tr\/index.php\/urun\/minik-minik-kodluyoruz-1\/"},"modified":"2026-04-16T02:33:33","modified_gmt":"2026-04-15T23:33:33","slug":"minik-minik-kodluyoruz-1","status":"publish","type":"product","link":"https:\/\/roveyayinevi.com.tr\/index.php\/urun\/minik-minik-kodluyoruz-1\/","title":{"rendered":"Minik Minik Kodluyoruz 1"},"content":{"rendered":"<p>Etraf\u0131m\u0131zda ne \u00e7ok elektronik e\u015fya var de\u011fil mi? Bilgisayar\u0131m\u0131z, baz\u0131 oyuncaklar\u0131m\u0131z, evde kullan\u0131lan elektronik e\u015fyalar&#8230; G\u00f6zlemledi\u011finizde sizler de etraf\u0131n\u0131zda bir\u00e7ok \u015fey farkl\u0131 ara\u00e7 g\u00f6receksiniz. Bu teknolojik ara\u00e7lar kodlarla \u00e7al\u0131\u015f\u0131yor. Peki nedir Kodlama? Kodlama; istenilen amaca ula\u015fmak i\u00e7in yaz\u0131lan algoritman\u0131n uygulanmas\u0131d\u0131r. Algoritma ise; \u00f6n\u00fcm\u00fcze \u00e7\u0131kan durum ya da problemin \u00e7\u00f6z\u00fclmesi i\u00e7in belirlenen yolun s\u0131ral\u0131 ve a\u00e7\u0131k \u015fekilde yaz\u0131lmas\u0131d\u0131r. Bu kitapla ara\u00e7s\u0131z kodlama \u00e7al\u0131\u015fmalar\u0131 yap\u0131p algoritmay\u0131 \u00f6\u011frenebilirsiniz. Kitap, sizi kodlamayla tan\u0131\u015ft\u0131rmak i\u00e7in tasarland\u0131. Birlikte, algoritmik d\u00fc\u015f\u00fcnmeye, kodlama mant\u0131\u011f\u0131n\u0131 kavramaya ve neden sonu\u00e7 ili\u015fkisi kurmaya, \u00e7\u00f6z\u00fcm \u00fcretmeye y\u00f6nelik \u00e7al\u0131\u015fmalar yapmay\u0131 \u00f6\u011frenelim. <\/p>\n","protected":false},"excerpt":{"rendered":"<p>Etraf\u0131m\u0131zda ne \u00e7ok elektronik e\u015fya var de\u011fil mi? Bilgisayar\u0131m\u0131z, baz\u0131 oyuncaklar\u0131m\u0131z, evde kullan\u0131lan elektronik e\u015fyalar&#8230; G\u00f6zlemledi\u011finizde sizler de etraf\u0131n\u0131zda bir\u00e7ok \u015fey farkl\u0131 ara\u00e7 g\u00f6receksiniz. Bu teknolojik<span class=\"excerpt-hellip\"> [\u2026]<\/span><\/p>\n","protected":false},"featured_media":0,"template":"","meta":{"_monsterinsights_skip_tracking":false,"_monsterinsights_sitenote_active":false,"_monsterinsights_sitenote_note":"","_monsterinsights_sitenote_category":0},"product_brand":[],"product_cat":[12554,12274],"product_tag":[],"class_list":{"0":"post-725638","1":"product","2":"type-product","3":"status-publish","5":"product_cat-cikartmali-kitaplar","6":"product_cat-cocuk-ve-genclik-kitaplari","7":"pa_cilt-ciltsiz","8":"pa_tur-kitap","9":"pa_yayinevi-beta-kids","10":"pa_yazar-ezel-sezer","12":"first","13":"instock","14":"sale","15":"shipping-taxable","16":"purchasable","17":"product-type-simple"},"_links":{"self":[{"href":"https:\/\/roveyayinevi.com.tr\/index.php\/wp-json\/wp\/v2\/product\/725638","targetHints":{"allow":["GET"]}}],"collection":[{"href":"https:\/\/roveyayinevi.com.tr\/index.php\/wp-json\/wp\/v2\/product"}],"about":[{"href":"https:\/\/roveyayinevi.com.tr\/index.php\/wp-json\/wp\/v2\/types\/product"}],"wp:attachment":[{"href":"https:\/\/roveyayinevi.com.tr\/index.php\/wp-json\/wp\/v2\/media?parent=725638"}],"wp:term":[{"taxonomy":"product_brand","embeddable":true,"href":"https:\/\/roveyayinevi.com.tr\/index.php\/wp-json\/wp\/v2\/product_brand?post=725638"},{"taxonomy":"product_cat","embeddable":true,"href":"https:\/\/roveyayinevi.com.tr\/index.php\/wp-json\/wp\/v2\/product_cat?post=725638"},{"taxonomy":"product_tag","embeddable":true,"href":"https:\/\/roveyayinevi.com.tr\/index.php\/wp-json\/wp\/v2\/product_tag?post=725638"}],"curies":[{"name":"wp","href":"https:\/\/api.w.org\/{rel}","templated":true}]}}