{"id":725637,"date":"2025-08-27T19:53:54","date_gmt":"2025-08-27T16:53:54","guid":{"rendered":"https:\/\/roveyayinevi.com.tr\/index.php\/urun\/minik-minik-kodluyoruz-2\/"},"modified":"2026-04-16T02:33:33","modified_gmt":"2026-04-15T23:33:33","slug":"minik-minik-kodluyoruz-2","status":"publish","type":"product","link":"https:\/\/roveyayinevi.com.tr\/index.php\/urun\/minik-minik-kodluyoruz-2\/","title":{"rendered":"Minik Minik Kodluyoruz 2"},"content":{"rendered":"<p>Teknolojinin ilerlemesiyle birlikte, \u00e7a\u011f\u0131n gere\u011fi olarak kodlamay\u0131 \u00f6\u011frenmek temel bir gereksinim haline gelmi\u015ftir. Geli\u015fen teknolojiyi yakalamak ve bu alanda ilerleyebilmek i\u00e7in \u00e7ocuklar\u0131 kodlama ile erken ya\u015fta tan\u0131\u015ft\u0131rmak, onlara \u00f6nc\u00fcl\u00fck etmek, yarat\u0131c\u0131l\u0131klar\u0131na f\u0131rsat sunmak, bu konudaki \u00f6zg\u00fcven ve \u00fcretimlerini artt\u0131racakt\u0131r. Bu kitapla 5 ya\u015f ve \u00fcst\u00fc \u00e7ocuklar\u0131n ba\u015flang\u0131\u00e7 seviyesindeki kodlama ile tan\u0131\u015fmas\u0131n\u0131 sa\u011flamay\u0131 ama\u00e7l\u0131yoruz. Aktivitelerle ad\u0131m ad\u0131m ve e\u011flenerek, algoritma temelli kodlama etkinlikleri sunuyoruz. <\/p>\n","protected":false},"excerpt":{"rendered":"<p>Teknolojinin ilerlemesiyle birlikte, \u00e7a\u011f\u0131n gere\u011fi olarak kodlamay\u0131 \u00f6\u011frenmek temel bir gereksinim haline gelmi\u015ftir. Geli\u015fen teknolojiyi yakalamak ve bu alanda ilerleyebilmek i\u00e7in \u00e7ocuklar\u0131 kodlama ile erken ya\u015fta<span class=\"excerpt-hellip\"> [\u2026]<\/span><\/p>\n","protected":false},"featured_media":0,"template":"","meta":{"_monsterinsights_skip_tracking":false,"_monsterinsights_sitenote_active":false,"_monsterinsights_sitenote_note":"","_monsterinsights_sitenote_category":0},"product_brand":[],"product_cat":[12554,12274],"product_tag":[],"class_list":{"0":"post-725637","1":"product","2":"type-product","3":"status-publish","5":"product_cat-cikartmali-kitaplar","6":"product_cat-cocuk-ve-genclik-kitaplari","7":"pa_cilt-ciltsiz","8":"pa_tur-kitap","9":"pa_yayinevi-beta-kids","10":"pa_yazar-ezel-sezer","12":"first","13":"instock","14":"sale","15":"shipping-taxable","16":"purchasable","17":"product-type-simple"},"_links":{"self":[{"href":"https:\/\/roveyayinevi.com.tr\/index.php\/wp-json\/wp\/v2\/product\/725637","targetHints":{"allow":["GET"]}}],"collection":[{"href":"https:\/\/roveyayinevi.com.tr\/index.php\/wp-json\/wp\/v2\/product"}],"about":[{"href":"https:\/\/roveyayinevi.com.tr\/index.php\/wp-json\/wp\/v2\/types\/product"}],"wp:attachment":[{"href":"https:\/\/roveyayinevi.com.tr\/index.php\/wp-json\/wp\/v2\/media?parent=725637"}],"wp:term":[{"taxonomy":"product_brand","embeddable":true,"href":"https:\/\/roveyayinevi.com.tr\/index.php\/wp-json\/wp\/v2\/product_brand?post=725637"},{"taxonomy":"product_cat","embeddable":true,"href":"https:\/\/roveyayinevi.com.tr\/index.php\/wp-json\/wp\/v2\/product_cat?post=725637"},{"taxonomy":"product_tag","embeddable":true,"href":"https:\/\/roveyayinevi.com.tr\/index.php\/wp-json\/wp\/v2\/product_tag?post=725637"}],"curies":[{"name":"wp","href":"https:\/\/api.w.org\/{rel}","templated":true}]}}