{"id":725633,"date":"2025-08-27T19:53:51","date_gmt":"2025-08-27T16:53:51","guid":{"rendered":"https:\/\/roveyayinevi.com.tr\/index.php\/urun\/sevgi-evlerinde-kalan-ergen-kizlara-uygulanan-fiziksel-aktivite-programinin-iletisim-becerilleri\/"},"modified":"2026-04-16T02:33:33","modified_gmt":"2026-04-15T23:33:33","slug":"sevgi-evlerinde-kalan-ergen-kizlara-uygulanan-fiziksel-aktivite-programinin-iletisim-becerilleri","status":"publish","type":"product","link":"https:\/\/roveyayinevi.com.tr\/index.php\/urun\/sevgi-evlerinde-kalan-ergen-kizlara-uygulanan-fiziksel-aktivite-programinin-iletisim-becerilleri\/","title":{"rendered":"Sevgi Evlerinde Kalan Ergen K\u0131zlara Uygulanan Fiziksel Aktivite Program\u0131n\u0131n \u0130leti\u015fim Becerilleri"},"content":{"rendered":"<p>1.B\u00d6L\u00dcM 1.1.Problem Durumu1.2.Ara\u015ft\u0131rman\u0131n Amac\u01311.3.Hipotezler (Denence)1.4.Ara\u015ft\u0131rman\u0131n \u00d6nemi1.5.Ara\u015ft\u0131rman\u0131n S\u0131n\u0131rl\u0131l\u0131klar\u01311.6.Ara\u015ft\u0131rman\u0131n Say\u0131lt\u0131lar\u0131 (Varsay\u0131m)1.7.Tan\u0131mlar 2.B\u00d6L\u00dcM2.1.\u0130leti\u015fim Becerileri2.2.Olumlu-Olumsuz Duygular2.3.Fiziksel Aktivite2.4.Ergenlik (Ad\u00f6lesan) D\u00f6nemi2.5.Korunmaya Muhta\u00e7 \u00c7ocuk Ve Ergenler 3.B\u00d6L\u00dcM3.1.Ara\u015ft\u0131rma Modeli 3.2.\u00c7al\u0131\u015fma Grubu3.3.\u00c7al\u0131\u015fman\u0131n Program\u01313.4.Verileri Toplama Ara\u00e7lar\u01313.5.Verilerin Analizi 4.B\u00d6L\u00dcM4.1.Deney ve Kontrol gruplar\u0131 Fiziksel Aktivite Program\u0131n\u0131n \u00d6n test ve Son test Kar\u015f\u0131la\u015ft\u0131rmas\u0131 5.B\u00d6L\u00dcMTart\u0131\u015fma Ve Sonu\u00e7 \u00d6nerilerKaynaklar<\/p>\n","protected":false},"excerpt":{"rendered":"<p>1.B\u00d6L\u00dcM 1.1.Problem Durumu1.2.Ara\u015ft\u0131rman\u0131n Amac\u01311.3.Hipotezler (Denence)1.4.Ara\u015ft\u0131rman\u0131n \u00d6nemi1.5.Ara\u015ft\u0131rman\u0131n S\u0131n\u0131rl\u0131l\u0131klar\u01311.6.Ara\u015ft\u0131rman\u0131n Say\u0131lt\u0131lar\u0131 (Varsay\u0131m)1.7.Tan\u0131mlar 2.B\u00d6L\u00dcM2.1.\u0130leti\u015fim Becerileri2.2.Olumlu-Olumsuz Duygular2.3.Fiziksel Aktivite2.4.Ergenlik (Ad\u00f6lesan) D\u00f6nemi2.5.Korunmaya Muhta\u00e7 \u00c7ocuk Ve Ergenler 3.B\u00d6L\u00dcM3.1.Ara\u015ft\u0131rma Modeli 3.2.\u00c7al\u0131\u015fma Grubu3.3.\u00c7al\u0131\u015fman\u0131n Program\u01313.4.Verileri Toplama Ara\u00e7lar\u01313.5.Verilerin<span class=\"excerpt-hellip\"> [\u2026]<\/span><\/p>\n","protected":false},"featured_media":0,"template":"","meta":{"_monsterinsights_skip_tracking":false,"_monsterinsights_sitenote_active":false,"_monsterinsights_sitenote_note":"","_monsterinsights_sitenote_category":0},"product_brand":[],"product_cat":[12831,12324],"product_tag":[],"class_list":{"0":"post-725633","1":"product","2":"type-product","3":"status-publish","5":"product_cat-aile-ve-cocuk","6":"product_cat-sosyoloji","7":"pa_cilt-ciltsiz","8":"pa_tur-kitap","9":"pa_yayinevi-gazi-kitabevi","10":"pa_yazar-ozge-baydar-arican","12":"first","13":"instock","14":"sale","15":"shipping-taxable","16":"purchasable","17":"product-type-simple"},"_links":{"self":[{"href":"https:\/\/roveyayinevi.com.tr\/index.php\/wp-json\/wp\/v2\/product\/725633","targetHints":{"allow":["GET"]}}],"collection":[{"href":"https:\/\/roveyayinevi.com.tr\/index.php\/wp-json\/wp\/v2\/product"}],"about":[{"href":"https:\/\/roveyayinevi.com.tr\/index.php\/wp-json\/wp\/v2\/types\/product"}],"wp:attachment":[{"href":"https:\/\/roveyayinevi.com.tr\/index.php\/wp-json\/wp\/v2\/media?parent=725633"}],"wp:term":[{"taxonomy":"product_brand","embeddable":true,"href":"https:\/\/roveyayinevi.com.tr\/index.php\/wp-json\/wp\/v2\/product_brand?post=725633"},{"taxonomy":"product_cat","embeddable":true,"href":"https:\/\/roveyayinevi.com.tr\/index.php\/wp-json\/wp\/v2\/product_cat?post=725633"},{"taxonomy":"product_tag","embeddable":true,"href":"https:\/\/roveyayinevi.com.tr\/index.php\/wp-json\/wp\/v2\/product_tag?post=725633"}],"curies":[{"name":"wp","href":"https:\/\/api.w.org\/{rel}","templated":true}]}}