{"id":725631,"date":"2025-08-27T19:53:49","date_gmt":"2025-08-27T16:53:49","guid":{"rendered":"https:\/\/roveyayinevi.com.tr\/index.php\/urun\/kucuk-dahiler-aktivite-kitabi-2-3-yas-pedagog-onayli\/"},"modified":"2026-04-16T02:33:33","modified_gmt":"2026-04-15T23:33:33","slug":"kucuk-dahiler-aktivite-kitabi-2-3-yas-pedagog-onayli","status":"publish","type":"product","link":"https:\/\/roveyayinevi.com.tr\/index.php\/urun\/kucuk-dahiler-aktivite-kitabi-2-3-yas-pedagog-onayli\/","title":{"rendered":"K\u00fc\u00e7\u00fck Dahiler Aktivite Kitab\u0131 2 \u2013 3+ Ya\u015f (Pedagog Onayl\u0131)"},"content":{"rendered":"<p>K\u00fc\u00e7\u00fck Dahiler Aktivite Kitab\u0131 2 \u2013 3+ Ya\u015f (Pedagog Onayl\u0131)Bu kitapta 3+ yas\u0327 \u00e7ocuklar i\u00e7in \u00f6zel olarak haz\u0131rlanm\u0131s\u0327, bilis\u0327sel, motor, dikkat ve d\u00fcs\u0327\u00fcnme becerilerini gelis\u0327tiren pek \u00e7ok eg\u0306lenceli aktivite bulacaks\u0131n\u0131z.Boyama, resim tamamlama, farkl\u0131 olan\u0131 bulma, ayn\u0131 olan\u0131 bulma, yap-boz tamamlama, es\u0327les\u0327tirme, dizi tamamlama, gruplama, parmak boyama, resim yapma ve daha pek \u00e7ok aktivite \u00e7ocuklar\u0131n\u0131z\u0131n zihinsel ve motor becerilerini, el-g\u00f6z koordinasyonlar\u0131n\u0131 gelis\u0327tirecek; ayn\u0131 zamanda ak\u0131l y\u00fcr\u00fctme, dikkat gelis\u0327imi ve yarat\u0131c\u0131l\u0131klar\u0131n\u0131 da destekleyecektir.\u00c7ocuklar\u0131n\u0131z bu aktiviteleri sizinle birlikte ve tek bas\u0327\u0131na yaparken hem \u00e7ok eg\u0306lenecek hem de \u00f6g\u0306renecek.Deg\u0306erli Ebeveynler,Bu kitap dizisi, 3 yas\u0327 \u00e7ocuklar\u0131m\u0131z\u0131n ince el kaslar\u0131, g\u00f6rsel ve is\u0327itsel dikkat, g\u00f6rsel ve is\u0327itsel haf\u0131za, konsantrasyon yetilerini gelis\u0327tirmek amac\u0131yla, Milli Eg\u0306itim Bakanl\u0131g\u0306\u0131\u2019n\u0131n 0-72 ay eg\u0306itim program\u0131na uygun kazan\u0131mlar dikkate al\u0131narak haz\u0131rlanm\u0131s\u0327t\u0131r.Bu kitab\u0131 \u00e7ocug\u0306unuzla birlikte uygularken:\u00b7 Y\u00f6nergeleri okuyunuz fakat \u00e7ocug\u0306unuz etkinlig\u0306e bas\u0327lad\u0131g\u0306\u0131nda m\u00fcdahale etmeyiniz.\u00b7 Y\u00f6nergelere uygun hareket ettig\u0306inde, \u201cAferin, tebrik ederim\u201d benzeri motive edici s\u00f6zc\u00fckler kullan\u0131n\u0131z.\u00b7 Y\u00f6nergeleri yanl\u0131s\u0327 uygularsa, \u201cBir daha denemeye ne dersin?, S\u0327uraya dikkat ederek yeniden yapabilirsin.\u201d benzeri, destekleyici ve tes\u0327vik edici uyar\u0131larda bulunabilirsiniz.\u00d6nemli olan\u0131n, \u00e7ocug\u0306un dog\u0306ru yapmas\u0131 deg\u0306il, dog\u0306ru yapmak i\u00e7in \u00e7aba g\u00f6stermesi oldug\u0306unu unutmayal\u0131m.Bol kitapl\u0131 ve sag\u0306l\u0131kl\u0131 g\u00fcnler dileg\u0306iyle!<\/p>\n","protected":false},"excerpt":{"rendered":"<p>K\u00fc\u00e7\u00fck Dahiler Aktivite Kitab\u0131 2 \u2013 3+ Ya\u015f (Pedagog Onayl\u0131)Bu kitapta 3+ yas\u0327 \u00e7ocuklar i\u00e7in \u00f6zel olarak haz\u0131rlanm\u0131s\u0327, bilis\u0327sel, motor, dikkat ve d\u00fcs\u0327\u00fcnme becerilerini gelis\u0327tiren pek<span class=\"excerpt-hellip\"> [\u2026]<\/span><\/p>\n","protected":false},"featured_media":0,"template":"","meta":{"_monsterinsights_skip_tracking":false,"_monsterinsights_sitenote_active":false,"_monsterinsights_sitenote_note":"","_monsterinsights_sitenote_category":0},"product_brand":[],"product_cat":[12274,12518],"product_tag":[],"class_list":{"0":"post-725631","1":"product","2":"type-product","3":"status-publish","5":"product_cat-cocuk-ve-genclik-kitaplari","6":"product_cat-okul-oncesi-kitaplar","7":"pa_cilt-ciltsiz","8":"pa_tur-kitap","9":"pa_yayinevi-indigo-kitap","10":"pa_yazar-gulizar-c-cetinkaya-ayca-g-derin","12":"first","13":"instock","14":"sale","15":"shipping-taxable","16":"purchasable","17":"product-type-simple"},"_links":{"self":[{"href":"https:\/\/roveyayinevi.com.tr\/index.php\/wp-json\/wp\/v2\/product\/725631","targetHints":{"allow":["GET"]}}],"collection":[{"href":"https:\/\/roveyayinevi.com.tr\/index.php\/wp-json\/wp\/v2\/product"}],"about":[{"href":"https:\/\/roveyayinevi.com.tr\/index.php\/wp-json\/wp\/v2\/types\/product"}],"wp:attachment":[{"href":"https:\/\/roveyayinevi.com.tr\/index.php\/wp-json\/wp\/v2\/media?parent=725631"}],"wp:term":[{"taxonomy":"product_brand","embeddable":true,"href":"https:\/\/roveyayinevi.com.tr\/index.php\/wp-json\/wp\/v2\/product_brand?post=725631"},{"taxonomy":"product_cat","embeddable":true,"href":"https:\/\/roveyayinevi.com.tr\/index.php\/wp-json\/wp\/v2\/product_cat?post=725631"},{"taxonomy":"product_tag","embeddable":true,"href":"https:\/\/roveyayinevi.com.tr\/index.php\/wp-json\/wp\/v2\/product_tag?post=725631"}],"curies":[{"name":"wp","href":"https:\/\/api.w.org\/{rel}","templated":true}]}}