{"id":725630,"date":"2025-08-27T19:53:49","date_gmt":"2025-08-27T16:53:49","guid":{"rendered":"https:\/\/roveyayinevi.com.tr\/index.php\/urun\/iskarta-hayatlar-modernite-ve-safralari\/"},"modified":"2026-02-03T02:47:44","modified_gmt":"2026-02-02T23:47:44","slug":"iskarta-hayatlar-modernite-ve-safralari","status":"publish","type":"product","link":"https:\/\/roveyayinevi.com.tr\/index.php\/urun\/iskarta-hayatlar-modernite-ve-safralari\/","title":{"rendered":"Iskarta Hayatlar \/ Modernite ve Safralar\u0131"},"content":{"rendered":"<p>D\u00fcnyan\u0131n b\u00fcy\u00fck bir k\u0131sm\u0131 modernle\u015fmeden ya tamamen ya da k\u0131smen etkilendi. Modernle\u015fme, gezegenin en uzak noktas\u0131na ula\u015ft\u0131\u011f\u0131nda t\u00fcm yerellikler modernitenin k\u00fcresel zaferinin sonu\u00e7lar\u0131n\u0131 ta\u015f\u0131mal\u0131yd\u0131. Peki modernitenin ka\u00e7\u0131n\u0131lmaz sonu, ekonomik ilerlemenin malum yan etkisi neydi? \u201c\u0130nsan at\u0131\u011f\u0131\u201d \u00fcretimi ya da daha keskin bir ifadeyle bo\u015fa giden ya\u015famlar, \u201cgereksiz\u201d g\u00f6\u00e7menler, m\u00fclteciler, s\u0131\u011f\u0131nmac\u0131lar, d\u0131\u015flanm\u0131\u015flar; yani \u201c\u0131skarta hayatlar\u201d&#8230;Iskarta Hayatlar\u2019da, modernite ve k\u00fcreselle\u015fmenin bu d\u00f6n\u00fc\u015f\u00fcm\u00fcn\u00fcn \u00e7a\u011fda\u015f k\u00fclt\u00fcr\u00fcm\u00fcz ve politika \u00fczerindeki etkisini ortaya koyan Bauman; \u201cinsane at\u0131\u011f\u0131\u201d ile ba\u015fa \u00e7\u0131kma sorununun iktidar stratejilerinden insan ili\u015fkilerinin en samimi y\u00f6nlerine kadar ortak ya\u015fam\u0131m\u0131z\u0131n \u015fa\u015f\u0131rt\u0131c\u0131 \u00f6zelliklerini anlamak i\u00e7in bir anahtar sa\u011flad\u0131\u011f\u0131n\u0131 g\u00f6steriyor ve hepimizi bekleyen dramatik sona kar\u015f\u0131 \u00f6nemli bir uyar\u0131da bulunuyor:\u201cAt\u0131k\u201da \u00e7\u0131kar\u0131lmak n\u00fcfusun belirli bir k\u0131sm\u0131n\u0131 de\u011fil, potansiyel olarak herkesi bekleyen, herkese mevcut ve m\u00fcstakbel sosyal mevkisinin sallant\u0131da oldu\u011funu hat\u0131rlatan bir tehlikeye d\u00f6n\u00fc\u015f\u00fcr<\/p>\n","protected":false},"excerpt":{"rendered":"<p>D\u00fcnyan\u0131n b\u00fcy\u00fck bir k\u0131sm\u0131 modernle\u015fmeden ya tamamen ya da k\u0131smen etkilendi. Modernle\u015fme, gezegenin en uzak noktas\u0131na ula\u015ft\u0131\u011f\u0131nda t\u00fcm yerellikler modernitenin k\u00fcresel zaferinin sonu\u00e7lar\u0131n\u0131 ta\u015f\u0131mal\u0131yd\u0131. Peki modernitenin<span class=\"excerpt-hellip\"> [\u2026]<\/span><\/p>\n","protected":false},"featured_media":0,"template":"","meta":{"_monsterinsights_skip_tracking":false,"_monsterinsights_sitenote_active":false,"_monsterinsights_sitenote_note":"","_monsterinsights_sitenote_category":0},"product_brand":[],"product_cat":[12325,12324],"product_tag":[],"class_list":{"0":"post-725630","1":"product","2":"type-product","3":"status-publish","5":"product_cat-diger-sosyoloji","6":"product_cat-sosyoloji","7":"pa_cilt-ciltsiz","8":"pa_tur-kitap","9":"pa_yayinevi-tellekt","10":"pa_yazar-zygmunt-bauman","12":"first","13":"instock","14":"sale","15":"shipping-taxable","16":"purchasable","17":"product-type-simple"},"_links":{"self":[{"href":"https:\/\/roveyayinevi.com.tr\/index.php\/wp-json\/wp\/v2\/product\/725630","targetHints":{"allow":["GET"]}}],"collection":[{"href":"https:\/\/roveyayinevi.com.tr\/index.php\/wp-json\/wp\/v2\/product"}],"about":[{"href":"https:\/\/roveyayinevi.com.tr\/index.php\/wp-json\/wp\/v2\/types\/product"}],"wp:attachment":[{"href":"https:\/\/roveyayinevi.com.tr\/index.php\/wp-json\/wp\/v2\/media?parent=725630"}],"wp:term":[{"taxonomy":"product_brand","embeddable":true,"href":"https:\/\/roveyayinevi.com.tr\/index.php\/wp-json\/wp\/v2\/product_brand?post=725630"},{"taxonomy":"product_cat","embeddable":true,"href":"https:\/\/roveyayinevi.com.tr\/index.php\/wp-json\/wp\/v2\/product_cat?post=725630"},{"taxonomy":"product_tag","embeddable":true,"href":"https:\/\/roveyayinevi.com.tr\/index.php\/wp-json\/wp\/v2\/product_tag?post=725630"}],"curies":[{"name":"wp","href":"https:\/\/api.w.org\/{rel}","templated":true}]}}