{"id":725625,"date":"2025-08-27T19:53:13","date_gmt":"2025-08-27T16:53:13","guid":{"rendered":"https:\/\/roveyayinevi.com.tr\/index.php\/urun\/unutulmus\/"},"modified":"2026-04-16T02:33:33","modified_gmt":"2026-04-15T23:33:33","slug":"unutulmus","status":"publish","type":"product","link":"https:\/\/roveyayinevi.com.tr\/index.php\/urun\/unutulmus\/","title":{"rendered":"Unutulmu\u015f"},"content":{"rendered":"<p>Asi bir \u015fehrin\u015eirin mi \u015firin bir da\u011f k\u00f6y\u00fcndeG\u00f6zlerimi a\u00e7m\u0131\u015f\u0131m ya\u015famaKaranl\u0131k geceZifiri k\u0131\u015fAnam gebeBabam marabadan da marabaCennet mi cehennem miKurtlar sarm\u0131\u015f d\u00f6rt yan\u0131m\u0131Ben a\u011flam\u0131\u015f\u0131mB\u00fcy\u00fck bir \u015fehrin varo\u015flar\u0131ndaKonu\u015fmay\u0131 \u00f6\u011frenmi\u015fimBen gibi olmayanlardanDil bilmem onlar gibi g\u00fclmemKorkakl\u0131\u011fa vursa g\u00fcl\u00fc\u015flerimPar\u0131ldayan y\u0131ld\u0131zlar alt\u0131nda bir \u00f6fkeyimG\u00e2h o tarafa g\u00e2h bu tarafaUnutulmu\u015f bir ger\u00e7e\u011fim<\/p>\n","protected":false},"excerpt":{"rendered":"<p>Asi bir \u015fehrin\u015eirin mi \u015firin bir da\u011f k\u00f6y\u00fcndeG\u00f6zlerimi a\u00e7m\u0131\u015f\u0131m ya\u015famaKaranl\u0131k geceZifiri k\u0131\u015fAnam gebeBabam marabadan da marabaCennet mi cehennem miKurtlar sarm\u0131\u015f d\u00f6rt yan\u0131m\u0131Ben a\u011flam\u0131\u015f\u0131mB\u00fcy\u00fck bir \u015fehrin varo\u015flar\u0131ndaKonu\u015fmay\u0131<span class=\"excerpt-hellip\"> [\u2026]<\/span><\/p>\n","protected":false},"featured_media":0,"template":"","meta":{"_monsterinsights_skip_tracking":false,"_monsterinsights_sitenote_active":false,"_monsterinsights_sitenote_note":"","_monsterinsights_sitenote_category":0},"product_brand":[],"product_cat":[12291,12509],"product_tag":[],"class_list":{"0":"post-725625","1":"product","2":"type-product","3":"status-publish","5":"product_cat-edebiyat","6":"product_cat-siir","7":"pa_cilt-ciltsiz","8":"pa_tur-kitap","9":"pa_yayinevi-favori-yayinlari","10":"pa_yazar-vedat-icen","12":"first","13":"instock","14":"sale","15":"shipping-taxable","16":"purchasable","17":"product-type-simple"},"_links":{"self":[{"href":"https:\/\/roveyayinevi.com.tr\/index.php\/wp-json\/wp\/v2\/product\/725625","targetHints":{"allow":["GET"]}}],"collection":[{"href":"https:\/\/roveyayinevi.com.tr\/index.php\/wp-json\/wp\/v2\/product"}],"about":[{"href":"https:\/\/roveyayinevi.com.tr\/index.php\/wp-json\/wp\/v2\/types\/product"}],"wp:attachment":[{"href":"https:\/\/roveyayinevi.com.tr\/index.php\/wp-json\/wp\/v2\/media?parent=725625"}],"wp:term":[{"taxonomy":"product_brand","embeddable":true,"href":"https:\/\/roveyayinevi.com.tr\/index.php\/wp-json\/wp\/v2\/product_brand?post=725625"},{"taxonomy":"product_cat","embeddable":true,"href":"https:\/\/roveyayinevi.com.tr\/index.php\/wp-json\/wp\/v2\/product_cat?post=725625"},{"taxonomy":"product_tag","embeddable":true,"href":"https:\/\/roveyayinevi.com.tr\/index.php\/wp-json\/wp\/v2\/product_tag?post=725625"}],"curies":[{"name":"wp","href":"https:\/\/api.w.org\/{rel}","templated":true}]}}