{"id":725619,"date":"2025-08-27T19:53:08","date_gmt":"2025-08-27T16:53:08","guid":{"rendered":"https:\/\/roveyayinevi.com.tr\/index.php\/urun\/osmanlida-tarim-politikalari\/"},"modified":"2026-04-16T02:33:33","modified_gmt":"2026-04-15T23:33:33","slug":"osmanlida-tarim-politikalari","status":"publish","type":"product","link":"https:\/\/roveyayinevi.com.tr\/index.php\/urun\/osmanlida-tarim-politikalari\/","title":{"rendered":"Osmanl\u0131\u2019da Tar\u0131m Politikalar\u0131"},"content":{"rendered":"<p>Osmanl\u0131 Devleti alt\u0131 y\u00fczy\u0131l\u0131 a\u015fk\u0131n bir s\u00fcre h\u00fck\u00fcm s\u00fcrd\u00fc. Ba\u015flang\u0131\u00e7ta toprak d\u00fczeninin yakla\u015f\u0131k olarak e\u015fit \u00f6l\u00e7ekte olmas\u0131, toprakta \u015fah\u0131s m\u00fclkiyetinin bulunmamas\u0131, \u00fcretimin de\u011fi\u015fim de\u011feri i\u00e7in de\u011fil de daha \u00e7ok kullan\u0131m de\u011feri \u00fczerinden s\u00fcrmesi, Osmanl\u0131\u2019n\u0131n iyi yanlar\u0131 olarak ortaya \u00e7\u0131kt\u0131. Ancak y\u00f6netim sisteminde b\u00f6yle iyi yanlar\u0131n\u0131n olmas\u0131 elbette \u00fcreten insanlar\u0131n s\u00f6m\u00fcr\u00fclmedi\u011fi anlam\u0131na gelmiyordu, Osmanl\u0131\u2019da da \u00fcretenler s\u00f6m\u00fcr\u00fcl\u00fcyordu. Y\u00fckselme d\u00f6nemiyle birlikte toprakta daha \u00f6nce olmayan ki\u015fisel m\u00fclkiyet olu\u015fmaya ba\u015flad\u0131. \u00d6zel m\u00fclk sahiplerinin k\u00f6yl\u00fcy\u00fc s\u00f6m\u00fcrmesiyle topraklar\u0131 her ge\u00e7en g\u00fcn b\u00fcy\u00fcd\u00fc, reayan\u0131n ise topra\u011f\u0131 k\u00fc\u00e7\u00fcld\u00fc, baz\u0131 reaya topraks\u0131z bile kald\u0131.Osmanl\u0131 son zamanlarda tar\u0131m\u0131 hat\u0131rlay\u0131p baz\u0131 at\u0131l\u0131mlarda bulunmaya kalk\u0131\u015ft\u0131. \u00dcreticisine kredi olanaklar\u0131 yaratmaya \u00e7al\u0131\u015ft\u0131. Yabanc\u0131 \u015firketlere kar\u015f\u0131 kooperatif \u00f6rg\u00fctl\u00fcl\u00fc\u011f\u00fc ile kar\u015f\u0131 durmaya \u00e7abalad\u0131, ancak at\u0131 alan \u00dcsk\u00fcdar\u2019\u0131 ge\u00e7mi\u015fti\u2026Bu kitap bir tarih ara\u015ft\u0131rmas\u0131 de\u011fil. Osmanl\u0131\u2019ya biraz sosyal, biraz politik nazar atan bir \u00e7al\u0131\u015fma. D\u00fcne bakarak bug\u00fcn\u00fc anlama \u00e7abas\u0131 da denilebilir. Zira bug\u00fcn ya\u015fad\u0131klar\u0131m\u0131z ve bize ya\u015fat\u0131lanlar ge\u00e7mi\u015fimizin izini ta\u015f\u0131makta ve adeta onu tekrar etmektedir.D\u00fcn var olan, s\u00f6m\u00fcren zalimler bug\u00fcn de var. George Santayana\u2019n\u0131n da dedi\u011fi gibi; \u201cGe\u00e7mi\u015fi hat\u0131rlamayanlar, onu bir kere daha ya\u015famak zorunda kal\u0131rlar.\u201d Bu \u00e7al\u0131\u015fma ge\u00e7mi\u015fi hat\u0131rlatarak, gelecekte s\u00f6m\u00fcren zalimlerin olmayaca\u011f\u0131 bir d\u00fcnyan\u0131n umuduyla, okuyucular\u0131 tarihin tekerr\u00fcr\u00fcne kar\u015f\u0131 uyarmaktad\u0131r.<\/p>\n","protected":false},"excerpt":{"rendered":"<p>Osmanl\u0131 Devleti alt\u0131 y\u00fczy\u0131l\u0131 a\u015fk\u0131n bir s\u00fcre h\u00fck\u00fcm s\u00fcrd\u00fc. Ba\u015flang\u0131\u00e7ta toprak d\u00fczeninin yakla\u015f\u0131k olarak e\u015fit \u00f6l\u00e7ekte olmas\u0131, toprakta \u015fah\u0131s m\u00fclkiyetinin bulunmamas\u0131, \u00fcretimin de\u011fi\u015fim de\u011feri i\u00e7in de\u011fil<span class=\"excerpt-hellip\"> [\u2026]<\/span><\/p>\n","protected":false},"featured_media":0,"template":"","meta":{"_monsterinsights_skip_tracking":false,"_monsterinsights_sitenote_active":false,"_monsterinsights_sitenote_note":"","_monsterinsights_sitenote_category":0},"product_brand":[],"product_cat":[12534,12304],"product_tag":[],"class_list":{"0":"post-725619","1":"product","2":"type-product","3":"status-publish","5":"product_cat-referans-kitaplar","6":"product_cat-tarih","7":"pa_cilt-ciltsiz","8":"pa_tur-kitap","9":"pa_yayinevi-yeni-insan-yayinlari","10":"pa_yazar-abdullah-aysu","12":"first","13":"instock","14":"sale","15":"shipping-taxable","16":"purchasable","17":"product-type-simple"},"_links":{"self":[{"href":"https:\/\/roveyayinevi.com.tr\/index.php\/wp-json\/wp\/v2\/product\/725619","targetHints":{"allow":["GET"]}}],"collection":[{"href":"https:\/\/roveyayinevi.com.tr\/index.php\/wp-json\/wp\/v2\/product"}],"about":[{"href":"https:\/\/roveyayinevi.com.tr\/index.php\/wp-json\/wp\/v2\/types\/product"}],"wp:attachment":[{"href":"https:\/\/roveyayinevi.com.tr\/index.php\/wp-json\/wp\/v2\/media?parent=725619"}],"wp:term":[{"taxonomy":"product_brand","embeddable":true,"href":"https:\/\/roveyayinevi.com.tr\/index.php\/wp-json\/wp\/v2\/product_brand?post=725619"},{"taxonomy":"product_cat","embeddable":true,"href":"https:\/\/roveyayinevi.com.tr\/index.php\/wp-json\/wp\/v2\/product_cat?post=725619"},{"taxonomy":"product_tag","embeddable":true,"href":"https:\/\/roveyayinevi.com.tr\/index.php\/wp-json\/wp\/v2\/product_tag?post=725619"}],"curies":[{"name":"wp","href":"https:\/\/api.w.org\/{rel}","templated":true}]}}