{"id":725618,"date":"2025-08-27T19:53:07","date_gmt":"2025-08-27T16:53:07","guid":{"rendered":"https:\/\/roveyayinevi.com.tr\/index.php\/urun\/curuk-visne-iv-viata\/"},"modified":"2026-04-16T02:33:33","modified_gmt":"2026-04-15T23:33:33","slug":"curuk-visne-iv-viata","status":"publish","type":"product","link":"https:\/\/roveyayinevi.com.tr\/index.php\/urun\/curuk-visne-iv-viata\/","title":{"rendered":"\u00c7\u00fcr\u00fck Vi\u015fne IV \u2013 Viata"},"content":{"rendered":"<p>Gidi\u015fler geri d\u00f6n\u00fc\u015fler i\u00e7indi ama geri d\u00f6n\u00fcld\u00fc\u011f\u00fcnde her \u015fey ayn\u0131 kal\u0131r m\u0131yd\u0131?G\u00fcnler ge\u00e7se, haftalar, aylar&#8230; K\u0131\u015f bitse, mevsimlerden bahar olsa, bir mucize ger\u00e7ekle\u015fse&#8230; Asr\u0131n, Esila\u2019ya d\u00f6nse&#8230; Esila i\u00e7in b\u00fcy\u00fck hasret yaln\u0131z kald\u0131\u011f\u0131 o gece ba\u015flad\u0131 ve saatler, g\u00fcnler, haftalarca devam etti. Zaman\u0131n\u0131, saks\u0131n\u0131n i\u00e7indeki solmu\u015f bir bitki kadar mutsuz ge\u00e7irdi ve arkada\u015flar\u0131n\u0131n dahi kendisi i\u00e7in yapabilece\u011fi bir \u015fey kalmad\u0131. Ya\u011fmurlar ya\u011fd\u0131, mevsimler de\u011fi\u015fti, \u00e7i\u00e7ekler a\u00e7t\u0131 ama Asr\u0131n olmay\u0131nca Esila i\u00e7in her mevsim k\u0131\u015f kald\u0131.Ve g\u00fcn\u00fc geldi\u011finde o mucize ger\u00e7ekle\u015fti, bahar oldu.Fakat bahar\u0131n geli\u015fi f\u0131rt\u0131nalar\u0131n kopmas\u0131na engel olamad\u0131.Baz\u0131 a\u015fklar bu f\u0131rt\u0131nalar\u0131n \u00fczerinden gelir, f\u0131rt\u0131nayla ba\u015fa \u00e7\u0131kabilir, son bulmadan yoluna devam eder. Onlar\u0131n a\u015fk\u0131 da b\u00f6yleydi. Mehtap tepede y\u00fckselirken iki kalp bir olup titrer ve f\u0131rt\u0131na ne kadar b\u00fcy\u00fck olursa olsun Asr\u0131n ile Esila\u2019 n\u0131n y\u00fcre\u011finden hep ayn\u0131 \u015fey ge\u00e7er: Seni seviyorum.<\/p>\n","protected":false},"excerpt":{"rendered":"<p>Gidi\u015fler geri d\u00f6n\u00fc\u015fler i\u00e7indi ama geri d\u00f6n\u00fcld\u00fc\u011f\u00fcnde her \u015fey ayn\u0131 kal\u0131r m\u0131yd\u0131?G\u00fcnler ge\u00e7se, haftalar, aylar&#8230; K\u0131\u015f bitse, mevsimlerden bahar olsa, bir mucize ger\u00e7ekle\u015fse&#8230; Asr\u0131n, Esila\u2019ya d\u00f6nse&#8230;<span class=\"excerpt-hellip\"> [\u2026]<\/span><\/p>\n","protected":false},"featured_media":0,"template":"","meta":{"_monsterinsights_skip_tracking":false,"_monsterinsights_sitenote_active":false,"_monsterinsights_sitenote_note":"","_monsterinsights_sitenote_category":0},"product_brand":[],"product_cat":[12291,50487],"product_tag":[],"class_list":{"0":"post-725618","1":"product","2":"type-product","3":"status-publish","5":"product_cat-edebiyat","6":"product_cat-kurgu","7":"pa_cilt-ciltsiz","8":"pa_tur-kitap","9":"pa_yayinevi-epsilon-yayinlari","10":"pa_yazar-emine-tavuz","12":"first","13":"instock","14":"sale","15":"shipping-taxable","16":"purchasable","17":"product-type-simple"},"_links":{"self":[{"href":"https:\/\/roveyayinevi.com.tr\/index.php\/wp-json\/wp\/v2\/product\/725618","targetHints":{"allow":["GET"]}}],"collection":[{"href":"https:\/\/roveyayinevi.com.tr\/index.php\/wp-json\/wp\/v2\/product"}],"about":[{"href":"https:\/\/roveyayinevi.com.tr\/index.php\/wp-json\/wp\/v2\/types\/product"}],"wp:attachment":[{"href":"https:\/\/roveyayinevi.com.tr\/index.php\/wp-json\/wp\/v2\/media?parent=725618"}],"wp:term":[{"taxonomy":"product_brand","embeddable":true,"href":"https:\/\/roveyayinevi.com.tr\/index.php\/wp-json\/wp\/v2\/product_brand?post=725618"},{"taxonomy":"product_cat","embeddable":true,"href":"https:\/\/roveyayinevi.com.tr\/index.php\/wp-json\/wp\/v2\/product_cat?post=725618"},{"taxonomy":"product_tag","embeddable":true,"href":"https:\/\/roveyayinevi.com.tr\/index.php\/wp-json\/wp\/v2\/product_tag?post=725618"}],"curies":[{"name":"wp","href":"https:\/\/api.w.org\/{rel}","templated":true}]}}