{"id":725617,"date":"2025-08-27T19:53:06","date_gmt":"2025-08-27T16:53:06","guid":{"rendered":"https:\/\/roveyayinevi.com.tr\/index.php\/urun\/mirildanan-cocuk\/"},"modified":"2026-04-03T02:40:59","modified_gmt":"2026-04-02T23:40:59","slug":"mirildanan-cocuk","status":"publish","type":"product","link":"https:\/\/roveyayinevi.com.tr\/index.php\/urun\/mirildanan-cocuk\/","title":{"rendered":"M\u0131r\u0131ldanan \u00c7ocuk"},"content":{"rendered":"<p>Bir ev kedisi ile \u00f6zel bir \u00e7ocu\u011fun s\u0131ra d\u0131\u015f\u0131 arkada\u015fl\u0131\u011f\u0131\u2026Ev kedisi Pepe, insanlar\u0131 Anne, Baba ve Tato ile birlikte s\u0131radan bir kedi hayat\u0131 ya\u015famaktad\u0131r. Olduk\u00e7a merakl\u0131 ve hareketli bir kedidir. G\u00fcnleri kom\u015funun k\u00f6pe\u011fiyle at\u0131\u015farak, g\u00fcvercinlere s\u00f6ylenerek ve uyuyarak ge\u00e7er. Pepe\u2019nin hayat\u0131, ya\u015fad\u0131\u011f\u0131 binan\u0131n d\u00f6rd\u00fcnc\u00fc kat\u0131na daha \u00f6nce hi\u00e7 g\u00f6rmedi\u011fi bir \u00e7ocu\u011fun ta\u015f\u0131nmas\u0131yla de\u011fi\u015fir. Bu \u00e7ocuk onun tan\u0131d\u0131\u011f\u0131 di\u011fer \u00e7ocuklardan farkl\u0131d\u0131r. Hi\u00e7bir zaman evden d\u0131\u015far\u0131 \u00e7\u0131kmaz. Penceresinde kilit oldu\u011fu i\u00e7in camdan d\u0131\u015far\u0131 bile bakamaz ve zaman\u0131n\u0131n \u00e7o\u011funu resim \u00e7izerek ge\u00e7irir. Pepe, onun eve hapsedildi\u011fini d\u00fc\u015f\u00fcn\u00fcr ve \u00e7ok tuhaf buldu\u011fu k\u00fc\u00e7\u00fck \u00e7ocu\u011fu yak\u0131ndan tan\u0131may\u0131 ister. Fakat o bir kedidir ve insanlarla nas\u0131l ileti\u015fim kuraca\u011f\u0131n\u0131 bilmez. Yine de yeni arkada\u015f\u0131n\u0131 g\u00fcld\u00fcrmenin ve her \u015feyden \u00f6nce onun kalbini \u0131s\u0131tman\u0131n bir yolunu bulmal\u0131d\u0131r.<\/p>\n","protected":false},"excerpt":{"rendered":"<p>Bir ev kedisi ile \u00f6zel bir \u00e7ocu\u011fun s\u0131ra d\u0131\u015f\u0131 arkada\u015fl\u0131\u011f\u0131\u2026Ev kedisi Pepe, insanlar\u0131 Anne, Baba ve Tato ile birlikte s\u0131radan bir kedi hayat\u0131 ya\u015famaktad\u0131r. Olduk\u00e7a merakl\u0131<span class=\"excerpt-hellip\"> [\u2026]<\/span><\/p>\n","protected":false},"featured_media":0,"template":"","meta":{"_monsterinsights_skip_tracking":false,"_monsterinsights_sitenote_active":false,"_monsterinsights_sitenote_note":"","_monsterinsights_sitenote_category":0},"product_brand":[],"product_cat":[12291,12711],"product_tag":[],"class_list":{"0":"post-725617","1":"product","2":"type-product","3":"status-publish","5":"product_cat-edebiyat","6":"product_cat-roman-oyku","7":"pa_cilt-ciltsiz","8":"pa_tur-kitap","9":"pa_yayinevi-timas-yayinlari","10":"pa_yazar-gabriele-clima","12":"first","13":"instock","14":"sale","15":"shipping-taxable","16":"purchasable","17":"product-type-simple"},"_links":{"self":[{"href":"https:\/\/roveyayinevi.com.tr\/index.php\/wp-json\/wp\/v2\/product\/725617","targetHints":{"allow":["GET"]}}],"collection":[{"href":"https:\/\/roveyayinevi.com.tr\/index.php\/wp-json\/wp\/v2\/product"}],"about":[{"href":"https:\/\/roveyayinevi.com.tr\/index.php\/wp-json\/wp\/v2\/types\/product"}],"wp:attachment":[{"href":"https:\/\/roveyayinevi.com.tr\/index.php\/wp-json\/wp\/v2\/media?parent=725617"}],"wp:term":[{"taxonomy":"product_brand","embeddable":true,"href":"https:\/\/roveyayinevi.com.tr\/index.php\/wp-json\/wp\/v2\/product_brand?post=725617"},{"taxonomy":"product_cat","embeddable":true,"href":"https:\/\/roveyayinevi.com.tr\/index.php\/wp-json\/wp\/v2\/product_cat?post=725617"},{"taxonomy":"product_tag","embeddable":true,"href":"https:\/\/roveyayinevi.com.tr\/index.php\/wp-json\/wp\/v2\/product_tag?post=725617"}],"curies":[{"name":"wp","href":"https:\/\/api.w.org\/{rel}","templated":true}]}}