{"id":725616,"date":"2025-08-27T19:53:05","date_gmt":"2025-08-27T16:53:05","guid":{"rendered":"https:\/\/roveyayinevi.com.tr\/index.php\/urun\/dere-yuruyusu-hebo-3\/"},"modified":"2026-04-16T02:33:33","modified_gmt":"2026-04-15T23:33:33","slug":"dere-yuruyusu-hebo-3","status":"publish","type":"product","link":"https:\/\/roveyayinevi.com.tr\/index.php\/urun\/dere-yuruyusu-hebo-3\/","title":{"rendered":"Dere Y\u00fcr\u00fcy\u00fc\u015f\u00fc &#8211; Hebo 3"},"content":{"rendered":"<p>\u201cYaramazl\u0131k, ele avuca s\u0131\u011fmamak \u00e7ok k\u00f6t\u00fc \u015feyler de\u011fil Hebo. Dereyi bilirsin, bazen\u00f6n\u00fcne gelen her \u015feyi y\u0131kar, a\u011fa\u00e7lar\u0131 s\u00f6ker, kenar\u0131nda ki evleri bile al\u0131r g\u00f6t\u00fcr\u00fcr. Bu onunk\u00f6t\u00fcl\u00fc\u011f\u00fc de\u011fildir. Y\u00fcre\u011fidir. Kendisidir. E\u011fer ya\u011fmur g\u00fcnlerce ya\u011fm\u0131\u015fsa, kar sular\u0131g\u00fcne\u015fle bir anda erimi\u015fse, derenin yapaca\u011f\u0131 bir \u015fey kalmaz. Yata\u011f\u0131n\u0131 geni\u015fletmek i\u00e7inetraf\u0131 k\u0131rar d\u00f6ker. O, hedefine ula\u015fman\u0131n, bir an \u00f6nce denize kavu\u015fman\u0131n pe\u015findedir.\u201dHebo serisinin \u00fc\u00e7\u00fcnc\u00fc kitab\u0131 olan Dere Y\u00fcr\u00fcy\u00fc\u015f\u00fc\u2019nde, g\u00f6ky\u00fcz\u00fcnden, dereden, y\u0131ld\u0131zlardan, hakikatten ve \u00e7ocuklardan ba\u015fka \u015feylere yer a\u00e7mam\u0131\u015f kafa dengi bir bilgeyle, k\u00fc\u00e7\u00fck bir \u00e7ocu\u011fun tabiat\u0131n ortas\u0131nda bazen ne\u015feli bazen h\u00fcz\u00fcnl\u00fc arkada\u015fl\u0131klar\u0131n\u0131n izini s\u00fcr\u00fcp aralar\u0131nda ge\u00e7enlere tan\u0131kl\u0131k etmeye devam ediyoruz&#8230;<\/p>\n","protected":false},"excerpt":{"rendered":"<p>\u201cYaramazl\u0131k, ele avuca s\u0131\u011fmamak \u00e7ok k\u00f6t\u00fc \u015feyler de\u011fil Hebo. Dereyi bilirsin, bazen\u00f6n\u00fcne gelen her \u015feyi y\u0131kar, a\u011fa\u00e7lar\u0131 s\u00f6ker, kenar\u0131nda ki evleri bile al\u0131r g\u00f6t\u00fcr\u00fcr. Bu onunk\u00f6t\u00fcl\u00fc\u011f\u00fc<span class=\"excerpt-hellip\"> [\u2026]<\/span><\/p>\n","protected":false},"featured_media":0,"template":"","meta":{"_monsterinsights_skip_tracking":false,"_monsterinsights_sitenote_active":false,"_monsterinsights_sitenote_note":"","_monsterinsights_sitenote_category":0},"product_brand":[],"product_cat":[12274,12631],"product_tag":[],"class_list":{"0":"post-725616","1":"product","2":"type-product","3":"status-publish","5":"product_cat-cocuk-ve-genclik-kitaplari","6":"product_cat-diger-cocuk-ve-genclik-kitaplari","7":"pa_cilt-ciltsiz","8":"pa_tur-kitap","9":"pa_yayinevi-timas-yayinlari","10":"pa_yazar-kasim-tiryaki","12":"first","13":"instock","14":"sale","15":"shipping-taxable","16":"purchasable","17":"product-type-simple"},"_links":{"self":[{"href":"https:\/\/roveyayinevi.com.tr\/index.php\/wp-json\/wp\/v2\/product\/725616","targetHints":{"allow":["GET"]}}],"collection":[{"href":"https:\/\/roveyayinevi.com.tr\/index.php\/wp-json\/wp\/v2\/product"}],"about":[{"href":"https:\/\/roveyayinevi.com.tr\/index.php\/wp-json\/wp\/v2\/types\/product"}],"wp:attachment":[{"href":"https:\/\/roveyayinevi.com.tr\/index.php\/wp-json\/wp\/v2\/media?parent=725616"}],"wp:term":[{"taxonomy":"product_brand","embeddable":true,"href":"https:\/\/roveyayinevi.com.tr\/index.php\/wp-json\/wp\/v2\/product_brand?post=725616"},{"taxonomy":"product_cat","embeddable":true,"href":"https:\/\/roveyayinevi.com.tr\/index.php\/wp-json\/wp\/v2\/product_cat?post=725616"},{"taxonomy":"product_tag","embeddable":true,"href":"https:\/\/roveyayinevi.com.tr\/index.php\/wp-json\/wp\/v2\/product_tag?post=725616"}],"curies":[{"name":"wp","href":"https:\/\/api.w.org\/{rel}","templated":true}]}}