{"id":725615,"date":"2025-08-27T19:53:04","date_gmt":"2025-08-27T16:53:04","guid":{"rendered":"https:\/\/roveyayinevi.com.tr\/index.php\/urun\/haci-bektasi-veli-ve-kamil-insan-fazil-toplum-paradigmasi\/"},"modified":"2026-04-16T02:33:33","modified_gmt":"2026-04-15T23:33:33","slug":"haci-bektasi-veli-ve-kamil-insan-fazil-toplum-paradigmasi","status":"publish","type":"product","link":"https:\/\/roveyayinevi.com.tr\/index.php\/urun\/haci-bektasi-veli-ve-kamil-insan-fazil-toplum-paradigmasi\/","title":{"rendered":"Hac\u0131 Bekta\u015f\u0131 Veli ve Kamil \u0130nsan Faz\u0131l Toplum Paradigmas\u0131"},"content":{"rendered":"<p>Dostumuzla beraber, yaralan\u0131r kanar\u0131z,Her nefeste a\u015fk ile Yaradan&#8217;\u0131 anar\u0131z.Erenler meydan\u0131na, vahdet ile gir de g\u00f6r,K\u0131rk budakl\u0131 \u015famdanda k\u0131rk\u0131m\u0131z bir yanar\u0131z. Hac\u0131 Bekt\u00e2\u015f-\u0131 Vel\u00ee Hac\u0131 Bekt\u00e2\u015f-\u0131 Vel\u00ee ve K\u00e2mil \u0130nsan-F\u00e2z\u0131l Toplum Paradigmas\u0131, Anadolu \u0130slam anlay\u0131\u015f\u0131n\u0131n temelini olu\u015fturan m\u00fcbarek isimlerin en \u00f6nemlilerinden biri olan Hac\u0131 Bekt\u00e2\u015f-\u0131 Vel\u00ee&#8217;nin hayat\u0131n\u0131 ve d\u00fcnya g\u00f6r\u00fc\u015f\u00fcn\u00fc inceleyen bir eser olmakla kalm\u0131yor, ayn\u0131 zamanda bir \u0130slam tarihi, Orta \u00c7a\u011f Anadolu uygarl\u0131klar\u0131 tarihi, tasavvuf ve dinler tarihi incelemesi olarak Hac\u0131 Bekt\u00e2\u015f-\u0131 Vel\u00ee ismi \u00e7er\u00e7evesinde geli\u015fen kem\u00e2lat ve fazilet kavramlar\u0131n\u0131 enine boyuna ele al\u0131yor.  \u0130slam ve Anadolu tasavvuf tarihinde Hac\u0131 Bekt\u00e2\u015f-\u0131 Vel\u00ee&#8217;nin konumu ve \u00f6nemi nedir? Anadolu&#8217;nun T\u00fcrk-\u0130slam k\u00fclt\u00fcr\u00fcn\u00fcn olu\u015fumundaki etkisi nas\u0131ld\u0131r?  Hac\u0131 Bekt\u00e2\u015f Hazretlerinin \u00f6nce insan\u0131 e\u011fitmekle ba\u015flay\u0131p sonra insanc\u0131l, b\u00fct\u00fcnc\u00fcl ve a\u015fk\u0131n bir toplum olu\u015fumuna giden as\u0131l \u00f6\u011fretisinin d\u00fcsturlar\u0131 nelerdir? Bekt\u00e2\u015f, Hac\u0131, Vel\u00ee, H\u00fcnk\u00e2r ve Seyyid unvanlar\u0131yla gelen karizmatik liderlik vasf\u0131n\u0131n tezah\u00fcrleri nelerdir?  Hac\u0131 Bekt\u00e2\u015f \u00f6\u011fretisinin Yesev\u00eelik de d\u00e2hil olmak \u00fczere \u00f6nc\u00fcl kaynaklar\u0131 nelerdir? Bekt\u00e2\u015f\u00eelik yolunun kurulu\u015fu, de\u011fi\u015fimi ve d\u00f6n\u00fc\u015f\u00fcm\u00fc tarihsel olarak nas\u0131l vuku bulmu\u015ftur? Kadim k\u00fclt\u00fcr\u00fcm\u00fcz\u00fcn birincil kaynaklar\u0131 \u0131\u015f\u0131\u011f\u0131nda, ilm\u00ee esaslar g\u00f6zetilerek titiz bir \u00e7al\u0131\u015fma s\u00fcreci neticesinde tamamlanan bu eser, Anadolu tasavvufu ve \u00f6zelde Hac\u0131 Bekt\u00e2\u015f-\u0131 Vel\u00ee \u00e7al\u0131\u015fmalar\u0131na derli toplu bir kaynak ve yeni bir bak\u0131\u015f a\u00e7\u0131s\u0131 kazand\u0131r\u0131yor.<\/p>\n","protected":false},"excerpt":{"rendered":"<p>Dostumuzla beraber, yaralan\u0131r kanar\u0131z,Her nefeste a\u015fk ile Yaradan&#8217;\u0131 anar\u0131z.Erenler meydan\u0131na, vahdet ile gir de g\u00f6r,K\u0131rk budakl\u0131 \u015famdanda k\u0131rk\u0131m\u0131z bir yanar\u0131z. Hac\u0131 Bekt\u00e2\u015f-\u0131 Vel\u00ee Hac\u0131 Bekt\u00e2\u015f-\u0131 Vel\u00ee<span class=\"excerpt-hellip\"> [\u2026]<\/span><\/p>\n","protected":false},"featured_media":0,"template":"","meta":{"_monsterinsights_skip_tracking":false,"_monsterinsights_sitenote_active":false,"_monsterinsights_sitenote_note":"","_monsterinsights_sitenote_category":0},"product_brand":[],"product_cat":[12718,12719,15238],"product_tag":[],"class_list":{"0":"post-725615","1":"product","2":"type-product","3":"status-publish","5":"product_cat-din","6":"product_cat-islam","7":"product_cat-tasavvuf","8":"pa_cilt-ciltsiz","9":"pa_tur-kitap","10":"pa_yayinevi-timas-yayinlari","11":"pa_yazar-cengiz-gundogdu","13":"first","14":"instock","15":"sale","16":"shipping-taxable","17":"purchasable","18":"product-type-simple"},"_links":{"self":[{"href":"https:\/\/roveyayinevi.com.tr\/index.php\/wp-json\/wp\/v2\/product\/725615","targetHints":{"allow":["GET"]}}],"collection":[{"href":"https:\/\/roveyayinevi.com.tr\/index.php\/wp-json\/wp\/v2\/product"}],"about":[{"href":"https:\/\/roveyayinevi.com.tr\/index.php\/wp-json\/wp\/v2\/types\/product"}],"wp:attachment":[{"href":"https:\/\/roveyayinevi.com.tr\/index.php\/wp-json\/wp\/v2\/media?parent=725615"}],"wp:term":[{"taxonomy":"product_brand","embeddable":true,"href":"https:\/\/roveyayinevi.com.tr\/index.php\/wp-json\/wp\/v2\/product_brand?post=725615"},{"taxonomy":"product_cat","embeddable":true,"href":"https:\/\/roveyayinevi.com.tr\/index.php\/wp-json\/wp\/v2\/product_cat?post=725615"},{"taxonomy":"product_tag","embeddable":true,"href":"https:\/\/roveyayinevi.com.tr\/index.php\/wp-json\/wp\/v2\/product_tag?post=725615"}],"curies":[{"name":"wp","href":"https:\/\/api.w.org\/{rel}","templated":true}]}}