{"id":725611,"date":"2025-08-27T19:53:01","date_gmt":"2025-08-27T16:53:01","guid":{"rendered":"https:\/\/roveyayinevi.com.tr\/index.php\/urun\/olandan-olasiya\/"},"modified":"2026-04-15T02:44:17","modified_gmt":"2026-04-14T23:44:17","slug":"olandan-olasiya","status":"publish","type":"product","link":"https:\/\/roveyayinevi.com.tr\/index.php\/urun\/olandan-olasiya\/","title":{"rendered":"Olandan Olas\u0131ya"},"content":{"rendered":"<p>Bug\u00fcn d\u00fcnyan\u0131n oda\u011f\u0131nda gelece\u011fe dair endi\u015fe var. Yaln\u0131zl\u0131k, anksiyete ve depresyon ciddi bir ruh sa\u011fl\u0131\u011f\u0131 krizinin habercisi. Felaketler, iklim de\u011fi\u015fikli\u011fi, biyo-\u00e7e\u015fitlilik kayb\u0131, g\u0131da sorunu her ge\u00e7en g\u00fcn daha kronik bir hal al\u0131yor. Ekosistemlerin ve toplumlar\u0131n yaralar\u0131n\u0131n sar\u0131lmas\u0131, ileti\u015fim kurulmas\u0131 ve \u00e7\u00f6z\u00fcm \u00fcretilmesi gerekiyor. De\u011fi\u015fim g\u00fcc\u00fcne sahibiz, ancak ba\u015far\u0131s\u0131z oluyoruz \u00e7\u00fcnk\u00fc en kritik arac\u0131m\u0131z\u0131n kaybolmas\u0131na izin verdik: Hayal g\u00fcc\u00fc.Rob Hopkins\u2019e g\u00f6re, \u015feylerin hayal g\u00fcc\u00fcyle d\u00f6n\u00fc\u015febilece\u011fine ve k\u00fclt\u00fcrlerin h\u0131zl\u0131, dramatik ve beklenmedik bir \u015fekilde daha iyiye de\u011fi\u015febilece\u011fine dair \u00e7ok say\u0131da kan\u0131t var. Daha iyi bir ya\u015fam\u0131 ve olumlu bir gelece\u011fi hayal etmek, sonras\u0131nda bunu ger\u00e7e\u011fe d\u00f6n\u00fc\u015ft\u00fcrmenin anahtar\u0131. Bu tutkulu ke\u015fifte Hopkins, hayal g\u00fcc\u00fcn\u00fcn neden azald\u0131\u011f\u0131na, onu canland\u0131rmak i\u00e7in ne yapmam\u0131z gerekti\u011fine dair sorular\u0131n cevaplar\u0131n\u0131 ar\u0131yor. \u00c7\u00fcnk\u00fc bunu yapt\u0131ktan sonra, insanl\u0131k ve d\u00fcnya ad\u0131na ba\u015farabilece\u011fimiz \u015feyin sonu yok.<\/p>\n","protected":false},"excerpt":{"rendered":"<p>Bug\u00fcn d\u00fcnyan\u0131n oda\u011f\u0131nda gelece\u011fe dair endi\u015fe var. Yaln\u0131zl\u0131k, anksiyete ve depresyon ciddi bir ruh sa\u011fl\u0131\u011f\u0131 krizinin habercisi. Felaketler, iklim de\u011fi\u015fikli\u011fi, biyo-\u00e7e\u015fitlilik kayb\u0131, g\u0131da sorunu her ge\u00e7en<span class=\"excerpt-hellip\"> [\u2026]<\/span><\/p>\n","protected":false},"featured_media":0,"template":"","meta":{"_monsterinsights_skip_tracking":false,"_monsterinsights_sitenote_active":false,"_monsterinsights_sitenote_note":"","_monsterinsights_sitenote_category":0},"product_brand":[],"product_cat":[12364,12376],"product_tag":[],"class_list":{"0":"post-725611","1":"product","2":"type-product","3":"status-publish","5":"product_cat-genel-konular","6":"product_cat-kisisel-gelisim","7":"pa_cilt-ciltsiz","8":"pa_tur-kitap","9":"pa_yayinevi-timas-yayinlari","10":"pa_yazar-rob-hopkins","12":"first","13":"instock","14":"sale","15":"shipping-taxable","16":"purchasable","17":"product-type-simple"},"_links":{"self":[{"href":"https:\/\/roveyayinevi.com.tr\/index.php\/wp-json\/wp\/v2\/product\/725611","targetHints":{"allow":["GET"]}}],"collection":[{"href":"https:\/\/roveyayinevi.com.tr\/index.php\/wp-json\/wp\/v2\/product"}],"about":[{"href":"https:\/\/roveyayinevi.com.tr\/index.php\/wp-json\/wp\/v2\/types\/product"}],"wp:attachment":[{"href":"https:\/\/roveyayinevi.com.tr\/index.php\/wp-json\/wp\/v2\/media?parent=725611"}],"wp:term":[{"taxonomy":"product_brand","embeddable":true,"href":"https:\/\/roveyayinevi.com.tr\/index.php\/wp-json\/wp\/v2\/product_brand?post=725611"},{"taxonomy":"product_cat","embeddable":true,"href":"https:\/\/roveyayinevi.com.tr\/index.php\/wp-json\/wp\/v2\/product_cat?post=725611"},{"taxonomy":"product_tag","embeddable":true,"href":"https:\/\/roveyayinevi.com.tr\/index.php\/wp-json\/wp\/v2\/product_tag?post=725611"}],"curies":[{"name":"wp","href":"https:\/\/api.w.org\/{rel}","templated":true}]}}