{"id":725610,"date":"2025-08-27T19:53:00","date_gmt":"2025-08-27T16:53:00","guid":{"rendered":"https:\/\/roveyayinevi.com.tr\/index.php\/urun\/hammer-seyahatnamesi\/"},"modified":"2026-04-16T02:33:33","modified_gmt":"2026-04-15T23:33:33","slug":"hammer-seyahatnamesi","status":"publish","type":"product","link":"https:\/\/roveyayinevi.com.tr\/index.php\/urun\/hammer-seyahatnamesi\/","title":{"rendered":"Hammer Seyahatnamesi"},"content":{"rendered":"<p>Hammer, yeniden Osmanl\u0131 \u00fclkesinde!Avusturyal\u0131 \u015farkiyat\u00e7\u0131 Joseph von Hammer (1774-1856), Osmanl\u0131 \u0130mparatorlu\u011fu\u2019na ayna tutan tarih\u00e7ilerden. Ad\u0131yla an\u0131lan kroni\u011finin y\u00fcz\u00fc eskise de mazi koridorlar\u0131n\u0131n kenar\u0131nda kalm\u0131\u015f anlat\u0131lar\u0131, h\u00e2l\u00e2 kendisini dinletiyor. \u00dcnl\u00fc m\u00fcverrihin Hammer Tarihi kadar gezi notlar\u0131 da zaman zaman kitapla\u015ft\u0131r\u0131lm\u0131\u015ft\u0131. \u015eimdi \u0130stanbul\u2019dan Bursa ve Uluda\u011f\u2019a Gidi\u015f ve \u0130znik- \u0130zmit \u00dczerinden D\u00f6n\u00fc\u015f adl\u0131 seyahatn\u00e2mesi ilk kez tam metin \u00e7evirisiyle T\u00fcrk\u00e7ede!<\/p>\n","protected":false},"excerpt":{"rendered":"<p>Hammer, yeniden Osmanl\u0131 \u00fclkesinde!Avusturyal\u0131 \u015farkiyat\u00e7\u0131 Joseph von Hammer (1774-1856), Osmanl\u0131 \u0130mparatorlu\u011fu\u2019na ayna tutan tarih\u00e7ilerden. Ad\u0131yla an\u0131lan kroni\u011finin y\u00fcz\u00fc eskise de mazi koridorlar\u0131n\u0131n kenar\u0131nda kalm\u0131\u015f anlat\u0131lar\u0131, h\u00e2l\u00e2<span class=\"excerpt-hellip\"> [\u2026]<\/span><\/p>\n","protected":false},"featured_media":0,"template":"","meta":{"_monsterinsights_skip_tracking":false,"_monsterinsights_sitenote_active":false,"_monsterinsights_sitenote_note":"","_monsterinsights_sitenote_category":0},"product_brand":[],"product_cat":[12312,12304],"product_tag":[],"class_list":{"0":"post-725610","1":"product","2":"type-product","3":"status-publish","5":"product_cat-diger","6":"product_cat-tarih","7":"pa_cilt-ciltsiz","8":"pa_tur-kitap","9":"pa_yayinevi-timas-yayinlari","10":"pa_yazar-joseph-von-hammer","12":"first","13":"instock","14":"sale","15":"shipping-taxable","16":"purchasable","17":"product-type-simple"},"_links":{"self":[{"href":"https:\/\/roveyayinevi.com.tr\/index.php\/wp-json\/wp\/v2\/product\/725610","targetHints":{"allow":["GET"]}}],"collection":[{"href":"https:\/\/roveyayinevi.com.tr\/index.php\/wp-json\/wp\/v2\/product"}],"about":[{"href":"https:\/\/roveyayinevi.com.tr\/index.php\/wp-json\/wp\/v2\/types\/product"}],"wp:attachment":[{"href":"https:\/\/roveyayinevi.com.tr\/index.php\/wp-json\/wp\/v2\/media?parent=725610"}],"wp:term":[{"taxonomy":"product_brand","embeddable":true,"href":"https:\/\/roveyayinevi.com.tr\/index.php\/wp-json\/wp\/v2\/product_brand?post=725610"},{"taxonomy":"product_cat","embeddable":true,"href":"https:\/\/roveyayinevi.com.tr\/index.php\/wp-json\/wp\/v2\/product_cat?post=725610"},{"taxonomy":"product_tag","embeddable":true,"href":"https:\/\/roveyayinevi.com.tr\/index.php\/wp-json\/wp\/v2\/product_tag?post=725610"}],"curies":[{"name":"wp","href":"https:\/\/api.w.org\/{rel}","templated":true}]}}