{"id":725608,"date":"2025-08-27T19:52:58","date_gmt":"2025-08-27T16:52:58","guid":{"rendered":"https:\/\/roveyayinevi.com.tr\/index.php\/urun\/soyle-bana-hindiba\/"},"modified":"2026-04-16T02:33:33","modified_gmt":"2026-04-15T23:33:33","slug":"soyle-bana-hindiba","status":"publish","type":"product","link":"https:\/\/roveyayinevi.com.tr\/index.php\/urun\/soyle-bana-hindiba\/","title":{"rendered":"S\u00f6yle Bana Hindiba"},"content":{"rendered":"<p>Nurullah Gen\u00e7&#8217;in hayata arma\u011fan etti\u011fi kelimeler, \u015fiirin en g\u00fczel duraklar\u0131na g\u00f6t\u00fcr\u00fcyor okuru yeniden.Kartallar u\u00e7ar m\u0131 bir har\u00e2bedenK\u00f6pr\u00fclerden benim y\u00e2rim ge\u00e7er miSen neden bu kadar g\u00fczelsin, bilmemTa\u015f\u0131rs\u0131n yery\u00fcz\u00fcne ebed\u00ee tohumlar\u0131Ben ise kuruyacak bir suyun mahk\u00fbmuyumAvu\u00e7lay\u0131p \u00f6p\u00fcyorum kumlar\u0131Bir karadelikten bakarken hayatMeydan okuyanlar kim bu seraba S\u00f6yle bana hindiba<\/p>\n","protected":false},"excerpt":{"rendered":"<p>Nurullah Gen\u00e7&#8217;in hayata arma\u011fan etti\u011fi kelimeler, \u015fiirin en g\u00fczel duraklar\u0131na g\u00f6t\u00fcr\u00fcyor okuru yeniden.Kartallar u\u00e7ar m\u0131 bir har\u00e2bedenK\u00f6pr\u00fclerden benim y\u00e2rim ge\u00e7er miSen neden bu kadar g\u00fczelsin, bilmemTa\u015f\u0131rs\u0131n<span class=\"excerpt-hellip\"> [\u2026]<\/span><\/p>\n","protected":false},"featured_media":0,"template":"","meta":{"_monsterinsights_skip_tracking":false,"_monsterinsights_sitenote_active":false,"_monsterinsights_sitenote_note":"","_monsterinsights_sitenote_category":0},"product_brand":[],"product_cat":[12291,12509],"product_tag":[],"class_list":{"0":"post-725608","1":"product","2":"type-product","3":"status-publish","5":"product_cat-edebiyat","6":"product_cat-siir","7":"pa_cilt-ciltsiz","8":"pa_tur-kitap","9":"pa_yayinevi-timas-yayinlari","10":"pa_yazar-nurullah-genc","12":"first","13":"instock","14":"sale","15":"shipping-taxable","16":"purchasable","17":"product-type-simple"},"_links":{"self":[{"href":"https:\/\/roveyayinevi.com.tr\/index.php\/wp-json\/wp\/v2\/product\/725608","targetHints":{"allow":["GET"]}}],"collection":[{"href":"https:\/\/roveyayinevi.com.tr\/index.php\/wp-json\/wp\/v2\/product"}],"about":[{"href":"https:\/\/roveyayinevi.com.tr\/index.php\/wp-json\/wp\/v2\/types\/product"}],"wp:attachment":[{"href":"https:\/\/roveyayinevi.com.tr\/index.php\/wp-json\/wp\/v2\/media?parent=725608"}],"wp:term":[{"taxonomy":"product_brand","embeddable":true,"href":"https:\/\/roveyayinevi.com.tr\/index.php\/wp-json\/wp\/v2\/product_brand?post=725608"},{"taxonomy":"product_cat","embeddable":true,"href":"https:\/\/roveyayinevi.com.tr\/index.php\/wp-json\/wp\/v2\/product_cat?post=725608"},{"taxonomy":"product_tag","embeddable":true,"href":"https:\/\/roveyayinevi.com.tr\/index.php\/wp-json\/wp\/v2\/product_tag?post=725608"}],"curies":[{"name":"wp","href":"https:\/\/api.w.org\/{rel}","templated":true}]}}