{"id":725607,"date":"2025-08-27T19:52:58","date_gmt":"2025-08-27T16:52:58","guid":{"rendered":"https:\/\/roveyayinevi.com.tr\/index.php\/urun\/kisa-italya-tarihi\/"},"modified":"2026-04-16T02:33:33","modified_gmt":"2026-04-15T23:33:33","slug":"kisa-italya-tarihi","status":"publish","type":"product","link":"https:\/\/roveyayinevi.com.tr\/index.php\/urun\/kisa-italya-tarihi\/","title":{"rendered":"K\u0131sa \u0130talya Tarihi"},"content":{"rendered":"<p>\u0130talya tarihine bakt\u0131\u011f\u0131m\u0131zda Eski Roma, H\u0131ristiyanl\u0131k, R\u00f6nesans sanat\u0131, Akdeniz ticareti, da\u011flar ile vadiler,volkanik felaketler, salg\u0131n hastal\u0131klar, sava\u015flar, Fa\u015fizm, Mafya, siyasal istikrars\u0131zl\u0131k gibi ba\u015fl\u0131klarla kar\u015f\u0131la\u015f\u0131r\u0131z.Bu\u0308tu\u0308n bu konular aras\u0131ndaki ba\u011flant\u0131lar\u0131 a\u00e7\u0131klamak \u00f6nemlidir. Siyasal birli\u011fin ge\u00e7 sa\u011flanmas\u0131, kent ilericili\u011fi ilek\u0131r ba\u011fnazl\u0131\u011f\u0131, kentlerin a\u015f\u0131r\u0131 geli\u015fip salg\u0131n hastal\u0131klara davetiye \u00e7\u0131karmas\u0131 gibi tarihsel \u00f6zellikler \u0130talya\u2019n\u0131n da\u011fl\u0131kco\u011frafyas\u0131yla ili\u015fkilidir\u2026Volkanik felaketler dinsel aray\u0131\u015flar\u0131n gu\u0308\u00e7lenmesinde etkili olmu\u015f, Katolikli\u011fin siyasal bir nitelik kazanmas\u0131nazemin haz\u0131rlam\u0131\u015ft\u0131r&#8230; K\u0131sa \u0130talya Tarihi bu ba\u011flant\u0131lar\u0131 kurmay\u0131 ba\u015far\u0131yor, \u0130talya\u2019y\u0131 anlamak ya da g\u00f6rmekisteyenlere mu\u0308kemmel hareket ve var\u0131\u015f noktalar\u0131 \u00f6neriyor.<\/p>\n","protected":false},"excerpt":{"rendered":"<p>\u0130talya tarihine bakt\u0131\u011f\u0131m\u0131zda Eski Roma, H\u0131ristiyanl\u0131k, R\u00f6nesans sanat\u0131, Akdeniz ticareti, da\u011flar ile vadiler,volkanik felaketler, salg\u0131n hastal\u0131klar, sava\u015flar, Fa\u015fizm, Mafya, siyasal istikrars\u0131zl\u0131k gibi ba\u015fl\u0131klarla kar\u015f\u0131la\u015f\u0131r\u0131z.Bu\u0308tu\u0308n bu konular<span class=\"excerpt-hellip\"> [\u2026]<\/span><\/p>\n","protected":false},"featured_media":0,"template":"","meta":{"_monsterinsights_skip_tracking":false,"_monsterinsights_sitenote_active":false,"_monsterinsights_sitenote_note":"","_monsterinsights_sitenote_category":0},"product_brand":[],"product_cat":[12304],"product_tag":[],"class_list":{"0":"post-725607","1":"product","2":"type-product","3":"status-publish","5":"product_cat-tarih","6":"pa_cilt-ciltsiz","7":"pa_tur-kitap","8":"pa_yayinevi-say-yayinlari","9":"pa_yazar-jeremy-black","11":"first","12":"instock","13":"sale","14":"shipping-taxable","15":"purchasable","16":"product-type-simple"},"_links":{"self":[{"href":"https:\/\/roveyayinevi.com.tr\/index.php\/wp-json\/wp\/v2\/product\/725607","targetHints":{"allow":["GET"]}}],"collection":[{"href":"https:\/\/roveyayinevi.com.tr\/index.php\/wp-json\/wp\/v2\/product"}],"about":[{"href":"https:\/\/roveyayinevi.com.tr\/index.php\/wp-json\/wp\/v2\/types\/product"}],"wp:attachment":[{"href":"https:\/\/roveyayinevi.com.tr\/index.php\/wp-json\/wp\/v2\/media?parent=725607"}],"wp:term":[{"taxonomy":"product_brand","embeddable":true,"href":"https:\/\/roveyayinevi.com.tr\/index.php\/wp-json\/wp\/v2\/product_brand?post=725607"},{"taxonomy":"product_cat","embeddable":true,"href":"https:\/\/roveyayinevi.com.tr\/index.php\/wp-json\/wp\/v2\/product_cat?post=725607"},{"taxonomy":"product_tag","embeddable":true,"href":"https:\/\/roveyayinevi.com.tr\/index.php\/wp-json\/wp\/v2\/product_tag?post=725607"}],"curies":[{"name":"wp","href":"https:\/\/api.w.org\/{rel}","templated":true}]}}